{"id":931,"date":"2019-11-22T20:39:14","date_gmt":"2019-11-22T19:39:14","guid":{"rendered":"https:\/\/bsmedien.musin.de\/medienberufe\/?page_id=931"},"modified":"2025-09-17T17:11:07","modified_gmt":"2025-09-17T15:11:07","slug":"spanisch","status":"publish","type":"page","link":"https:\/\/bsmedien.musin.de\/medienberufe\/kurse\/spanisch\/","title":{"rendered":"Spanisch"},"content":{"rendered":"<p>[et_pb_section fb_built=&#8220;1&#8243; _builder_version=&#8220;4.16&#8243; custom_padding=&#8220;18px||||false|false&#8220; global_colors_info=&#8220;{}&#8220;][et_pb_row column_structure=&#8220;3_5,2_5&#8243; _builder_version=&#8220;4.16&#8243; custom_padding=&#8220;20px||||false|false&#8220; global_colors_info=&#8220;{}&#8220;][et_pb_column type=&#8220;3_5&#8243; _builder_version=&#8220;4.16&#8243; global_colors_info=&#8220;{}&#8220;][et_pb_text _builder_version=&#8220;4.16&#8243; global_colors_info=&#8220;{}&#8220;]<\/p>\n<h3>Spanisch<\/h3>\n<p>Hablamos Espa\u00f1ol<\/p>\n<p><strong>Voraussetzungen:<\/strong><br \/>Freude und Mut, um auch mit anfangs geringen Kenntnissen Spanisch zu sprechen. Interesse an der spanischen Kultur.<\/p>\n<p><strong>Lernzielkontrolle:<\/strong><br \/>1 Schulaufgabe<br \/>1 Extemporale<br \/>1 m\u00fcndliche Note<\/p>\n<p><strong>Kurzbeschreibung:<\/strong><br \/>M\u00f6chten Sie sich in Alltagssituationen erfolgreich auf Spanisch verst\u00e4ndigen k\u00f6nnen?<br \/>In diesem Kurs wird der Schwerpunkt auf das Sprechen und Anwenden der Sprache gelegt.<br \/>Ebenso werden Sie Einblick in die spanische Kultur erhalten. Dazu z\u00e4hlen der Alltag, Essen u. Trinken, sowie die Gepflogenheiten.<\/p>\n<p><strong>Lerninhalte:<\/strong><br \/>Die behandelten Themen beziehen sich auf Alltagssituationen, wie z.B.<\/p>\n<ul>\n<li>mit Anderen in Kontakt treten<\/li>\n<li>pers\u00f6nliche Angaben machen und von Anderen erfragen<\/li>\n<li>Beruf und Alltag<\/li>\n<li>Einkaufen und Essen gehen<\/li>\n<li>sich in der Stadt zurecht finden<\/li>\n<li>\u00fcber Pl\u00e4ne und Vorhaben sprechen<\/li>\n<li>Vergangenes erz\u00e4hlen<\/li>\n<\/ul>\n<p>Dabei werden Wortschatz, typische Redewendungen und Grammatikinhalte erkl\u00e4rt und ge\u00fcbt.<\/p>\n<p>Von Anfang an liegt der Schwerpunkt auf Dialogen, da vor allem die m\u00fcndliche Sprachbeherrschung trainiert werden soll.<\/p>\n<p>&nbsp;<\/p>\n<p>[\/et_pb_text][\/et_pb_column][et_pb_column type=&#8220;2_5&#8243; _builder_version=&#8220;4.16&#8243; global_colors_info=&#8220;{}&#8220;][et_pb_text _builder_version=&#8220;4.18.0&#8243; global_colors_info=&#8220;{}&#8220;]<\/p>\n<p><strong>Kurs\u00fcbersicht<\/strong><a href=\"https:\/\/bsmedien.musin.de\/medienberufe\/kurse\/analyse-von-werbemitteln\/\"><\/a><\/p>\n<p>&nbsp;<\/p>\n<p><a href=\"https:\/\/bsmedien.musin.de\/medienberufe\/kurse\/analyse-von-werbemitteln\/\">Analyse von Werbemitteln *<\/a><br \/><a href=\"https:\/\/bsmedien.musin.de\/medienberufe\/kurse\/brandmanagement\">Brandmanagement *<\/a><br \/><a href=\"https:\/\/bsmedien.musin.de\/medienberufe\/kurse\/content-marketing\/\">Content Marketing *<\/a><br \/><a href=\"https:\/\/bsmedien.musin.de\/medienberufe\/kurse\/desktop-publishing-mit-indesign\/\">Desktop-Publishing mit InDesign<\/a><br \/><a href=\"https:\/\/bsmedien.musin.de\/medienberufe\/kurse\/digitale-bildbearbeitung-fuer-anfaenger\/\">Digitale Bildbearbeitung f\u00fcr Anf\u00e4nger<\/a><br \/><a href=\"https:\/\/bsmedien.musin.de\/medienberufe\/kurse\/digitale-fotografie\/\">Digitale Fotografie<\/a><br \/><a href=\"https:\/\/bsmedien.musin.de\/medienberufe\/kurse\/english-skills-practice\/\">English Skills Practice<\/a><br \/><a href=\"https:\/\/bsmedien.musin.de\/medienberufe\/kurse\/entspannungstechniken\/\">Entspannungstechniken<\/a><br \/><a href=\"https:\/\/bsmedien.musin.de\/medienberufe\/kurse\/existenzgruendung-business-plan\/\">Existenzgr\u00fcndung \/ Businessplan<\/a><br \/><a href=\"https:\/\/bsmedien.musin.de\/medienberufe\/kurse\/eventmanagement\/\">Eventmanagement<\/a><br \/><a href=\"https:\/\/bsmedien.musin.de\/medienberufe\/kurse\/influencermarketing\/\">Influencermarketing<\/a><br \/><a href=\"https:\/\/bsmedien.musin.de\/medienberufe\/?page_id=2711&amp;preview=true\">Interkulturelle Kommunikation*<\/a><br \/><a href=\"https:\/\/bsmedien.musin.de\/medienberufe\/kurse\/internationale-literatur-1\/\">Internationale Literatur 1 *<\/a><br \/><a href=\"https:\/\/bsmedien.musin.de\/medienberufe\/kurse\/internationale-literatur-2\/\">Internationale Literatur 2 *<\/a><br \/><a href=\"https:\/\/bsmedien.musin.de\/medienberufe\/kurse\/klima-management-communication\/\">Klima: Management &amp; Communication*<\/a><br \/><a href=\"https:\/\/bsmedien.musin.de\/medienberufe\/kurse\/kommunikationskompetenz\/\"><\/a><a href=\"https:\/\/bsmedien.musin.de\/medienberufe\/kurse\/kommunikationskompetenz\/\">Kommunikationskompetenz *<\/a><br \/><a href=\"https:\/\/bsmedien.musin.de\/medienberufe\/kurse\/kreativitaetstechniken\/\">Kreativit\u00e4tstechniken *<\/a><br \/><a href=\"https:\/\/bsmedien.musin.de\/medienberufe\/kurse\/literatur-1\/\">Literatur 1 *<\/a><br \/><a href=\"https:\/\/bsmedien.musin.de\/medienberufe\/kurse\/literatur-fuer-bibliothekare-2\/\">Literatur 2 *<\/a><br \/><a href=\"https:\/\/bsmedien.musin.de\/medienberufe\/kurse\/literatur-fuer-bibliothekare-3\/\">Literatur 3 *<\/a><br \/><a href=\"https:\/\/bsmedien.musin.de\/medienberufe\/kurse\/medienethik\/\">Medienethik<\/a><br \/><a href=\"https:\/\/bsmedien.musin.de\/medienberufe\/kurse\/projekt-promis-glauben\/\">Projektmanagement &#8211; Projekt PromisGlauben<\/a><br \/><a href=\"https:\/\/bsmedien.musin.de\/medienberufe\/kurse\/musikgeschichte\/\">Musikgeschichte *<\/a><br \/><a href=\"https:\/\/bsmedien.musin.de\/medienberufe\/kurse\/religion\/\">Religion<\/a><br \/><a href=\"https:\/\/bsmedien.musin.de\/medienberufe\/kurse\/rhetoriktraining\/\">Rhetoriktraining *<\/a><br \/><a href=\"https:\/\/bsmedien.musin.de\/medienberufe\/kurse\/social-media-marketing\/\">Social Media Marketing<\/a><br \/><a href=\"https:\/\/bsmedien.musin.de\/medienberufe\/kurse\/spanisch\/\">Spanisch<\/a><br \/><a href=\"https:\/\/bsmedien.musin.de\/medienberufe\/kurse\/stressmanagement\/\">Stressmanagement *<\/a><br \/><a href=\"https:\/\/bsmedien.musin.de\/medienberufe\/kurse\/art-of-museum\/\">The Art of Museum<\/a><br \/><a href=\"https:\/\/bsmedien.musin.de\/medienberufe\/kurse\/werbepsychologie\/\">Werbepsychologie<\/a><\/p>\n<p><a href=\"https:\/\/bsmedien.musin.de\/medienberufe\/kurse\/werbepsychologie\/\"><\/a><o:p><\/o:p><\/p>\n<p><a href=\"https:\/\/bsmedien.musin.de\/medienberufe\/kurse\/werbepsychologie\/\"><\/a><\/p>\n<p>*deutschrelevant<\/p>\n<p>[\/et_pb_text][\/et_pb_column][\/et_pb_row][\/et_pb_section]<\/p>\n","protected":false},"excerpt":{"rendered":"<p>Spanisch Hablamos Espa\u00f1ol Voraussetzungen:Freude und Mut, um auch mit anfangs geringen Kenntnissen Spanisch zu sprechen. Interesse an der spanischen Kultur. Lernzielkontrolle:1 Schulaufgabe1 Extemporale1 m\u00fcndliche Note Kurzbeschreibung:M\u00f6chten Sie sich in Alltagssituationen erfolgreich auf Spanisch verst\u00e4ndigen k\u00f6nnen?In diesem Kurs wird der Schwerpunkt auf das Sprechen und Anwenden der Sprache gelegt.Ebenso werden Sie Einblick in die spanische Kultur [&hellip;]<\/p>\n","protected":false},"author":1,"featured_media":0,"parent":131,"menu_order":0,"comment_status":"closed","ping_status":"closed","template":"","meta":{"_et_pb_use_builder":"on","_et_pb_old_content":"","_et_gb_content_width":"","footnotes":""},"class_list":["post-931","page","type-page","status-publish","hentry"],"_links":{"self":[{"href":"https:\/\/bsmedien.musin.de\/medienberufe\/wp-json\/wp\/v2\/pages\/931","targetHints":{"allow":["GET"]}}],"collection":[{"href":"https:\/\/bsmedien.musin.de\/medienberufe\/wp-json\/wp\/v2\/pages"}],"about":[{"href":"https:\/\/bsmedien.musin.de\/medienberufe\/wp-json\/wp\/v2\/types\/page"}],"author":[{"embeddable":true,"href":"https:\/\/bsmedien.musin.de\/medienberufe\/wp-json\/wp\/v2\/users\/1"}],"replies":[{"embeddable":true,"href":"https:\/\/bsmedien.musin.de\/medienberufe\/wp-json\/wp\/v2\/comments?post=931"}],"version-history":[{"count":15,"href":"https:\/\/bsmedien.musin.de\/medienberufe\/wp-json\/wp\/v2\/pages\/931\/revisions"}],"predecessor-version":[{"id":3352,"href":"https:\/\/bsmedien.musin.de\/medienberufe\/wp-json\/wp\/v2\/pages\/931\/revisions\/3352"}],"up":[{"embeddable":true,"href":"https:\/\/bsmedien.musin.de\/medienberufe\/wp-json\/wp\/v2\/pages\/131"}],"wp:attachment":[{"href":"https:\/\/bsmedien.musin.de\/medienberufe\/wp-json\/wp\/v2\/media?parent=931"}],"curies":[{"name":"wp","href":"https:\/\/api.w.org\/{rel}","templated":true}]}}