{"id":87,"date":"2019-10-04T13:45:57","date_gmt":"2019-10-04T11:45:57","guid":{"rendered":"https:\/\/bsmedien.musin.de\/medienberufe\/?page_id=87"},"modified":"2026-01-23T12:41:13","modified_gmt":"2026-01-23T11:41:13","slug":"rat_und_hilfe","status":"publish","type":"page","link":"https:\/\/bsmedien.musin.de\/medienberufe\/rat_und_hilfe\/","title":{"rendered":"Rat und Hilfe"},"content":{"rendered":"<p>[et_pb_section fb_built=&#8220;1&#8243; _builder_version=&#8220;4.16&#8243; custom_padding=&#8220;10px||||false|false&#8220; global_colors_info=&#8220;{}&#8220;][et_pb_row column_structure=&#8220;1_2,1_2&#8243; _builder_version=&#8220;4.27.0&#8243; custom_padding=&#8220;||10px||false|false&#8220; global_colors_info=&#8220;{}&#8220;][et_pb_column type=&#8220;1_2&#8243; _builder_version=&#8220;4.16&#8243; global_colors_info=&#8220;{}&#8220;][et_pb_text _builder_version=&#8220;4.27.4&#8243; global_colors_info=&#8220;{}&#8220;]<\/p>\n<h2>Rat und Hilfe<\/h2>\n<p>[\/et_pb_text][\/et_pb_column][et_pb_column type=&#8220;1_2&#8243; _builder_version=&#8220;4.27.0&#8243; _module_preset=&#8220;default&#8220; global_colors_info=&#8220;{}&#8220;][et_pb_text _builder_version=&#8220;4.27.5&#8243; _module_preset=&#8220;default&#8220; hover_enabled=&#8220;0&#8243; global_colors_info=&#8220;{}&#8220; sticky_enabled=&#8220;0&#8243;]<\/p>\n<h3><a href=\"https:\/\/bsmedien.musin.de\/medienberufe\/notfalladressen\/\"><strong>Notfalladressen<\/strong><\/a><\/h3>\n<p><strong>In akuten Krisen finden Sie bei den <a href=\"https:\/\/bsmedien.musin.de\/medienberufe\/notfalladressen\/\" target=\"_blank\" rel=\"noopener\">hier verlinkten Adressen<\/a> Hilfe auch au\u00dferhalb der Schulzeiten.<\/strong><\/p>\n<p><strong>Weitere Beratungsangebote vielf\u00e4ltiger Art findet man auf der <a href=\"https:\/\/www.pi-muenchen.de\/profil\/wir-ueber-uns\/fachbereiche\/fachbereich-fachdienste\/bereich-zentraler-schulpsychologischer-dienst\/ausserschulische-hilfsangebote-depression-angst-und-andere-psychische-erkrankungen\/\" target=\"_blank\" rel=\"noopener\">Seite des P\u00e4dagogischen Instituts<\/a>.<\/strong><\/p>\n<p>[\/et_pb_text][\/et_pb_column][\/et_pb_row][et_pb_row column_structure=&#8220;2_5,3_5&#8243; _builder_version=&#8220;4.27.4&#8243; global_colors_info=&#8220;{}&#8220;][et_pb_column type=&#8220;2_5&#8243; _builder_version=&#8220;4.16&#8243; global_colors_info=&#8220;{}&#8220;][\/et_pb_column][et_pb_column type=&#8220;3_5&#8243; _builder_version=&#8220;4.16&#8243; global_colors_info=&#8220;{}&#8220;][et_pb_text _builder_version=&#8220;4.27.4&#8243; global_colors_info=&#8220;{}&#8220; custom_padding=&#8220;||0px|||&#8220; custom_margin=&#8220;||2px|||&#8220;]<\/p>\n<h4>Schul- und Bildungsberatung<\/h4>\n<p><strong>F\u00fcr die Beratung bei:<\/strong><\/p>\n<ul>\n<li>Problemen im Betrieb<\/li>\n<li>Vorzeitiger Zulassung zur Pr\u00fcfung bzw. zur Lehrzeitverk\u00fcrzung<\/li>\n<li>Lern- und Leistungsschwierigkeiten<\/li>\n<li>Fragen zur schulischen bzw. beruflichen Weiterbildung<\/li>\n<li>Privaten Problemen (z.B. finanziellen Problemen, Essst\u00f6rungen, Drogen, &#8230;)<\/li>\n<\/ul>\n<p>steht Ihnen<\/p>\n<p><span style=\"color: #565656;\"><a href=\"https:\/\/bsmedien.musin.de\/medienberufe\/menschen\/birgit-vogler\/\" style=\"color: #565656;\"><strong>Rebecca Metz<\/strong><\/a><\/span><\/p>\n<p>zur Verf\u00fcgung.<\/p>\n<p>Telefon: 089 233-85525<\/p>\n<p><a href=\"mailto:birgit.vogler@bsmedien.muenchen.musin.de\">rebecca.metz@bsmedien.muenchen.musin.de<\/a>\u00a0\u00a0<\/p>\n<p>[\/et_pb_text][\/et_pb_column][\/et_pb_row][et_pb_row column_structure=&#8220;2_5,3_5&#8243; _builder_version=&#8220;4.16&#8243; global_colors_info=&#8220;{}&#8220;][et_pb_column type=&#8220;2_5&#8243; _builder_version=&#8220;4.16&#8243; global_colors_info=&#8220;{}&#8220;][\/et_pb_column][et_pb_column type=&#8220;3_5&#8243; _builder_version=&#8220;4.16&#8243; global_colors_info=&#8220;{}&#8220;][et_pb_text _builder_version=&#8220;4.19.5&#8243; global_colors_info=&#8220;{}&#8220;]<\/p>\n<h4>M\u00e4dchen-\/Frauenbeauftragte<\/h4>\n<p><strong>Eva Fechter<\/strong><\/p>\n<p>Telefon: 089\u00a0 233-85618<br \/><a href=\"mailto:eva.fechter@bsmedien.muenchen.musin.de\">e.fechter@bsmedien.muenchen.musin.de<\/a><br \/>Raum: 4.1.07 in der Filiale<br \/>Beratungszeiten: nach Vereinbarung<br \/>Als M\u00e4dchen-\/Frauenbeauftragte unterliege ich der Schweigepflicht.<\/p>\n<p>Gerne helfe und unterst\u00fctze ich Dich&#8230;<\/p>\n<ul>\n<li>zum Thema Gleichberechtigung<\/li>\n<li>in Krisenf\u00e4llen, wie bspw. Gewalterfahrung<\/li>\n<li>wenn Essen dein Leben bestimmt<\/li>\n<li>bei allen anderen Fragen beruflich wie privat<\/li>\n<\/ul>\n<p>[\/et_pb_text][\/et_pb_column][\/et_pb_row][et_pb_row column_structure=&#8220;2_5,3_5&#8243; _builder_version=&#8220;4.21.0&#8243; global_colors_info=&#8220;{}&#8220;][et_pb_column type=&#8220;2_5&#8243; _builder_version=&#8220;4.16&#8243; global_colors_info=&#8220;{}&#8220;][\/et_pb_column][et_pb_column type=&#8220;3_5&#8243; _builder_version=&#8220;4.16&#8243; global_colors_info=&#8220;{}&#8220;][et_pb_text _builder_version=&#8220;4.27.4&#8243; global_colors_info=&#8220;{}&#8220;]<\/p>\n<h4>Beauftragte f\u00fcr Familien und Sexualerziehung<\/h4>\n<p><strong>Nina Matthes und Carolin Grunwald-Seliger<\/strong><\/p>\n<p>Telefon: 089 233-85618<\/p>\n<p><a href=\"mailto:w.baur@bsmedien.muenchen.musin.de\">nina.matthes@bsmedien.muenchen.musin.de\u00a0 \u00a0 c.grunwaldseliger@bsmedien.muenchen.musin.de<\/a><br \/>Raum: 4.1.07 in der Filiale<\/p>\n<p>Termine nach individueller Vereinbarung per E-Mail<\/p>\n<p>Wir sind Eure Ansprechpartnerinnen bei:<\/p>\n<ul>\n<li>Problemen in der eigenen Familie (Auseinandersetzungen mit den Eltern \u2026)<\/li>\n<li>Schwanger in der Ausbildung<\/li>\n<li>Benachteiligungen auf Grund deines Geschlechts<\/li>\n<li>Fragen zur Sexualit\u00e4t oder Familienplanung<\/li>\n<li>Hilfe bei der Suche der eignen Geschlechterrolle und\/oder Geschlechtsidentit\u00e4t<\/li>\n<li>Auseinandersetzung mit der eigenen Geschlechtszugeh\u00f6rigkeit\/<br \/>sexuellen Orientierung<\/li>\n<li>Probleme mit der sexuellen Selbstbestimmung<\/li>\n<li>Hilfe (zur Pr\u00e4vention) bei sexueller Gewalt<\/li>\n<li>Probleme mit dem\/der PartnerIn<\/li>\n<\/ul>\n<p>[\/et_pb_text][\/et_pb_column][\/et_pb_row][et_pb_row column_structure=&#8220;2_5,3_5&#8243; _builder_version=&#8220;4.16&#8243; global_colors_info=&#8220;{}&#8220;][et_pb_column type=&#8220;2_5&#8243; _builder_version=&#8220;4.16&#8243; global_colors_info=&#8220;{}&#8220;][\/et_pb_column][et_pb_column type=&#8220;3_5&#8243; _builder_version=&#8220;4.16&#8243; global_colors_info=&#8220;{}&#8220;][et_pb_text _builder_version=&#8220;4.16&#8243; global_colors_info=&#8220;{}&#8220;]<\/p>\n<h4>Schulpsychologin<\/h4>\n<p><strong>Dr. Nicole Riemer-Trepohl<\/strong><\/p>\n<p>Telefon: 01520\/9358865<br \/><a href=\"mailto:Nicole.Riemertrepohl@muenchen.de\">Nicole.Riemertrepohl@muenchen.de<\/a><br \/>Raum: 3.2.19 in Haus 3 im BSZ Riesstra\u00dfe<br \/>Beratungszeiten: donnerstags nach Vereinbarung<\/p>\n<p>Gerne helfe und unterst\u00fctze ich Dich:<\/p>\n<ul>\n<li>Psychologische Beratung<\/li>\n<li>Legasthenie, Dyskalkulie, &#8230;<\/li>\n<li>Umgang mit Pr\u00fcfungsangst<\/li>\n<li>&#8230;\u00a0<\/li>\n<\/ul>\n<p>[\/et_pb_text][\/et_pb_column][\/et_pb_row][et_pb_row column_structure=&#8220;2_5,3_5&#8243; _builder_version=&#8220;4.16&#8243; global_colors_info=&#8220;{}&#8220;][et_pb_column type=&#8220;2_5&#8243; _builder_version=&#8220;4.16&#8243; global_colors_info=&#8220;{}&#8220;][\/et_pb_column][et_pb_column type=&#8220;3_5&#8243; _builder_version=&#8220;4.16&#8243; global_colors_info=&#8220;{}&#8220;][et_pb_text _builder_version=&#8220;4.16&#8243; global_colors_info=&#8220;{}&#8220;]<\/p>\n<h4>Verbindungslehrer<\/h4>\n<p><strong>Maximilian Volkart<br \/><\/strong><\/p>\n<p>Telefon: 089 233-85524<br \/><a href=\"mailto:maximilian.volkart@bsmedien.muenchen.musin.de\">maximilian.volkart@bsmedien.muenchen.musin.de<\/a><br \/>Raum: 5.1.26 im Stammgeb\u00e4ude<br \/>Beratungszeiten: nach Vereinbarung<\/p>\n<p>Hilfe und Unterst\u00fctzung biete ich an:<\/p>\n<ul>\n<li>bei Problemen zwischen Sch\u00fclerinnen\/Sch\u00fclern und Lehrkr\u00e4ften<\/li>\n<li>bei der SMV-Arbeit an unserer Schule<\/li>\n<\/ul>\n<p>Bei auftretenden Problemen m\u00f6chte ich Ihnen\/Euch vermittelnd zur Seite stehen und versuchen, eine<br \/>f\u00fcr alle akzeptable L\u00f6sung zu finden.<\/p>\n<p>[\/et_pb_text][\/et_pb_column][\/et_pb_row][et_pb_row column_structure=&#8220;2_5,3_5&#8243; _builder_version=&#8220;4.16&#8243; global_colors_info=&#8220;{}&#8220;][et_pb_column type=&#8220;2_5&#8243; _builder_version=&#8220;4.16&#8243; global_colors_info=&#8220;{}&#8220;][\/et_pb_column][et_pb_column type=&#8220;3_5&#8243; _builder_version=&#8220;4.16&#8243; global_colors_info=&#8220;{}&#8220;][et_pb_text _builder_version=&#8220;4.19.0&#8243; global_colors_info=&#8220;{}&#8220;]<\/p>\n<h4>Beauftragter f\u00fcr Jungen\/junge M\u00e4nner<\/h4>\n<p><strong>Gerhard Mayer-Hartlieb<br \/><\/strong><\/p>\n<p>Telefon: 089 233-85524<br \/><a href=\"mailto:g.mayerhartlieb@bsmedien.muenchen.musin.de\">g.mayerhartlieb@bsmedien.muenchen.musin.de<\/a><br \/>Raum: 5.1.26 im Stammgeb\u00e4ude<br \/>Beratungszeiten: nach Vereinbarung<\/p>\n<p>Hilfe und Unterst\u00fctzung bitte ich an bei:<\/p>\n<ul>\n<li>Umgang mit der Rolle als Mann<\/li>\n<li>Umgang mit Klischees und Vorurteilen<\/li>\n<li>Identit\u00e4tsfragen<\/li>\n<li>Selbstbehauptung in Gruppen<\/li>\n<\/ul>\n<p>[\/et_pb_text][\/et_pb_column][\/et_pb_row][et_pb_row column_structure=&#8220;2_5,3_5&#8243; _builder_version=&#8220;4.16&#8243; global_colors_info=&#8220;{}&#8220;][et_pb_column type=&#8220;2_5&#8243; _builder_version=&#8220;4.16&#8243; global_colors_info=&#8220;{}&#8220;][\/et_pb_column][et_pb_column type=&#8220;3_5&#8243; _builder_version=&#8220;4.16&#8243; global_colors_info=&#8220;{}&#8220;][et_pb_text _builder_version=&#8220;4.27.4&#8243; global_colors_info=&#8220;{}&#8220;]<\/p>\n<h4>Beauftragter f\u00fcr Suchtpr\u00e4vention<\/h4>\n<p><strong>Ulrich Hergert<\/strong><\/p>\n<p>Telefon: 089 233-85524<br \/><a href=\"mailto:g.mayerhartlieb@bsmedien.muenchen.musin.de\">ulrich.hergert@bsmedien.muenchen.musin.de<\/a><br \/>Raum: 5.1.26 im Stammgeb\u00e4ude<br \/>Beratungszeiten: nach Vereinbarung<\/p>\n<p>Hilfe und Unterst\u00fctzung bitte ich an bei:<\/p>\n<ul>\n<li>Problemen im Umgang mit legalen und illegalen Drogen<\/li>\n<li>Problemen mit Gl\u00fcckspiel- und Onlinesucht<\/li>\n<\/ul>\n<p>[\/et_pb_text][\/et_pb_column][\/et_pb_row][\/et_pb_section]<\/p>\n","protected":false},"excerpt":{"rendered":"<p>Rat und HilfeNotfalladressen In akuten Krisen finden Sie bei den hier verlinkten Adressen Hilfe auch au\u00dferhalb der Schulzeiten. Weitere Beratungsangebote vielf\u00e4ltiger Art findet man auf der Seite des P\u00e4dagogischen Instituts.Schul- und Bildungsberatung F\u00fcr die Beratung bei: Problemen im Betrieb Vorzeitiger Zulassung zur Pr\u00fcfung bzw. zur Lehrzeitverk\u00fcrzung Lern- und Leistungsschwierigkeiten Fragen zur schulischen bzw. beruflichen Weiterbildung [&hellip;]<\/p>\n","protected":false},"author":1,"featured_media":0,"parent":0,"menu_order":0,"comment_status":"closed","ping_status":"closed","template":"","meta":{"_et_pb_use_builder":"on","_et_pb_old_content":"","_et_gb_content_width":"","footnotes":""},"class_list":["post-87","page","type-page","status-publish","hentry"],"_links":{"self":[{"href":"https:\/\/bsmedien.musin.de\/medienberufe\/wp-json\/wp\/v2\/pages\/87","targetHints":{"allow":["GET"]}}],"collection":[{"href":"https:\/\/bsmedien.musin.de\/medienberufe\/wp-json\/wp\/v2\/pages"}],"about":[{"href":"https:\/\/bsmedien.musin.de\/medienberufe\/wp-json\/wp\/v2\/types\/page"}],"author":[{"embeddable":true,"href":"https:\/\/bsmedien.musin.de\/medienberufe\/wp-json\/wp\/v2\/users\/1"}],"replies":[{"embeddable":true,"href":"https:\/\/bsmedien.musin.de\/medienberufe\/wp-json\/wp\/v2\/comments?post=87"}],"version-history":[{"count":46,"href":"https:\/\/bsmedien.musin.de\/medienberufe\/wp-json\/wp\/v2\/pages\/87\/revisions"}],"predecessor-version":[{"id":3414,"href":"https:\/\/bsmedien.musin.de\/medienberufe\/wp-json\/wp\/v2\/pages\/87\/revisions\/3414"}],"wp:attachment":[{"href":"https:\/\/bsmedien.musin.de\/medienberufe\/wp-json\/wp\/v2\/media?parent=87"}],"curies":[{"name":"wp","href":"https:\/\/api.w.org\/{rel}","templated":true}]}}