{"id":869,"date":"2019-11-14T09:10:09","date_gmt":"2019-11-14T08:10:09","guid":{"rendered":"https:\/\/bsmedien.musin.de\/medienberufe\/?page_id=869"},"modified":"2025-09-17T17:05:12","modified_gmt":"2025-09-17T15:05:12","slug":"literatur-fuer-bibliothekare-2","status":"publish","type":"page","link":"https:\/\/bsmedien.musin.de\/medienberufe\/kurse\/literatur-fuer-bibliothekare-2\/","title":{"rendered":"Literatur f\u00fcr Bibliothekare 2"},"content":{"rendered":"<p>[et_pb_section fb_built=&#8220;1&#8243; _builder_version=&#8220;4.16&#8243; custom_padding=&#8220;18px||||false|false&#8220; global_colors_info=&#8220;{}&#8220;][et_pb_row column_structure=&#8220;3_5,2_5&#8243; _builder_version=&#8220;4.16&#8243; custom_padding=&#8220;20px||||false|false&#8220; global_colors_info=&#8220;{}&#8220;][et_pb_column type=&#8220;3_5&#8243; _builder_version=&#8220;4.16&#8243; global_colors_info=&#8220;{}&#8220;][et_pb_text _builder_version=&#8220;4.16&#8243; global_colors_info=&#8220;{}&#8220;]<\/p>\n<h3>Literatur f\u00fcr Bibliothekare 2<\/h3>\n<p><strong>\u00dcberblick \u00fcber die Literatur vom Sturm und Drang (Mitte 18. Jh.) bis zum Impressionismus (Ende 19. Jh.) + <\/strong><strong>Kriminalliteratur<\/strong><br \/>deutschrelevant<\/p>\n<p><strong>Voraussetzungen:<\/strong><br \/>keine<\/p>\n<p><strong>Lernzielkontrolle:<\/strong><br \/>1 Schulaufgabe<br \/>2 m\u00fcndliche Leistungen<\/p>\n<p><strong>Kurzbeschreibung:<\/strong><br \/>Warum weiterlesen?<br \/>\u201eLies\u2019, um weiterzuleben.\u201c<\/p>\n<p><strong>Lerninhalte:<\/strong><br \/>Ein \u00dcberblick \u00fcber die wichtigsten Werke und Autoren der Literaturgeschichte des 19. Jahrhunderts:<\/p>\n<ul>\n<li>Romantik (Europa, USA), Realismus, Naturalismus und Impressionismus in der europ\u00e4ischen Literatur<\/li>\n<li>Kriminalliteratur. Wir lesen eines oder mehrere Werke und besprechen diese etwas ausf\u00fchrliche, au\u00dferdem betrachten wir die verschiedenen Genres der Kriminalliteratur<\/li>\n<\/ul>\n<p>&nbsp;<\/p>\n<p>&nbsp;<\/p>\n<p>[\/et_pb_text][\/et_pb_column][et_pb_column type=&#8220;2_5&#8243; _builder_version=&#8220;4.16&#8243; global_colors_info=&#8220;{}&#8220;][et_pb_text _builder_version=&#8220;4.18.0&#8243; global_colors_info=&#8220;{}&#8220;]<\/p>\n<p><strong>Kurs\u00fcbersicht<\/strong><a href=\"https:\/\/bsmedien.musin.de\/medienberufe\/kurse\/analyse-von-werbemitteln\/\"><\/a><\/p>\n<p>&nbsp;<\/p>\n<p><a href=\"https:\/\/bsmedien.musin.de\/medienberufe\/kurse\/analyse-von-werbemitteln\/\">Analyse von Werbemitteln *<\/a><br \/><a href=\"https:\/\/bsmedien.musin.de\/medienberufe\/kurse\/brandmanagement\">Brandmanagement *<\/a><br \/><a href=\"https:\/\/bsmedien.musin.de\/medienberufe\/kurse\/content-marketing\/\">Content Marketing *<\/a><br \/><a href=\"https:\/\/bsmedien.musin.de\/medienberufe\/kurse\/desktop-publishing-mit-indesign\/\">Desktop-Publishing mit InDesign<\/a><br \/><a href=\"https:\/\/bsmedien.musin.de\/medienberufe\/kurse\/digitale-bildbearbeitung-fuer-anfaenger\/\">Digitale Bildbearbeitung f\u00fcr Anf\u00e4nger<\/a><br \/><a href=\"https:\/\/bsmedien.musin.de\/medienberufe\/kurse\/digitale-fotografie\/\">Digitale Fotografie<\/a><br \/><a href=\"https:\/\/bsmedien.musin.de\/medienberufe\/kurse\/english-skills-practice\/\">English Skills Practice<\/a><br \/><a href=\"https:\/\/bsmedien.musin.de\/medienberufe\/kurse\/entspannungstechniken\/\">Entspannungstechniken<\/a><br \/><a href=\"https:\/\/bsmedien.musin.de\/medienberufe\/kurse\/existenzgruendung-business-plan\/\">Existenzgr\u00fcndung \/ Businessplan<\/a><br \/><a href=\"https:\/\/bsmedien.musin.de\/medienberufe\/kurse\/eventmanagement\/\">Eventmanagement<\/a><br \/><a href=\"https:\/\/bsmedien.musin.de\/medienberufe\/kurse\/influencermarketing\/\">Influencermarketing<\/a><br \/><a href=\"https:\/\/bsmedien.musin.de\/medienberufe\/?page_id=2711&amp;preview=true\">Interkulturelle Kommunikation*<\/a><br \/><a href=\"https:\/\/bsmedien.musin.de\/medienberufe\/kurse\/internationale-literatur-1\/\">Internationale Literatur 1 *<\/a><br \/><a href=\"https:\/\/bsmedien.musin.de\/medienberufe\/kurse\/internationale-literatur-2\/\">Internationale Literatur 2 *<\/a><br \/><a href=\"https:\/\/bsmedien.musin.de\/medienberufe\/kurse\/klima-management-communication\/\">Klima: Management &amp; Communication*<\/a><br \/><a href=\"https:\/\/bsmedien.musin.de\/medienberufe\/kurse\/kommunikationskompetenz\/\"><\/a><a href=\"https:\/\/bsmedien.musin.de\/medienberufe\/kurse\/kommunikationskompetenz\/\">Kommunikationskompetenz *<\/a><br \/><a href=\"https:\/\/bsmedien.musin.de\/medienberufe\/kurse\/kreativitaetstechniken\/\">Kreativit\u00e4tstechniken *<\/a><br \/><a href=\"https:\/\/bsmedien.musin.de\/medienberufe\/kurse\/literatur-1\/\">Literatur 1 *<\/a><br \/><a href=\"https:\/\/bsmedien.musin.de\/medienberufe\/kurse\/literatur-fuer-bibliothekare-2\/\">Literatur 2 *<\/a><br \/><a href=\"https:\/\/bsmedien.musin.de\/medienberufe\/kurse\/literatur-fuer-bibliothekare-3\/\">Literatur 3 *<\/a><br \/><a href=\"https:\/\/bsmedien.musin.de\/medienberufe\/kurse\/medienethik\/\">Medienethik<\/a><br \/><a href=\"https:\/\/bsmedien.musin.de\/medienberufe\/kurse\/projekt-promis-glauben\/\">Projektmanagement &#8211; Projekt PromisGlauben<\/a><br \/><a href=\"https:\/\/bsmedien.musin.de\/medienberufe\/kurse\/musikgeschichte\/\">Musikgeschichte *<\/a><br \/><a href=\"https:\/\/bsmedien.musin.de\/medienberufe\/kurse\/religion\/\">Religion<\/a><br \/><a href=\"https:\/\/bsmedien.musin.de\/medienberufe\/kurse\/rhetoriktraining\/\">Rhetoriktraining *<\/a><br \/><a href=\"https:\/\/bsmedien.musin.de\/medienberufe\/kurse\/social-media-marketing\/\">Social Media Marketing<\/a><br \/><a href=\"https:\/\/bsmedien.musin.de\/medienberufe\/kurse\/spanisch\/\">Spanisch<\/a><br \/><a href=\"https:\/\/bsmedien.musin.de\/medienberufe\/kurse\/stressmanagement\/\">Stressmanagement *<\/a><br \/><a href=\"https:\/\/bsmedien.musin.de\/medienberufe\/kurse\/art-of-museum\/\">The Art of Museum<\/a><br \/><a href=\"https:\/\/bsmedien.musin.de\/medienberufe\/kurse\/werbepsychologie\/\">Werbepsychologie<\/a><\/p>\n<p><a href=\"https:\/\/bsmedien.musin.de\/medienberufe\/kurse\/werbepsychologie\/\"><\/a><o:p><\/o:p><\/p>\n<p><a href=\"https:\/\/bsmedien.musin.de\/medienberufe\/kurse\/werbepsychologie\/\"><\/a><\/p>\n<p>*deutschrelevant<\/p>\n<p>[\/et_pb_text][\/et_pb_column][\/et_pb_row][\/et_pb_section]<\/p>\n","protected":false},"excerpt":{"rendered":"<p>Literatur f\u00fcr Bibliothekare 2 \u00dcberblick \u00fcber die Literatur vom Sturm und Drang (Mitte 18. Jh.) bis zum Impressionismus (Ende 19. Jh.) + Kriminalliteraturdeutschrelevant Voraussetzungen:keine Lernzielkontrolle:1 Schulaufgabe2 m\u00fcndliche Leistungen Kurzbeschreibung:Warum weiterlesen?\u201eLies\u2019, um weiterzuleben.\u201c Lerninhalte:Ein \u00dcberblick \u00fcber die wichtigsten Werke und Autoren der Literaturgeschichte des 19. Jahrhunderts: Romantik (Europa, USA), Realismus, Naturalismus und Impressionismus in der europ\u00e4ischen [&hellip;]<\/p>\n","protected":false},"author":1,"featured_media":0,"parent":131,"menu_order":0,"comment_status":"closed","ping_status":"closed","template":"","meta":{"_et_pb_use_builder":"on","_et_pb_old_content":"","_et_gb_content_width":"","footnotes":""},"class_list":["post-869","page","type-page","status-publish","hentry"],"_links":{"self":[{"href":"https:\/\/bsmedien.musin.de\/medienberufe\/wp-json\/wp\/v2\/pages\/869","targetHints":{"allow":["GET"]}}],"collection":[{"href":"https:\/\/bsmedien.musin.de\/medienberufe\/wp-json\/wp\/v2\/pages"}],"about":[{"href":"https:\/\/bsmedien.musin.de\/medienberufe\/wp-json\/wp\/v2\/types\/page"}],"author":[{"embeddable":true,"href":"https:\/\/bsmedien.musin.de\/medienberufe\/wp-json\/wp\/v2\/users\/1"}],"replies":[{"embeddable":true,"href":"https:\/\/bsmedien.musin.de\/medienberufe\/wp-json\/wp\/v2\/comments?post=869"}],"version-history":[{"count":15,"href":"https:\/\/bsmedien.musin.de\/medienberufe\/wp-json\/wp\/v2\/pages\/869\/revisions"}],"predecessor-version":[{"id":3344,"href":"https:\/\/bsmedien.musin.de\/medienberufe\/wp-json\/wp\/v2\/pages\/869\/revisions\/3344"}],"up":[{"embeddable":true,"href":"https:\/\/bsmedien.musin.de\/medienberufe\/wp-json\/wp\/v2\/pages\/131"}],"wp:attachment":[{"href":"https:\/\/bsmedien.musin.de\/medienberufe\/wp-json\/wp\/v2\/media?parent=869"}],"curies":[{"name":"wp","href":"https:\/\/api.w.org\/{rel}","templated":true}]}}