{"id":57,"date":"2019-10-04T13:09:25","date_gmt":"2019-10-04T11:09:25","guid":{"rendered":"https:\/\/bsmedien.musin.de\/medienberufe\/?page_id=57"},"modified":"2025-09-17T16:37:21","modified_gmt":"2025-09-17T14:37:21","slug":"marketing","status":"publish","type":"page","link":"https:\/\/bsmedien.musin.de\/medienberufe\/berufe\/marketing\/","title":{"rendered":"Kaufmann\/-frau f\u00fcr Marketingkommunikation"},"content":{"rendered":"<p>[et_pb_section fb_built=&#8220;1&#8243; fullwidth=&#8220;on&#8220; _builder_version=&#8220;4.16&#8243; global_colors_info=&#8220;{}&#8220;][et_pb_fullwidth_image src=&#8220;https:\/\/bsmedien.musin.de\/medienberufe\/wp-content\/uploads\/2019\/10\/ausbildung-marketingkommunikation.jpg&#8220; _builder_version=&#8220;4.16&#8243; global_colors_info=&#8220;{}&#8220;][\/et_pb_fullwidth_image][\/et_pb_section][et_pb_section fb_built=&#8220;1&#8243; _builder_version=&#8220;4.16&#8243; custom_padding=&#8220;5px||||false|false&#8220; global_colors_info=&#8220;{}&#8220;][et_pb_row column_structure=&#8220;3_4,1_4&#8243; _builder_version=&#8220;4.16&#8243; global_colors_info=&#8220;{}&#8220;][et_pb_column type=&#8220;3_4&#8243; _builder_version=&#8220;4.16&#8243; global_colors_info=&#8220;{}&#8220;][et_pb_text _builder_version=&#8220;4.16&#8243; global_colors_info=&#8220;{}&#8220;]<\/p>\n<h3><strong>Kaufmann\/-frau f\u00fcr Marketingkommunikation<\/strong><\/h3>\n<p><strong><\/strong><\/p>\n<p>Die Ausbildung zur Kauffrau\/zum Kaufmann f\u00fcr Marketingkommunikation ist eine duale. Das bedeutet, dass Sie in Ihrem Ausbildungsbetrieb (PR- oder Werbeagentur, Kommunikations- oder Marketingabteilung eines Unternehmens oder einer \u00f6ffentlichen Institution o. \u00e4. ) lernen, wie man Kontakte kn\u00fcpft, Kampagnen organisiert, Marktforschung betreibt und viel mehr. Bei uns erfahren Sie all die theoretischen Hintergr\u00fcnde, die Sie ben\u00f6tigen, um diese Arbeiten erfolgreich zu bew\u00e4ltigen, aber auch, wie Sie Kosten kalkulieren und Finanzpl\u00e4ne ausarbeiten.<\/p>\n<p>Sehr wichtig ist uns, Sie auf die IHK-Pr\u00fcfungen gut vorzubereiten.<\/p>\n<p><strong>Unser Unterricht<\/strong><br \/> Der Unterricht umfasst je nach Jahrgangsstufe 10-13 Wochen im Blockunterricht. Neben den allgemeinbildenden F\u00e4chern (Sozialkunde, Englisch, Deutsch, Religion, Sport), steht der Fachunterricht (Betriebswirtschaftliche Prozesse, Gesamtwirtschaftliche Prozesse, Marketingkommunikation und Rechnungswesen) mit 25 Stunden pro Woche im Mittelpunkt. Die w\u00f6chentliche Unterrichtszeit betr\u00e4gt 39 Stunden.<\/p>\n<p>Neben dem Unterricht in Ihrer Klasse haben Sie jedes Schuljahr die M\u00f6glichkeit, zwei Wahlkurse aus einem vielf\u00e4ltigen <a href=\"https:\/\/bsmedien.musin.de\/medienberufe\/kurse\/\">Kursangebot<\/a> zu w\u00e4hlen. Im Angebot sind berufsspezifische Kurse wie z.B. Werbepsychologie, Analyse von Werbemitteln oder auch Brandmanagement. Sie finden aber auch allgemeine Themen wie Entspannungstechniken und sogar Improvisationstheater.<\/p>\n<p>Die <strong>Fachkunde<\/strong> wird in jeder Klasse von einem Team von 2 \u2013 3 Kolleginnen und Kollegen unterrichtet, die den gesamten Unterrichtsstoff seriell unterrichten, d.h. das klassische Fachunterrichtsprinzip wird durch ein Lehrkonzept ersetzt, das die Ganzheitlichkeit der Lerninhalte und Prozesshaftigkeit der Vorg\u00e4nge in den Mittelpunkt stellt.<\/p>\n<p>Bei der Vermittlung der Lerninhalte legen wir besonderen Wert auf sch\u00fclerorientierte Verfahren. Methodenvielfalt, Selbstt\u00e4tigkeit, Teamarbeit, Praxisbezug und Aktualit\u00e4t sind Leitbilder dieses Konzeptes. Fester Bestandteil unseres Unterrichts sind umfangreiche Projekte. In diesem Rahmen entwickeln Sie f\u00fcr (externe) Kunden aus Industrie und Dienstleistung je ein komplexes Marketing- und Kommunikationskonzept und pr\u00e4sentieren ihre Arbeitsergebnisse.<\/p>\n<p>Besonderes Augenmerk legen wir auf die Entwicklung eines guten <strong>sozialen Klimas<\/strong> in den Klassen. Deshalb wird unser Unterrichtsangebot durch regelm\u00e4\u00dfige erlebnisp\u00e4dagogische Ma\u00dfnahmen in und au\u00dferhalb der Schule erg\u00e4nzt<strong>.<\/strong> Damit der Spa\u00df nicht zu kurz kommt, fahren wir gemeinsam einmal im Jahr zum Skifahren. Dar\u00fcber hinaus sind fachbezogene Exkursionen in den Unterrichtsalltag eingebettet.<\/p>\n<p>Sch\u00fclerinnen und Sch\u00fcler von au\u00dferhalb haben unter bestimmten Umst\u00e4nden die M\u00f6glichkeit in einem <a href=\"https:\/\/bsmedien.musin.de\/medienberufe\/wohnheim\/\">Wohnheim<\/a> kostenfrei unterzukommen.<\/p>\n<p><strong>Haben wir Ihnen Lust auf Lernen gemacht?<\/strong><br \/> <strong>Dann freuen wir uns auf Sie!<\/strong><\/p>\n<p>[\/et_pb_text][\/et_pb_column][et_pb_column type=&#8220;1_4&#8243; _builder_version=&#8220;4.16&#8243; global_colors_info=&#8220;{}&#8220;][et_pb_text _builder_version=&#8220;4.17.6&#8243; global_colors_info=&#8220;{}&#8220;]<\/p>\n<p><strong>Unser Team<\/strong><\/p>\n<p><strong>Ansprechpartner<br \/><\/strong><a href=\"mailto:e.fechter@bsmedien.muenchen.musin.de\">Eva Fechter<\/a><a href=\"https:\/\/bsmedien.musin.de\/medienberufe\/menschen\/roger-geretshuber\/\"><\/a><\/p>\n<p><strong><\/strong><\/p>\n<p><a href=\"https:\/\/bsmedien.musin.de\/medienberufe\/menschen\/iris-weigl\/\"><\/a><\/p>\n<p><a href=\"https:\/\/bsmedien.musin.de\/medienberufe\/menschen\/bernd-westerberg\/\"><\/a><\/p>\n<p>Weiterf\u00fchrender Link:<br \/><a href=\"https:\/\/www.bibb.de\/de\/berufeinfo.php\/profile\/apprenticeship\/n7636646%20\" target=\"_blank\" rel=\"noopener\">Bundesinstitut f\u00fcr Berufsbildung<\/a><\/p>\n<p>&nbsp;<\/p>\n<p>[\/et_pb_text][\/et_pb_column][\/et_pb_row][\/et_pb_section]<\/p>\n","protected":false},"excerpt":{"rendered":"<p>Kaufmann\/-frau f\u00fcr Marketingkommunikation Die Ausbildung zur Kauffrau\/zum Kaufmann f\u00fcr Marketingkommunikation ist eine duale. Das bedeutet, dass Sie in Ihrem Ausbildungsbetrieb (PR- oder Werbeagentur, Kommunikations- oder Marketingabteilung eines Unternehmens oder einer \u00f6ffentlichen Institution o. \u00e4. ) lernen, wie man Kontakte kn\u00fcpft, Kampagnen organisiert, Marktforschung betreibt und viel mehr. Bei uns erfahren Sie all die theoretischen Hintergr\u00fcnde, [&hellip;]<\/p>\n","protected":false},"author":1,"featured_media":0,"parent":41,"menu_order":0,"comment_status":"closed","ping_status":"closed","template":"","meta":{"_et_pb_use_builder":"on","_et_pb_old_content":"","_et_gb_content_width":"","footnotes":""},"class_list":["post-57","page","type-page","status-publish","hentry"],"_links":{"self":[{"href":"https:\/\/bsmedien.musin.de\/medienberufe\/wp-json\/wp\/v2\/pages\/57","targetHints":{"allow":["GET"]}}],"collection":[{"href":"https:\/\/bsmedien.musin.de\/medienberufe\/wp-json\/wp\/v2\/pages"}],"about":[{"href":"https:\/\/bsmedien.musin.de\/medienberufe\/wp-json\/wp\/v2\/types\/page"}],"author":[{"embeddable":true,"href":"https:\/\/bsmedien.musin.de\/medienberufe\/wp-json\/wp\/v2\/users\/1"}],"replies":[{"embeddable":true,"href":"https:\/\/bsmedien.musin.de\/medienberufe\/wp-json\/wp\/v2\/comments?post=57"}],"version-history":[{"count":29,"href":"https:\/\/bsmedien.musin.de\/medienberufe\/wp-json\/wp\/v2\/pages\/57\/revisions"}],"predecessor-version":[{"id":3315,"href":"https:\/\/bsmedien.musin.de\/medienberufe\/wp-json\/wp\/v2\/pages\/57\/revisions\/3315"}],"up":[{"embeddable":true,"href":"https:\/\/bsmedien.musin.de\/medienberufe\/wp-json\/wp\/v2\/pages\/41"}],"wp:attachment":[{"href":"https:\/\/bsmedien.musin.de\/medienberufe\/wp-json\/wp\/v2\/media?parent=57"}],"curies":[{"name":"wp","href":"https:\/\/api.w.org\/{rel}","templated":true}]}}