{"id":557,"date":"2019-10-27T19:32:54","date_gmt":"2019-10-27T18:32:54","guid":{"rendered":"https:\/\/bsmedien.musin.de\/medienberufe\/?page_id=557"},"modified":"2025-09-17T16:31:52","modified_gmt":"2025-09-17T14:31:52","slug":"buchhaendler-in","status":"publish","type":"page","link":"https:\/\/bsmedien.musin.de\/medienberufe\/berufe\/buchhaendler-in\/","title":{"rendered":"Buchh\u00e4ndler\/-in"},"content":{"rendered":"<p>[et_pb_section fb_built=&#8220;1&#8243; fullwidth=&#8220;on&#8220; _builder_version=&#8220;4.16&#8243; global_colors_info=&#8220;{}&#8220;][et_pb_fullwidth_image src=&#8220;https:\/\/bsmedien.musin.de\/medienberufe\/wp-content\/uploads\/2019\/10\/berufsschule-medienberufe-muenchen-12.jpg&#8220; _builder_version=&#8220;4.16&#8243; global_colors_info=&#8220;{}&#8220;][\/et_pb_fullwidth_image][\/et_pb_section][et_pb_section fb_built=&#8220;1&#8243; _builder_version=&#8220;4.16&#8243; custom_padding=&#8220;35px||||false|false&#8220; global_colors_info=&#8220;{}&#8220;][et_pb_row column_structure=&#8220;3_5,2_5&#8243; _builder_version=&#8220;4.16&#8243; custom_padding=&#8220;18px|||||&#8220; global_colors_info=&#8220;{}&#8220;][et_pb_column type=&#8220;3_5&#8243; _builder_version=&#8220;4.16&#8243; global_colors_info=&#8220;{}&#8220;][et_pb_text _builder_version=&#8220;4.16&#8243; global_colors_info=&#8220;{}&#8220;]<\/p>\n<h2>Buchh\u00e4ndler \/ Buchh\u00e4ndlerin<\/h2>\n<p>Die Ausbildungsordnung sieht drei Jahre Ausbildungsdauer vor (Verk\u00fcrzung bei entsprechender Vorbildung m\u00f6glich). Parallel dazu ist auch die Schulzeit auf drei Jahre angelegt. Der Unterricht findet in mehrw\u00f6chigen Blockphasen statt. <a href=\"https:\/\/bsmedien.musin.de\/medienberufe\/wp-content\/uploads\/2019\/10\/Blockplan_19-20_MK.pdf\">Den Blockplan finden Sie hier.<\/a><\/p>\n<p>Wir sind die zust\u00e4ndige Berufsschule f\u00fcr die Regierungsbezirke Niederbayern, Oberbayern und Schwaben. Viele unserer ausw\u00e4rtigen Sch\u00fclerinnen und Sch\u00fcler haben Anspruch auf Kosten\u00fcbernahme f\u00fcr eine Wohnheimunterbringung. <a href=\"https:\/\/bsmedien.musin.de\/medienberufe\/wohnheim\/\">Weitere Informationen erhalten Sie hier.<\/a><\/p>\n<p>Unser Sekretariat steht Ihnen gerne f\u00fcr eine Beratung zu diesem Thema zur Verf\u00fcgung.<\/p>\n<p>Um unsere Klassenplanung zu erleichtern, bitten wir Sie, Ihre Auszubildenden bereits nach Vertragsabschluss anzumelden. <a href=\"https:\/\/bsmedien.musin.de\/medienberufe\/wp-content\/uploads\/2019\/10\/Anmeldeblatt_BS-Medienberufe_neu.doc\">Das Anmeldeformular finden Sie hier.<\/a><\/p>\n<p><strong>Unser Unterricht<br \/> <\/strong>Der fachspezifische Unterricht (ca. 25 Stunden) findet nach dem Rahmenlehrplan von 2011 in Lernfeldern statt. Zus\u00e4tzlich gibt es die allgemeinbildenden (Pflicht-) F\u00e4cher Englisch, Sozialkunde (je 3 Stunden) und Sport (2 Stunden), sowie f\u00fcr berufsschulpflichtige Sch\u00fcler\/innen Religion bzw. Medienethik (3 Stunden) und ein reichhaltiges Kursangebot (insgesamt 6 Stunden). Das ergibt eine Unterrichtszeit von 39 Stunden pro Woche. Die Unterrichtsdauer betr\u00e4gt laut den bayerischen Lehrplanrichtlinien in den Jahrgangsstufen 10 und 11 jeweils 13 Blockwochen und in der 12. Jahrgangsstufe 9 Blockwochen.<\/p>\n<p>&nbsp;<\/p>\n<p>[\/et_pb_text][\/et_pb_column][et_pb_column type=&#8220;2_5&#8243; _builder_version=&#8220;4.16&#8243; global_colors_info=&#8220;{}&#8220;][et_pb_text _builder_version=&#8220;4.27.4&#8243; hover_enabled=&#8220;0&#8243; global_colors_info=&#8220;{}&#8220; sticky_enabled=&#8220;0&#8243;]<\/p>\n<p><strong>Ansprechpartner<\/strong><\/p>\n<p><a href=\"mailto:birgit.vogler@bsmedien.muenchen.musin.de\">Birgit Vogler<\/a><\/p>\n<p><strong><\/strong><\/p>\n<p><strong><\/strong><\/p>\n<p><strong><\/strong><\/p>\n<p>&nbsp;<\/p>\n<p><strong><\/strong><\/p>\n<p><strong><\/strong><\/p>\n<p><strong>Weiterf\u00fchrender Link<br \/><\/strong><a href=\"https:\/\/www.bibb.de\/de\/berufeinfo.php\/profile\/apprenticeship\/39185?key=39185\" target=\"_blank\" rel=\"noopener\">Bundesinstitut f\u00fcr Bildung<\/a><\/p>\n<p>&nbsp;<\/p>\n<p>[\/et_pb_text][\/et_pb_column][\/et_pb_row][\/et_pb_section]<\/p>\n","protected":false},"excerpt":{"rendered":"<p>Buchh\u00e4ndler \/ Buchh\u00e4ndlerin Die Ausbildungsordnung sieht drei Jahre Ausbildungsdauer vor (Verk\u00fcrzung bei entsprechender Vorbildung m\u00f6glich). Parallel dazu ist auch die Schulzeit auf drei Jahre angelegt. Der Unterricht findet in mehrw\u00f6chigen Blockphasen statt. Den Blockplan finden Sie hier. Wir sind die zust\u00e4ndige Berufsschule f\u00fcr die Regierungsbezirke Niederbayern, Oberbayern und Schwaben. Viele unserer ausw\u00e4rtigen Sch\u00fclerinnen und Sch\u00fcler [&hellip;]<\/p>\n","protected":false},"author":1,"featured_media":0,"parent":41,"menu_order":0,"comment_status":"closed","ping_status":"closed","template":"","meta":{"_et_pb_use_builder":"on","_et_pb_old_content":"","_et_gb_content_width":"","footnotes":""},"class_list":["post-557","page","type-page","status-publish","hentry"],"_links":{"self":[{"href":"https:\/\/bsmedien.musin.de\/medienberufe\/wp-json\/wp\/v2\/pages\/557","targetHints":{"allow":["GET"]}}],"collection":[{"href":"https:\/\/bsmedien.musin.de\/medienberufe\/wp-json\/wp\/v2\/pages"}],"about":[{"href":"https:\/\/bsmedien.musin.de\/medienberufe\/wp-json\/wp\/v2\/types\/page"}],"author":[{"embeddable":true,"href":"https:\/\/bsmedien.musin.de\/medienberufe\/wp-json\/wp\/v2\/users\/1"}],"replies":[{"embeddable":true,"href":"https:\/\/bsmedien.musin.de\/medienberufe\/wp-json\/wp\/v2\/comments?post=557"}],"version-history":[{"count":21,"href":"https:\/\/bsmedien.musin.de\/medienberufe\/wp-json\/wp\/v2\/pages\/557\/revisions"}],"predecessor-version":[{"id":3309,"href":"https:\/\/bsmedien.musin.de\/medienberufe\/wp-json\/wp\/v2\/pages\/557\/revisions\/3309"}],"up":[{"embeddable":true,"href":"https:\/\/bsmedien.musin.de\/medienberufe\/wp-json\/wp\/v2\/pages\/41"}],"wp:attachment":[{"href":"https:\/\/bsmedien.musin.de\/medienberufe\/wp-json\/wp\/v2\/media?parent=557"}],"curies":[{"name":"wp","href":"https:\/\/api.w.org\/{rel}","templated":true}]}}