{"id":541,"date":"2019-10-27T19:14:02","date_gmt":"2019-10-27T18:14:02","guid":{"rendered":"https:\/\/bsmedien.musin.de\/medienberufe\/?page_id=541"},"modified":"2025-09-17T16:34:01","modified_gmt":"2025-09-17T14:34:01","slug":"fachangestellte-r-fuer-medien-und-informationsdienste","status":"publish","type":"page","link":"https:\/\/bsmedien.musin.de\/medienberufe\/berufe\/fachangestellte-r-fuer-medien-und-informationsdienste\/","title":{"rendered":"Fachangestellte\/r f\u00fcr Medien- und Informationsdienste"},"content":{"rendered":"<p>[et_pb_section fb_built=&#8220;1&#8243; fullwidth=&#8220;on&#8220; _builder_version=&#8220;4.16&#8243; global_colors_info=&#8220;{}&#8220;][et_pb_fullwidth_image src=&#8220;https:\/\/bsmedien.musin.de\/medienberufe\/wp-content\/uploads\/2019\/10\/berufsschule-medienberufe-muenchen-12.jpg&#8220; _builder_version=&#8220;4.16&#8243; global_colors_info=&#8220;{}&#8220;][\/et_pb_fullwidth_image][\/et_pb_section][et_pb_section fb_built=&#8220;1&#8243; _builder_version=&#8220;4.16&#8243; custom_padding=&#8220;35px||||false|false&#8220; global_colors_info=&#8220;{}&#8220;][et_pb_row column_structure=&#8220;3_5,2_5&#8243; _builder_version=&#8220;4.16&#8243; global_colors_info=&#8220;{}&#8220;][et_pb_column type=&#8220;3_5&#8243; _builder_version=&#8220;4.16&#8243; global_colors_info=&#8220;{}&#8220;][et_pb_text _builder_version=&#8220;4.16&#8243; global_colors_info=&#8220;{}&#8220;]<\/p>\n<h2>Fachangestellte\/r f\u00fcr Medien- und Informationsdienste<\/h2>\n<p>Informationen zur betrieblichen Seite der Ausbildung finden Sie beim Bundesinstitut f\u00fcr Berufsbildung (BIBB).<\/p>\n<p>Die Ausbildungsordnung sieht drei Jahre Ausbildungsdauer vor. Die Ausbildungszeit kann zwar auf zweieinhalb (Auszubildende mit mittlerem Schulabschluss) oder zwei Jahre (Auszubildende mit Hochschul- zugangsberechtigung) verk\u00fcrzt werden. Wegen der F\u00fclle der theoretischen Inhalte raten wir allerdings, unabh\u00e4ngig von der Vorbildung, zur dreij\u00e4hrigen Ausbildungsdauer.<\/p>\n<p>Wir sind die zust\u00e4ndige Berufsschule f\u00fcr ganz Bayern. Daher findet bei uns Blockunterricht statt. Bitte beachten Sie bei den 12. Klassen die berufsspezifischen Unterrichtszeiten.<\/p>\n<p>Viele unserer ausw\u00e4rtigen Sch\u00fclerinnen und Sch\u00fcler haben Anspruch auf Kosten\u00fcbernahme f\u00fcr eine <a href=\"https:\/\/bsmedien.musin.de\/medienberufe\/wohnheim\/\">Wohnheimunterbringung<\/a>. Unser Sekretariat steht Ihnen gerne f\u00fcr eine Beratung zu diesem Thema zur Verf\u00fcgung.<\/p>\n<p>Um fr\u00fchzeitig absehen zu k\u00f6nnen, ob wir zwei Klassen bilden k\u00f6nnen, bitten wir Sie, Ihre Auszubildenden bereits nach Vertragsabschluss anzumelden. <a href=\"https:\/\/bsmedien.musin.de\/medienberufe\/anmeldung\/\">Das Anmeldeformular finden Sie hier.<\/a><\/p>\n<p><strong>Unser Unterricht<br \/> <\/strong>In unseren Klassen sind die Fachrichtungen Archiv, Bibliothek, Bildagentur, Medizinische Dokumentation sowie Information und Dokumentation vertreten. Sofern die Zahl der Anmeldungen es erlaubt, bilden wir eine reine Bibliotheksklasse und eine Klasse mit den anderen Fachrichtungen.<\/p>\n<p>Um den Besonderheiten der einzelnen Fachrichtungen Rechnung zu tragen, finden in gemischten Klassen so genannte Teilungsstunden statt.<\/p>\n<p>Wir setzen auf einen sch\u00fcleraktiven Unterricht und f\u00fchren auch praxisbezogene Projekte durch. Zu unserem Unterrichtskonzept geh\u00f6ren au\u00dferdem Exkursionen und Vortr\u00e4ge von Praktikern.<\/p>\n<p>[\/et_pb_text][\/et_pb_column][et_pb_column type=&#8220;2_5&#8243; _builder_version=&#8220;4.16&#8243; global_colors_info=&#8220;{}&#8220;][et_pb_text _builder_version=&#8220;4.19.5&#8243; global_colors_info=&#8220;{}&#8220;]<\/p>\n<p><strong>Ansprechpartner<br \/><\/strong><strong><\/strong><strong><\/strong><\/p>\n<p><a href=\"mailto:birgit.vogler@bsmedien.muenchen.musin.de\">Birgit Vogler<\/a><\/p>\n<p>&nbsp;<\/p>\n<p><a href=\"https:\/\/bsmedien.musin.de\/medienberufe\/blockplaene\/\">Blockplan\u00a0<\/a><\/p>\n<p><strong>Weiterf\u00fchrende Links<br \/><\/strong><a href=\":%20https:\/\/www.bva.bund.de\/SharedDocs\/Aufgaben\/DE\/Z\/zustaendige-stelle.html\">Bundesverwaltungsamt<\/a><br \/><a href=\"https:\/\/www.bsb-muenchen.de\/kompetenzzentren-und-landesweite-dienste\/ausbildung-fortbildung-jobs\/bibliothekarische-ausbildung\/fami-ausbildung\/\" target=\"_blank\" rel=\"noopener\">Bayerische Staatsbibliothek<\/a><br \/><a href=\"https:\/\/www.gda.bayern.de\/ausbildung\/ausbildung-fami\/\" target=\"_blank\" rel=\"noopener\">Generaldirektion der Archive<\/a><br \/><a href=\"https:\/\/www.bibb.de\/de\/berufeinfo.php\/profile\/apprenticeship\/8234103\" target=\"_blank\" rel=\"noopener\">Bundesinstitut f\u00fcr Berufsbildung<\/a><\/p>\n<p>&nbsp;<\/p>\n<p>&nbsp;<\/p>\n<p>&nbsp;<\/p>\n<p>[\/et_pb_text][\/et_pb_column][\/et_pb_row][\/et_pb_section]<\/p>\n","protected":false},"excerpt":{"rendered":"<p>Fachangestellte\/r f\u00fcr Medien- und Informationsdienste Informationen zur betrieblichen Seite der Ausbildung finden Sie beim Bundesinstitut f\u00fcr Berufsbildung (BIBB). Die Ausbildungsordnung sieht drei Jahre Ausbildungsdauer vor. Die Ausbildungszeit kann zwar auf zweieinhalb (Auszubildende mit mittlerem Schulabschluss) oder zwei Jahre (Auszubildende mit Hochschul- zugangsberechtigung) verk\u00fcrzt werden. Wegen der F\u00fclle der theoretischen Inhalte raten wir allerdings, unabh\u00e4ngig von [&hellip;]<\/p>\n","protected":false},"author":1,"featured_media":0,"parent":41,"menu_order":0,"comment_status":"closed","ping_status":"closed","template":"","meta":{"_et_pb_use_builder":"on","_et_pb_old_content":"","_et_gb_content_width":"","footnotes":""},"class_list":["post-541","page","type-page","status-publish","hentry"],"_links":{"self":[{"href":"https:\/\/bsmedien.musin.de\/medienberufe\/wp-json\/wp\/v2\/pages\/541","targetHints":{"allow":["GET"]}}],"collection":[{"href":"https:\/\/bsmedien.musin.de\/medienberufe\/wp-json\/wp\/v2\/pages"}],"about":[{"href":"https:\/\/bsmedien.musin.de\/medienberufe\/wp-json\/wp\/v2\/types\/page"}],"author":[{"embeddable":true,"href":"https:\/\/bsmedien.musin.de\/medienberufe\/wp-json\/wp\/v2\/users\/1"}],"replies":[{"embeddable":true,"href":"https:\/\/bsmedien.musin.de\/medienberufe\/wp-json\/wp\/v2\/comments?post=541"}],"version-history":[{"count":21,"href":"https:\/\/bsmedien.musin.de\/medienberufe\/wp-json\/wp\/v2\/pages\/541\/revisions"}],"predecessor-version":[{"id":3310,"href":"https:\/\/bsmedien.musin.de\/medienberufe\/wp-json\/wp\/v2\/pages\/541\/revisions\/3310"}],"up":[{"embeddable":true,"href":"https:\/\/bsmedien.musin.de\/medienberufe\/wp-json\/wp\/v2\/pages\/41"}],"wp:attachment":[{"href":"https:\/\/bsmedien.musin.de\/medienberufe\/wp-json\/wp\/v2\/media?parent=541"}],"curies":[{"name":"wp","href":"https:\/\/api.w.org\/{rel}","templated":true}]}}