{"id":526,"date":"2019-10-27T18:47:10","date_gmt":"2019-10-27T17:47:10","guid":{"rendered":"https:\/\/bsmedien.musin.de\/medienberufe\/?page_id=526"},"modified":"2025-09-17T16:36:19","modified_gmt":"2025-09-17T14:36:19","slug":"kaufmann-frau-fuer-audiovisuelle-medien","status":"publish","type":"page","link":"https:\/\/bsmedien.musin.de\/medienberufe\/berufe\/kaufmann-frau-fuer-audiovisuelle-medien\/","title":{"rendered":"Kaufmann\/-frau f\u00fcr audiovisuelle Medien"},"content":{"rendered":"<p>[et_pb_section fb_built=&#8220;1&#8243; fullwidth=&#8220;on&#8220; _builder_version=&#8220;4.16&#8243; global_colors_info=&#8220;{}&#8220;][et_pb_fullwidth_image src=&#8220;https:\/\/bsmedien.musin.de\/medienberufe\/wp-content\/uploads\/2019\/10\/berufsschule-medienberufe-muenchen-13.jpg&#8220; _builder_version=&#8220;4.16&#8243; global_colors_info=&#8220;{}&#8220;][\/et_pb_fullwidth_image][\/et_pb_section][et_pb_section fb_built=&#8220;1&#8243; _builder_version=&#8220;4.16&#8243; custom_padding=&#8220;35px||||false|false&#8220; global_colors_info=&#8220;{}&#8220;][et_pb_row column_structure=&#8220;3_5,2_5&#8243; _builder_version=&#8220;4.16&#8243; global_colors_info=&#8220;{}&#8220;][et_pb_column type=&#8220;3_5&#8243; _builder_version=&#8220;4.16&#8243; global_colors_info=&#8220;{}&#8220;][et_pb_text _builder_version=&#8220;4.16&#8243; global_colors_info=&#8220;{}&#8220;]<\/p>\n<h2>Kaufmann\/-frau f\u00fcr audiovisuelle Medien<\/h2>\n<p>Anerkannt durch Verordnung vom 15. Mai 1998 (BGBl. I, S. 1030)<\/p>\n<p>Die Ausbildung zum Kaufmann\/ frau f\u00fcr Audiovisuelle Medien erfolgt im Dualen System. Voraussetzung f\u00fcr den Besuch unserer Schule ist also ein betriebicher Ausbildungsvertrag.<\/p>\n<p>Die Ausbildungsdauer betr\u00e4gt 3 Jahre. Bei entsprechender Schulbildung wird diese aber auf 2 Jahre bzw. 2 \u00bd Jahre verk\u00fcrzt. Weitere Informationen erhalten Sie hier.<\/p>\n<p>Da wir die einzige Berufschule in Bayern f\u00fcr diesen Fachbereich sind, haben wir Sch\u00fcler aus ganz Bayern. Aus diesem Grund findet der Unterricht in Bl\u00f6cken statt. F\u00fcr Sch\u00fcler von au\u00dferhalb bietet die Stadt M\u00fcnchen eine kosteng\u00fcnstige Heimunterbringung an.<\/p>\n<p><strong>Wir bilden aus f\u00fcr Firmen aus den Bereichen:<\/strong><\/p>\n<ul>\n<li>Musikindustrie<\/li>\n<li>TV Sender<\/li>\n<li>Film und TV Produktion<\/li>\n<li>Radio Sender<\/li>\n<li>Gaming<\/li>\n<\/ul>\n<p><strong>Unser Unterricht<br \/><\/strong>Der Unterricht umfasst neben allgemeinbildenden F\u00e4chern wie \u201eAllgemeine Betriebswirtschaftslehre\u201c, \u201eEnglisch\u201c oder \u201eRechnungswesen\u201c insbesondere den fachspezifischen Unterricht. Die Inhalte fachspezifischen F\u00e4cher sind auf die Bed\u00fcrfnisse der Ausbildungsbetriebe abgestimmt.<\/p>\n<p><strong>Fachspezifische Themen sind u.a.:<\/strong><\/p>\n<ul>\n<li>Filmfinanzierung<\/li>\n<li>Urheberrecht<\/li>\n<li>Lizenzvertr\u00e4ge<\/li>\n<li>GEMA, GVL<\/li>\n<li>Postproduktion<\/li>\n<li>Marktanalyse<\/li>\n<li>Marketing<\/li>\n<\/ul>\n<p>Erg\u00e4nzt wird der Unterricht durch ein Kurssystem. Je nach pers\u00f6nlicher Interessenslage oder betrieblichen Erfordernissen kann der Sch\u00fcler aus einer Vielzahl von Kursen w\u00e4hlen.<\/p>\n<p>[\/et_pb_text][\/et_pb_column][et_pb_column type=&#8220;2_5&#8243; _builder_version=&#8220;4.16&#8243; global_colors_info=&#8220;{}&#8220;][et_pb_text _builder_version=&#8220;4.27.4&#8243; hover_enabled=&#8220;0&#8243; global_colors_info=&#8220;{}&#8220; sticky_enabled=&#8220;0&#8243;]<\/p>\n<p><strong>\u00a0<\/strong><\/p>\n<p>&nbsp;<\/p>\n<p><strong>Weiterf\u00fchrender Link<\/strong><br \/><a href=\"https:\/\/www.bibb.de\/de\/berufeinfo.php\/profile\/apprenticeship\/7034101\" target=\"_blank\" rel=\"noopener\">Bundesinstitut f\u00fcr Berufsbildung<\/a><\/p>\n<p><strong>Blockpl\u00e4ne<\/strong><br \/><a href=\"https:\/\/bsmedien.musin.de\/medienberufe\/blockplaene\/\">Aktuelle Blockpl\u00e4ne<br \/><\/a><\/p>\n<p>&nbsp;<\/p>\n<p>[\/et_pb_text][\/et_pb_column][\/et_pb_row][\/et_pb_section]<\/p>\n","protected":false},"excerpt":{"rendered":"<p>Kaufmann\/-frau f\u00fcr audiovisuelle Medien Anerkannt durch Verordnung vom 15. Mai 1998 (BGBl. I, S. 1030) Die Ausbildung zum Kaufmann\/ frau f\u00fcr Audiovisuelle Medien erfolgt im Dualen System. Voraussetzung f\u00fcr den Besuch unserer Schule ist also ein betriebicher Ausbildungsvertrag. Die Ausbildungsdauer betr\u00e4gt 3 Jahre. Bei entsprechender Schulbildung wird diese aber auf 2 Jahre bzw. 2 \u00bd [&hellip;]<\/p>\n","protected":false},"author":1,"featured_media":0,"parent":41,"menu_order":0,"comment_status":"closed","ping_status":"closed","template":"","meta":{"_et_pb_use_builder":"on","_et_pb_old_content":"","_et_gb_content_width":"","footnotes":""},"class_list":["post-526","page","type-page","status-publish","hentry"],"_links":{"self":[{"href":"https:\/\/bsmedien.musin.de\/medienberufe\/wp-json\/wp\/v2\/pages\/526","targetHints":{"allow":["GET"]}}],"collection":[{"href":"https:\/\/bsmedien.musin.de\/medienberufe\/wp-json\/wp\/v2\/pages"}],"about":[{"href":"https:\/\/bsmedien.musin.de\/medienberufe\/wp-json\/wp\/v2\/types\/page"}],"author":[{"embeddable":true,"href":"https:\/\/bsmedien.musin.de\/medienberufe\/wp-json\/wp\/v2\/users\/1"}],"replies":[{"embeddable":true,"href":"https:\/\/bsmedien.musin.de\/medienberufe\/wp-json\/wp\/v2\/comments?post=526"}],"version-history":[{"count":15,"href":"https:\/\/bsmedien.musin.de\/medienberufe\/wp-json\/wp\/v2\/pages\/526\/revisions"}],"predecessor-version":[{"id":3314,"href":"https:\/\/bsmedien.musin.de\/medienberufe\/wp-json\/wp\/v2\/pages\/526\/revisions\/3314"}],"up":[{"embeddable":true,"href":"https:\/\/bsmedien.musin.de\/medienberufe\/wp-json\/wp\/v2\/pages\/41"}],"wp:attachment":[{"href":"https:\/\/bsmedien.musin.de\/medienberufe\/wp-json\/wp\/v2\/media?parent=526"}],"curies":[{"name":"wp","href":"https:\/\/api.w.org\/{rel}","templated":true}]}}