{"id":49,"date":"2019-10-04T13:25:53","date_gmt":"2019-10-04T11:25:53","guid":{"rendered":"https:\/\/bsmedien.musin.de\/medienberufe\/?page_id=49"},"modified":"2026-03-24T11:46:13","modified_gmt":"2026-03-24T10:46:13","slug":"kontakt","status":"publish","type":"page","link":"https:\/\/bsmedien.musin.de\/medienberufe\/kontakt\/","title":{"rendered":"Kontakt"},"content":{"rendered":"<p>[et_pb_section fb_built=&#8220;1&#8243; _builder_version=&#8220;4.16&#8243; custom_padding=&#8220;35px|||||&#8220; global_colors_info=&#8220;{}&#8220;][et_pb_row _builder_version=&#8220;4.16&#8243; custom_margin=&#8220;|auto||auto|false|false&#8220; custom_padding=&#8220;0px||0px||false|false&#8220; global_colors_info=&#8220;{}&#8220;][et_pb_column type=&#8220;4_4&#8243; _builder_version=&#8220;4.16&#8243; global_colors_info=&#8220;{}&#8220;][et_pb_text _builder_version=&#8220;4.27.4&#8243; custom_padding=&#8220;||16px|||&#8220; global_colors_info=&#8220;{}&#8220;]<\/p>\n<div class=\"entry-content\">\n<p><strong><\/strong><\/p>\n<h2>Kontakt<\/h2>\n<p><strong>St\u00e4dtische Berufsschule f\u00fcr Medienberufe<\/strong><br \/>Riesstra\u00dfe 40<br \/>80992 M\u00fcnchen<\/p>\n<p><a href=\"mailto:bsmedien.sekretariat@muenchen.de\">bsmedien.sekretariat@muenchen.de<\/a><br \/>Telefon: 089 233 85600<\/p>\n<p><strong>Schulleitung:\u00a0<\/strong> <a href=\"https:\/\/bsmedien.musin.de\/medienberufe\/menschen\/\">Gillitzer, Dr. Sabine,\u00a0<\/a> Schulleiterin\u00a0\u00a0\u00a0\u00a0\u00a0\u00a0\u00a0\u00a0\u00a0\u00a0\u00a0\u00a0\u00a0\u00a0\u00a0\u00a0\u00a0\u00a0\u00a0\u00a0\u00a0\u00a0\u00a0\u00a0\u00a0\u00a0\u00a0 <a href=\"https:\/\/bsmedien.musin.de\/medienberufe\/?page_id=506&amp;preview=true\">Riesner, Christina<\/a>, Stellvertretende Schulleiterin<\/p>\n<p>&nbsp;<\/p>\n<p><a href=\"https:\/\/bsmedien.musin.de\/medienberufe\/menschen\/\">An dieser Stelle fanden Sie bisher einen Link zu einer \u00dcbersicht \u00fcber die Lehrkr\u00e4fte mit Kontaktdaten und teilweise auch Fotos. Aufgrund einer Anweisung zum Datenschutz k\u00f6nnen wir Ihnen diese Inhalte nicht mehr so anbieten. Wir bitten um Ihr Verst\u00e4ndnis.<\/a><strong><\/strong><\/p>\n<p><strong><\/strong><\/p>\n<\/div>\n<p>[\/et_pb_text][\/et_pb_column][\/et_pb_row][et_pb_row _builder_version=&#8220;4.16&#8243; custom_padding=&#8220;0px||20px||false|false&#8220; global_colors_info=&#8220;{}&#8220;][et_pb_column type=&#8220;4_4&#8243; _builder_version=&#8220;4.16&#8243; global_colors_info=&#8220;{}&#8220;][et_pb_text _builder_version=&#8220;4.16&#8243; global_colors_info=&#8220;{}&#8220;]<\/p>\n<p><strong>Unser Sekretariat ist f\u00fcr Sie da:<br \/><\/strong>Montag bis Donnerstag<br \/>07.30 Uhr \u2013 12.00 Uhr<br \/>13.00 Uhr \u2013 15.00 Uhr<\/p>\n<p>Freitag<br \/>07.30 Uhr \u2013 12.00 Uhr<\/p>\n<p>Das Sekretariat befindet sich in Raum 4.1.06 im 4. Stock in der Riesstra\u00dfe 25.<br \/><strong>Das Sekretariatsteam ist f\u00fcr Sie erste Anlaufstelle, von der Anmeldung bis zum letzten Schultag.<\/strong><\/p>\n<p>[\/et_pb_text][\/et_pb_column][\/et_pb_row][et_pb_row column_structure=&#8220;1_3,1_3,1_3&#8243; _builder_version=&#8220;4.27.4&#8243; global_colors_info=&#8220;{}&#8220;][et_pb_column type=&#8220;1_3&#8243; _builder_version=&#8220;4.16&#8243; global_colors_info=&#8220;{}&#8220;][\/et_pb_column][et_pb_column type=&#8220;1_3&#8243; _builder_version=&#8220;4.16&#8243; global_colors_info=&#8220;{}&#8220;][\/et_pb_column][et_pb_column type=&#8220;1_3&#8243; _builder_version=&#8220;4.16&#8243; global_colors_info=&#8220;{}&#8220;][\/et_pb_column][\/et_pb_row][et_pb_row _builder_version=&#8220;4.16&#8243; custom_padding=&#8220;0px||0px||false|false&#8220; global_colors_info=&#8220;{}&#8220;][et_pb_column type=&#8220;4_4&#8243; _builder_version=&#8220;4.16&#8243; global_colors_info=&#8220;{}&#8220;][et_pb_tabs _builder_version=&#8220;4.23.1&#8243; global_colors_info=&#8220;{}&#8220;][et_pb_tab title=&#8220;Tipps&#8220; _builder_version=&#8220;4.23.1&#8243; global_colors_info=&#8220;{}&#8220;]<\/p>\n<p>Es gibt eigene <strong>Kopierger\u00e4te<\/strong> f\u00fcr Sch\u00fclerinnen und Sch\u00fcler. Sie d\u00fcrfen diese Ger\u00e4te (Raum 5.2.19 in der Riesstra\u00dfe 40 und Raum 3.2.10 in der Riesstra\u00dfe 25) f\u00fcr n\u00f6tige Kopien f\u00fcr Ihren schulischen Bedarf und bei Projektarbeiten nutzen. Papierstau oder sonstige Fehlerhinweise bitte bei im Sekretariat melden. In den allermeisten F\u00e4llen k\u00f6nnen wir f\u00fcr Abhilfe der Probleme sorgen.<\/p>\n<ul>\n<li>Sorgen Sie f\u00fcr eine sichere Verwahrung Ihrer <strong>Zeugnisse<\/strong>! Bei Verlust erhalten Sie von uns nur eine beglaubigte Kopie gegen eine Mindestgeb\u00fchr von derzeit 8,00 \u20ac<\/li>\n<\/ul>\n<ul>\n<li><strong>Parken<\/strong> Sie nicht auf dem Schulgel\u00e4nde, in der Tiefgarage oder den Kundenparkpl\u00e4tzen der anliegenden Gesch\u00e4fte!\u00a0Abschleppen ist teuer!<\/li>\n<\/ul>\n<ul>\n<li>Bei <strong>Verlust oder Diebstahl<\/strong> Ihrer privaten Wertgegenst\u00e4nde wird keine Haftung \u00fcbernommen.<\/li>\n<\/ul>\n<ul>\n<li><strong>Fahrtkostenerstattung<\/strong><br \/>Gem\u00e4\u00df Gesetz \u00fcber die Kostenfreiheit des Schulweges haben Sch\u00fclerinnen und Sch\u00fcler an Berufsschulen mit Teilzeitunterricht grunds\u00e4tzlich keinen Anspruch auf Erstattung der Fahrtkosten. Um zu kl\u00e4ren, ob ein Ausnahmefall vorliegt (wenn z.B. der Unterhaltsleistende f\u00fcr drei Kinder Kindergeld bekommt), wenden Sie sich bitte an das f\u00fcr Ihren Wohnort zust\u00e4ndige Landratsamt.<\/li>\n<\/ul>\n<p>[\/et_pb_tab][et_pb_tab title=&#8220;Erste Hilfe&#8220; _builder_version=&#8220;4.16&#8243; global_colors_info=&#8220;{}&#8220;]<\/p>\n<p><strong>Wir leisten Erste Hilfe<\/strong><\/p>\n<ul>\n<li>betreuen Sie im Krankenzimmer in der Riesstra\u00dfe 25<\/li>\n<li>rufen den Arzt, versorgen Sie mit hei\u00dfem Tee<\/li>\n<li>haben f\u00fcr alles das passende Pflaster<\/li>\n<\/ul>\n<p>[\/et_pb_tab][et_pb_tab title=&#8220;Projektarbeiten&#8220; _builder_version=&#8220;4.16&#8243; global_colors_info=&#8220;{}&#8220;]<\/p>\n<p><strong>F\u00fcr Projektarbeiten halten wir bereit:<\/strong><\/p>\n<ul>\n<li>diverses Unterrichtsmaterial, Folien oder farbiges Papier usw.<\/li>\n<li>Leihger\u00e4te, z.B. zum Binden und Laminieren<\/li>\n<li>Digitalkamera<\/li>\n<li>Laptop<\/li>\n<li>Beamer<\/li>\n<li>Memorystick<\/li>\n<li>Kartenleseger\u00e4t<\/li>\n<\/ul>\n<p>[\/et_pb_tab][et_pb_tab title=&#8220;Service&#8220; _builder_version=&#8220;4.23.1&#8243; global_colors_info=&#8220;{}&#8220;]<\/p>\n<p><strong>Sch\u00fclerinnen und Sch\u00fcler erhalten bei uns:<\/strong><\/p>\n<ul>\n<li>Schulbesuchsbest\u00e4tigungen<\/li>\n<li>MVV Bestellscheine<\/li>\n<li>Hilfe bei der Wohnheimunterbringung<\/li>\n<li>Best\u00e4tigung im Sch\u00fclerausweis<\/li>\n<li>und vieles mehr<\/li>\n<\/ul>\n<p>[\/et_pb_tab][\/et_pb_tabs][\/et_pb_column][\/et_pb_row][\/et_pb_section]<\/p>\n","protected":false},"excerpt":{"rendered":"<p>Kontakt St\u00e4dtische Berufsschule f\u00fcr MedienberufeRiesstra\u00dfe 4080992 M\u00fcnchen bsmedien.sekretariat@muenchen.deTelefon: 089 233 85600 Schulleitung:\u00a0 Gillitzer, Dr. Sabine,\u00a0 Schulleiterin\u00a0\u00a0\u00a0\u00a0\u00a0\u00a0\u00a0\u00a0\u00a0\u00a0\u00a0\u00a0\u00a0\u00a0\u00a0\u00a0\u00a0\u00a0\u00a0\u00a0\u00a0\u00a0\u00a0\u00a0\u00a0\u00a0\u00a0 Riesner, Christina, Stellvertretende Schulleiterin &nbsp; An dieser Stelle fanden Sie bisher einen Link zu einer \u00dcbersicht \u00fcber die Lehrkr\u00e4fte mit Kontaktdaten und teilweise auch Fotos. Aufgrund einer Anweisung zum Datenschutz k\u00f6nnen wir Ihnen diese Inhalte nicht mehr so anbieten. [&hellip;]<\/p>\n","protected":false},"author":1,"featured_media":0,"parent":0,"menu_order":0,"comment_status":"closed","ping_status":"closed","template":"","meta":{"_et_pb_use_builder":"on","_et_pb_old_content":"","_et_gb_content_width":"","footnotes":""},"class_list":["post-49","page","type-page","status-publish","hentry"],"_links":{"self":[{"href":"https:\/\/bsmedien.musin.de\/medienberufe\/wp-json\/wp\/v2\/pages\/49","targetHints":{"allow":["GET"]}}],"collection":[{"href":"https:\/\/bsmedien.musin.de\/medienberufe\/wp-json\/wp\/v2\/pages"}],"about":[{"href":"https:\/\/bsmedien.musin.de\/medienberufe\/wp-json\/wp\/v2\/types\/page"}],"author":[{"embeddable":true,"href":"https:\/\/bsmedien.musin.de\/medienberufe\/wp-json\/wp\/v2\/users\/1"}],"replies":[{"embeddable":true,"href":"https:\/\/bsmedien.musin.de\/medienberufe\/wp-json\/wp\/v2\/comments?post=49"}],"version-history":[{"count":34,"href":"https:\/\/bsmedien.musin.de\/medienberufe\/wp-json\/wp\/v2\/pages\/49\/revisions"}],"predecessor-version":[{"id":3407,"href":"https:\/\/bsmedien.musin.de\/medienberufe\/wp-json\/wp\/v2\/pages\/49\/revisions\/3407"}],"wp:attachment":[{"href":"https:\/\/bsmedien.musin.de\/medienberufe\/wp-json\/wp\/v2\/media?parent=49"}],"curies":[{"name":"wp","href":"https:\/\/api.w.org\/{rel}","templated":true}]}}