{"id":43,"date":"2019-09-30T10:42:53","date_gmt":"2019-09-30T08:42:53","guid":{"rendered":"https:\/\/bsmedien.musin.de\/medienberufe\/?page_id=43"},"modified":"2025-11-26T15:42:31","modified_gmt":"2025-11-26T14:42:31","slug":"angebote","status":"publish","type":"page","link":"https:\/\/bsmedien.musin.de\/medienberufe\/angebote\/","title":{"rendered":"Angebote"},"content":{"rendered":"<p>[et_pb_section fb_built=&#8220;1&#8243; fullwidth=&#8220;on&#8220; _builder_version=&#8220;4.16&#8243; global_colors_info=&#8220;{}&#8220;][et_pb_fullwidth_image src=&#8220;https:\/\/bsmedien.musin.de\/medienberufe\/wp-content\/uploads\/2019\/09\/berufsschule-medienberufe-muenchen-5.jpg&#8220; _builder_version=&#8220;4.16&#8243; global_colors_info=&#8220;{}&#8220;][\/et_pb_fullwidth_image][\/et_pb_section][et_pb_section fb_built=&#8220;1&#8243; _builder_version=&#8220;4.16&#8243; custom_padding=&#8220;10px||10px||false|false&#8220; global_colors_info=&#8220;{}&#8220;][et_pb_row _builder_version=&#8220;4.16&#8243; global_colors_info=&#8220;{}&#8220;][et_pb_column type=&#8220;4_4&#8243; _builder_version=&#8220;4.16&#8243; global_colors_info=&#8220;{}&#8220;][et_pb_text _builder_version=&#8220;4.27.4&#8243; custom_margin=&#8220;||||false|false&#8220; custom_padding=&#8220;||||false|false&#8220; hover_enabled=&#8220;0&#8243; global_colors_info=&#8220;{}&#8220; sticky_enabled=&#8220;0&#8243;]<\/p>\n<div class=\"et_pb_module et_pb_text et_pb_text_0 et_pb_bg_layout_light  et_pb_text_align_left\">\n<div class=\"et_pb_text_inner\">\n<div class=\"entry-content\">\n<h2>Unsere Angebote<strong><br \/><\/strong><\/h2>\n<p>&nbsp;<\/p>\n<p><a href=\"https:\/\/bsmedien.musin.de\/medienberufe\/rat_und_hilfe\/\">Rat und Hilfe<\/a><br \/>Von Schul- und Bildungsberatung bis hin zu Suchtpr\u00e4vention, hier finden Sie alle Kontaktpersonen, die Ihnen in verschiedenen Belangen weiterhelfen k\u00f6nnen.<\/p>\n<p><a href=\"https:\/\/bsmedien.musin.de\/medienberufe\/international\/\">International<\/a><br \/>Wir unterst\u00fctzen Sie bei der Organisation und Finanzierung von Auslandspraktika. Ihr Praktikum kann w\u00e4hrend oder im Anschluss an die Ausbildung stattfinden.<\/p>\n<\/div>\n<\/div>\n<\/div>\n<p>[\/et_pb_text][\/et_pb_column][\/et_pb_row][\/et_pb_section]<\/p>\n","protected":false},"excerpt":{"rendered":"<p>Unsere Angebote &nbsp; Rat und HilfeVon Schul- und Bildungsberatung bis hin zu Suchtpr\u00e4vention, hier finden Sie alle Kontaktpersonen, die Ihnen in verschiedenen Belangen weiterhelfen k\u00f6nnen. InternationalWir unterst\u00fctzen Sie bei der Organisation und Finanzierung von Auslandspraktika. Ihr Praktikum kann w\u00e4hrend oder im Anschluss an die Ausbildung stattfinden.<\/p>\n","protected":false},"author":1,"featured_media":0,"parent":0,"menu_order":0,"comment_status":"closed","ping_status":"closed","template":"","meta":{"_et_pb_use_builder":"on","_et_pb_old_content":"","_et_gb_content_width":"","footnotes":""},"class_list":["post-43","page","type-page","status-publish","hentry"],"_links":{"self":[{"href":"https:\/\/bsmedien.musin.de\/medienberufe\/wp-json\/wp\/v2\/pages\/43","targetHints":{"allow":["GET"]}}],"collection":[{"href":"https:\/\/bsmedien.musin.de\/medienberufe\/wp-json\/wp\/v2\/pages"}],"about":[{"href":"https:\/\/bsmedien.musin.de\/medienberufe\/wp-json\/wp\/v2\/types\/page"}],"author":[{"embeddable":true,"href":"https:\/\/bsmedien.musin.de\/medienberufe\/wp-json\/wp\/v2\/users\/1"}],"replies":[{"embeddable":true,"href":"https:\/\/bsmedien.musin.de\/medienberufe\/wp-json\/wp\/v2\/comments?post=43"}],"version-history":[{"count":14,"href":"https:\/\/bsmedien.musin.de\/medienberufe\/wp-json\/wp\/v2\/pages\/43\/revisions"}],"predecessor-version":[{"id":3380,"href":"https:\/\/bsmedien.musin.de\/medienberufe\/wp-json\/wp\/v2\/pages\/43\/revisions\/3380"}],"wp:attachment":[{"href":"https:\/\/bsmedien.musin.de\/medienberufe\/wp-json\/wp\/v2\/media?parent=43"}],"curies":[{"name":"wp","href":"https:\/\/api.w.org\/{rel}","templated":true}]}}