{"id":41,"date":"2019-09-30T10:23:26","date_gmt":"2019-09-30T08:23:26","guid":{"rendered":"https:\/\/bsmedien.musin.de\/medienberufe\/?page_id=41"},"modified":"2021-12-08T14:19:18","modified_gmt":"2021-12-08T13:19:18","slug":"berufe","status":"publish","type":"page","link":"https:\/\/bsmedien.musin.de\/medienberufe\/berufe\/","title":{"rendered":"Berufe"},"content":{"rendered":"<p>[et_pb_section fb_built=&#8220;1&#8243; _builder_version=&#8220;3.29.3&#8243; custom_padding=&#8220;10px||||false|false&#8220; global_colors_info=&#8220;{}&#8220;][et_pb_row _builder_version=&#8220;3.29.3&#8243; global_colors_info=&#8220;{}&#8220;][et_pb_column type=&#8220;4_4&#8243; _builder_version=&#8220;3.29.3&#8243; global_colors_info=&#8220;{}&#8220;][et_pb_text _builder_version=&#8220;4.14.2&#8243; global_colors_info=&#8220;{}&#8220;]<\/p>\n<h2>Berufe<\/h2>\n<p>Die St\u00e4dtische Berufsschule f\u00fcr Medienberufe ist ein dualer Partner der Medienwirtschaft f\u00fcr folgende <strong>kaufm\u00e4nnische Berufe<\/strong>:<\/p>\n<ul>\n<li><a href=\"https:\/\/bsmedien.musin.de\/medienberufe\/berufe\/kaufmann-frau-fuer-audiovisuelle-medien\/\">Kaufmann\/-frau f\u00fcr audiovisuelle Medien<\/a><\/li>\n<li><a href=\"https:\/\/bsmedien.musin.de\/medienberufe\/berufe\/medienkaufmann-frau-digital-und-print\/\">Medienkaufmann\/-frau Digital und Print<\/a><\/li>\n<li><a href=\"https:\/\/bsmedien.musin.de\/medienberufe\/berufe\/buchhandel\/\">Buchh\u00e4ndler\/in<\/a><\/li>\n<li><a href=\"https:\/\/bsmedien.musin.de\/medienberufe\/berufe\/marketing\/\">Kaufmann\/-frau f\u00fcr Marketingkommunikation<\/a><\/li>\n<li><a href=\"https:\/\/bsmedien.musin.de\/medienberufe\/berufe\/fachangestellte-r-fuer-medien-und-informationsdienste\/\">Fachangestellte\/r f\u00fcr Medien- und Informationsdienste<\/a><\/li>\n<\/ul>\n<p>Ebenso bieten wir Ausbildung f\u00fcr die <strong>technische Berufsgruppe:<\/strong><\/p>\n<ul>\n<li><a href=\"https:\/\/bsmedien.musin.de\/medienberufe\/berufe\/veranstaltungstechnik\/\">Fachkraft f\u00fcr Veranstaltungstechnik<\/a><\/li>\n<\/ul>\n<p>&nbsp;<\/p>\n<p><strong>Es besteht eine enge Zusammenarbeit mit den Zust\u00e4ndigen Stellen der Industrie- und Handelskammern<\/strong><\/p>\n<p><a href=\"https:\/\/www.ihk-muenchen.de\/de\/\" target=\"_blank\" rel=\"noopener\">IHK f\u00fcr M\u00fcnchen und Oberbayern<\/a><br \/><a href=\"https:\/\/www.schwaben.ihk.de\/\" target=\"_blank\" rel=\"noopener\">IHK Schwaben<\/a><br \/><a href=\"https:\/\/www.ihk-niederbayern.de\/\" target=\"_blank\" rel=\"noopener\">IHK Niederbayern<\/a><br \/><a href=\"https:\/\/www.ihk-regensburg.de\/\" target=\"_blank\" rel=\"noopener\">IHK Oberpfalz<\/a><br \/><a href=\"http:\/\/www.bayreuth.ihk.de\/\" target=\"_blank\" rel=\"noopener\">IHK Oberfranken<\/a><br \/><a href=\"https:\/\/www.ihk-nuernberg.de\" target=\"_blank\" rel=\"noopener\">IHK N\u00fcrnberg f\u00fcr Mittelfranken<\/a><br \/><a href=\"https:\/\/www.wuerzburg.ihk.de\/startseite.html\" target=\"_blank\" rel=\"noopener\">IHK Unterfranken<\/a><\/p>\n<p>Sowie f\u00fcr die Fachangestellten f\u00fcr Medien- und Informationsdienste mit den dortigen Zust\u00e4ndigen Stellen:<\/p>\n<p><a href=\"https:\/\/www.bva.bund.de\/DE\/Home\/home_node.html\" target=\"_blank\" rel=\"noopener\">Bundesverwaltungsamt<\/a><br \/><a href=\"https:\/\/www.bsb-muenchen.de\/\" target=\"_blank\" rel=\"noopener\">Bayerischen Staatsbibliothek<\/a><br \/><a href=\"https:\/\/www.gda.bayern.de\/die-staatlichen-archive-bayerns\/\" target=\"_blank\" rel=\"noopener\">Generaldirektion der Staatlichen Archive Bayerns<\/a><\/p>\n<p>[\/et_pb_text][\/et_pb_column][\/et_pb_row][\/et_pb_section]<\/p>\n","protected":false},"excerpt":{"rendered":"<p>Berufe Die St\u00e4dtische Berufsschule f\u00fcr Medienberufe ist ein dualer Partner der Medienwirtschaft f\u00fcr folgende kaufm\u00e4nnische Berufe: Kaufmann\/-frau f\u00fcr audiovisuelle Medien Medienkaufmann\/-frau Digital und Print Buchh\u00e4ndler\/in Kaufmann\/-frau f\u00fcr Marketingkommunikation Fachangestellte\/r f\u00fcr Medien- und Informationsdienste Ebenso bieten wir Ausbildung f\u00fcr die technische Berufsgruppe: Fachkraft f\u00fcr Veranstaltungstechnik &nbsp; Es besteht eine enge Zusammenarbeit mit den Zust\u00e4ndigen Stellen der [&hellip;]<\/p>\n","protected":false},"author":1,"featured_media":0,"parent":0,"menu_order":0,"comment_status":"closed","ping_status":"closed","template":"","meta":{"_et_pb_use_builder":"on","_et_pb_old_content":"","_et_gb_content_width":"","footnotes":""},"class_list":["post-41","page","type-page","status-publish","hentry"],"_links":{"self":[{"href":"https:\/\/bsmedien.musin.de\/medienberufe\/wp-json\/wp\/v2\/pages\/41","targetHints":{"allow":["GET"]}}],"collection":[{"href":"https:\/\/bsmedien.musin.de\/medienberufe\/wp-json\/wp\/v2\/pages"}],"about":[{"href":"https:\/\/bsmedien.musin.de\/medienberufe\/wp-json\/wp\/v2\/types\/page"}],"author":[{"embeddable":true,"href":"https:\/\/bsmedien.musin.de\/medienberufe\/wp-json\/wp\/v2\/users\/1"}],"replies":[{"embeddable":true,"href":"https:\/\/bsmedien.musin.de\/medienberufe\/wp-json\/wp\/v2\/comments?post=41"}],"version-history":[{"count":11,"href":"https:\/\/bsmedien.musin.de\/medienberufe\/wp-json\/wp\/v2\/pages\/41\/revisions"}],"predecessor-version":[{"id":2493,"href":"https:\/\/bsmedien.musin.de\/medienberufe\/wp-json\/wp\/v2\/pages\/41\/revisions\/2493"}],"wp:attachment":[{"href":"https:\/\/bsmedien.musin.de\/medienberufe\/wp-json\/wp\/v2\/media?parent=41"}],"curies":[{"name":"wp","href":"https:\/\/api.w.org\/{rel}","templated":true}]}}