{"id":341,"date":"2019-10-10T11:40:07","date_gmt":"2019-10-10T09:40:07","guid":{"rendered":"https:\/\/bsmedien.musin.de\/medienberufe\/?page_id=341"},"modified":"2025-09-17T16:35:20","modified_gmt":"2025-09-17T14:35:20","slug":"veranstaltungstechnik","status":"publish","type":"page","link":"https:\/\/bsmedien.musin.de\/medienberufe\/berufe\/veranstaltungstechnik\/","title":{"rendered":"Fachkraft f\u00fcr Veranstaltungstechnik"},"content":{"rendered":"<p>[et_pb_section fb_built=&#8220;1&#8243; fullwidth=&#8220;on&#8220; _builder_version=&#8220;4.16&#8243; global_colors_info=&#8220;{}&#8220;][et_pb_fullwidth_image src=&#8220;https:\/\/bsmedien.musin.de\/medienberufe\/wp-content\/uploads\/2019\/12\/berufsausbildung-veranstaltungstechnik-muenchen-1.jpg&#8220; _builder_version=&#8220;4.16&#8243; global_colors_info=&#8220;{}&#8220;][\/et_pb_fullwidth_image][\/et_pb_section][et_pb_section fb_built=&#8220;1&#8243; _builder_version=&#8220;4.16&#8243; custom_padding=&#8220;35px||||false|false&#8220; global_colors_info=&#8220;{}&#8220;][et_pb_row column_structure=&#8220;3_5,2_5&#8243; _builder_version=&#8220;4.16&#8243; global_colors_info=&#8220;{}&#8220;][et_pb_column type=&#8220;3_5&#8243; _builder_version=&#8220;4.16&#8243; global_colors_info=&#8220;{}&#8220;][et_pb_text _builder_version=&#8220;4.16&#8243; global_colors_info=&#8220;{}&#8220;]<\/p>\n<h2>Fachkraft f\u00fcr Veranstaltungstechnik<\/h2>\n<p>Anerkannt durch Verordnung vom 18. Juli 2002, Berlin, BM W&amp;T<br \/> <a href=\"https:\/\/www.bibb.de\/de\/ausbildungsprofil_1877.htm\" target=\"_blank\" rel=\"noopener\">BIBB<\/a>, Stand: 03.06.2016<\/p>\n<p>Die Ausbildung dauert 3 Jahre und findet an den Lernorten Betrieb und Berufsschule statt.<\/p>\n<p>Fachkr\u00e4fte f\u00fcr Veranstaltungstechnik realisieren technische, organisatorische und gestalterische Dienstleistungen, z.B. bei B\u00fchnen &#8211; und open-air-Veranstaltungen, Film- und Fernsehproduktionen, Kongressen, Konzerten, Messen, Produktpr\u00e4sentationen, Shows, Tagungen, Theaterauff\u00fchrungen.<\/p>\n<p><strong>Fachkr\u00e4fte f\u00fcr Veranstaltungstechnik<\/strong><\/p>\n<ul>\n<li>wenden technische Regelwerke und Normen, Regelungen der Versammlungsst\u00e4ttenverordnung sowie Vorschriften des Datenschutzes, Urheber- und Pers\u00f6nlichkeitsschutzes an<\/li>\n<li>beurteilen die Sicherheit und Infrastruktur von Veranstaltungsst\u00e4tten<\/li>\n<li>analysieren Kundenanforderungen, gestalten, konzipieren und kalkulieren Veranstaltungen, stimmen die Konzeption mit dem Kunden ab und beraten Kunden<\/li>\n<li>planen und organisieren veranstaltungstechnische Abl\u00e4ufe<\/li>\n<li>arbeiten und kommunizieren im Team<\/li>\n<li>sichern, transportieren und lagern Ger\u00e4te und Anlagen der Veranstaltungstechnik<\/li>\n<li>pr\u00fcfen die \u00f6rtlichen Gegebenheiten, w\u00e4hlen die erforderlichen Ger\u00e4te und Anlagen aus und stellen diese bereit organisieren und pr\u00fcfen die Energieversorgung<\/li>\n<li>bauen Podeste, Ger\u00fcste und Traversen auf (Rigging) und montieren Ausstattungsteile<\/li>\n<li>bedienen b\u00fchnen- und szenentechnische Einrichtungen<\/li>\n<li>bauen Beleuchtungs- und Projektionseinrichtungen auf, richten sie ein und bedienen sie bauen Beschallungseinrichtungen auf,<\/li>\n<li>richten sie ein und bedienen sie<\/li>\n<li>bauen Aufnahme- und \u00dcbertragungseinrichtungen f\u00fcr Bild, Ton und Daten auf,<\/li>\n<li>richten sie ein und bedienen sie bewerten Spezialeffekte und f\u00fchren sie im Rahmen der gesetzlichen Vorschriften durch<\/li>\n<li>fahren Veranstaltungen.<\/li>\n<\/ul>\n<p>[\/et_pb_text][\/et_pb_column][et_pb_column type=&#8220;2_5&#8243; _builder_version=&#8220;4.16&#8243; global_colors_info=&#8220;{}&#8220;][et_pb_text _builder_version=&#8220;4.16&#8243; width=&#8220;95.1%&#8220; global_colors_info=&#8220;{}&#8220;]<\/p>\n<p><strong>Ansprechpartner<br \/><\/strong>in Vertretung: <a href=\"mailto:stefan.held@bsmedien.muenchen.musin.de\">Stefan Held<\/a><strong><br \/><\/strong><\/p>\n<p>&nbsp;<\/p>\n<p>&nbsp;<\/p>\n<p>[\/et_pb_text][\/et_pb_column][\/et_pb_row][\/et_pb_section]<\/p>\n","protected":false},"excerpt":{"rendered":"<p>Fachkraft f\u00fcr Veranstaltungstechnik Anerkannt durch Verordnung vom 18. Juli 2002, Berlin, BM W&amp;T BIBB, Stand: 03.06.2016 Die Ausbildung dauert 3 Jahre und findet an den Lernorten Betrieb und Berufsschule statt. Fachkr\u00e4fte f\u00fcr Veranstaltungstechnik realisieren technische, organisatorische und gestalterische Dienstleistungen, z.B. bei B\u00fchnen &#8211; und open-air-Veranstaltungen, Film- und Fernsehproduktionen, Kongressen, Konzerten, Messen, Produktpr\u00e4sentationen, Shows, Tagungen, Theaterauff\u00fchrungen. [&hellip;]<\/p>\n","protected":false},"author":1,"featured_media":0,"parent":41,"menu_order":0,"comment_status":"closed","ping_status":"closed","template":"","meta":{"_et_pb_use_builder":"on","_et_pb_old_content":"","_et_gb_content_width":"","footnotes":""},"class_list":["post-341","page","type-page","status-publish","hentry"],"_links":{"self":[{"href":"https:\/\/bsmedien.musin.de\/medienberufe\/wp-json\/wp\/v2\/pages\/341","targetHints":{"allow":["GET"]}}],"collection":[{"href":"https:\/\/bsmedien.musin.de\/medienberufe\/wp-json\/wp\/v2\/pages"}],"about":[{"href":"https:\/\/bsmedien.musin.de\/medienberufe\/wp-json\/wp\/v2\/types\/page"}],"author":[{"embeddable":true,"href":"https:\/\/bsmedien.musin.de\/medienberufe\/wp-json\/wp\/v2\/users\/1"}],"replies":[{"embeddable":true,"href":"https:\/\/bsmedien.musin.de\/medienberufe\/wp-json\/wp\/v2\/comments?post=341"}],"version-history":[{"count":20,"href":"https:\/\/bsmedien.musin.de\/medienberufe\/wp-json\/wp\/v2\/pages\/341\/revisions"}],"predecessor-version":[{"id":3313,"href":"https:\/\/bsmedien.musin.de\/medienberufe\/wp-json\/wp\/v2\/pages\/341\/revisions\/3313"}],"up":[{"embeddable":true,"href":"https:\/\/bsmedien.musin.de\/medienberufe\/wp-json\/wp\/v2\/pages\/41"}],"wp:attachment":[{"href":"https:\/\/bsmedien.musin.de\/medienberufe\/wp-json\/wp\/v2\/media?parent=341"}],"curies":[{"name":"wp","href":"https:\/\/api.w.org\/{rel}","templated":true}]}}