{"id":2965,"date":"2023-05-23T17:36:05","date_gmt":"2023-05-23T15:36:05","guid":{"rendered":"https:\/\/bsmedien.musin.de\/medienberufe\/?page_id=2965"},"modified":"2023-05-23T17:41:19","modified_gmt":"2023-05-23T15:41:19","slug":"auslandspraktikum-waehrend-und-nach-der-ausbildung-im-europaeischen-ausland-als-fami","status":"publish","type":"page","link":"https:\/\/bsmedien.musin.de\/medienberufe\/international\/auslandspraktikum-waehrend-und-nach-der-ausbildung-im-europaeischen-ausland-als-fami\/","title":{"rendered":"Auslandspraktikum w\u00e4hrend und nach der Ausbildung im europ\u00e4ischen Ausland als FaMI"},"content":{"rendered":"<p>[et_pb_section fb_built=&#8220;1&#8243; _builder_version=&#8220;4.16&#8243; custom_padding=&#8220;35px||||false|false&#8220; global_colors_info=&#8220;{}&#8220;][et_pb_row use_custom_gutter=&#8220;on&#8220; gutter_width=&#8220;4&#8243; _builder_version=&#8220;4.21.0&#8243; custom_margin=&#8220;||||false|false&#8220; custom_padding=&#8220;20px||||false|false&#8220; global_colors_info=&#8220;{}&#8220;][et_pb_column type=&#8220;4_4&#8243; _builder_version=&#8220;4.16&#8243; global_colors_info=&#8220;{}&#8220;][et_pb_text _builder_version=&#8220;4.21.0&#8243; hover_enabled=&#8220;0&#8243; global_colors_info=&#8220;{}&#8220; sticky_enabled=&#8220;0&#8243;]<\/p>\n<h2><strong>\u00a0<\/strong><\/h2>\n<h2><strong>Auslandspraktikum w\u00e4hrend und nach der Ausbildung im europ\u00e4ischen Ausland als FaMI<\/strong><\/h2>\n<h2><strong> \u00a0\u00a0\u00a0\u00a0\u00a0\u00a0\u00a0 <img loading=\"lazy\" decoding=\"async\" src=\"https:\/\/bsmedien.musin.de\/medienberufe\/wp-content\/uploads\/2023\/05\/Erasmusfinanzierung-300x78.jpg\" alt=\"Kofinanziert durch das Programm Erasmus+ der Europ\u00e4ischen Union\" class=\"wp-image-2939 alignnone size-medium\" width=\"300\" height=\"78\" title=\"\">\u00a0\u00a0\u00a0\u00a0\u00a0\u00a0\u00a0\u00a0\u00a0\u00a0\u00a0\u00a0\u00a0\u00a0\u00a0\u00a0\u00a0\u00a0\u00a0\u00a0\u00a0\u00a0\u00a0\u00a0\u00a0\u00a0\u00a0\u00a0\u00a0\u00a0\u00a0\u00a0\u00a0\u00a0\u00a0\u00a0\u00a0\u00a0\u00a0\u00a0\u00a0\u00a0 <\/strong><\/h2>\n<p>Du bist Fachangestellte\/r f\u00fcr Medien- und Informationsdienste und m\u00f6chtest einmal eine Bibliothek, ein Archiv oder eine Einrichtung der Informationsbranche im europ\u00e4ischen Ausland kennenlernen?<\/p>\n<p>Die Auszubildende Marlene hat w\u00e4hrend ihrer Ausbildung bei der Stadtbibliothek W\u00fcrzburg ein dreiw\u00f6chiges Auslandspraktikum bei der Ume\u00e5 stadsbibliotek in Schweden gemacht. Dort unterst\u00fctzte sie die Mitarbeiter*innen der Stadtbibliothek bei Veranstaltungen, dem Sprachcaf\u00e9, bei Vorbestellungen, dem B\u00fccherbus und bei vielen weiteren spannenden Aufgaben. Das Highlight ihres Praktikums war die hauseigene Reparaturwerkstatt f\u00fcr B\u00fccher.<\/p>\n<p>Durch die Teilnahme am Erasmus Plus Programm bekam sie sowohl finanzielle als auch organisatorische Unterst\u00fctzung.<\/p>\n<p>Falls ihr noch mehr \u00fcber den Aufenthalt von Marlene wissen m\u00f6chtet, schaut euch den Blog der Stadtbibliothek W\u00fcrzburg an.<\/p>\n<p><a href=\"https:\/\/blog-stadtbuecherei-wuerzburg.de\/auslandspraktikum-in-umea-teil-1\/\" target=\"_blank\" rel=\"noopener\">Teil 1<\/a><\/p>\n<p><a href=\"https:\/\/blog-stadtbuecherei-wuerzburg.de\/auslandspraktikum-in-umea-teil-2\/\" target=\"_blank\" rel=\"noopener\">Teil 2<\/a><\/p>\n<p><a href=\"https:\/\/blog-stadtbuecherei-wuerzburg.de\/auslandspraktikum-in-umea-teil-3\/\" target=\"_blank\" rel=\"noopener\">Teil 3<\/a><\/p>\n<p>&nbsp;<\/p>\n<p><strong>Erasmus Plus f\u00fcr FaMIs<\/strong><\/p>\n<p>Kontakt: Rebecca Metz<\/p>\n<p>Raum: 5.1.18<\/p>\n<p>E-Mail: <a href=\"mailto:rebecca.metz@bsmedien.muenchen.musin.de\" target=\"_blank\" rel=\"noopener\">rebecca.metz@bsmedien.muenchen.musin.de<\/a><\/p>\n<p>&nbsp;<\/p>\n<p>&nbsp;<\/p>\n<p>[\/et_pb_text][\/et_pb_column][\/et_pb_row][\/et_pb_section]<\/p>\n","protected":false},"excerpt":{"rendered":"<p>\u00a0 Auslandspraktikum w\u00e4hrend und nach der Ausbildung im europ\u00e4ischen Ausland als FaMI \u00a0\u00a0\u00a0\u00a0\u00a0\u00a0\u00a0 \u00a0\u00a0\u00a0\u00a0\u00a0\u00a0\u00a0\u00a0\u00a0\u00a0\u00a0\u00a0\u00a0\u00a0\u00a0\u00a0\u00a0\u00a0\u00a0\u00a0\u00a0\u00a0\u00a0\u00a0\u00a0\u00a0\u00a0\u00a0\u00a0\u00a0\u00a0\u00a0\u00a0\u00a0\u00a0\u00a0\u00a0\u00a0\u00a0\u00a0\u00a0\u00a0 Du bist Fachangestellte\/r f\u00fcr Medien- und Informationsdienste und m\u00f6chtest einmal eine Bibliothek, ein Archiv oder eine Einrichtung der Informationsbranche im europ\u00e4ischen Ausland kennenlernen? Die Auszubildende Marlene hat w\u00e4hrend ihrer Ausbildung bei der Stadtbibliothek W\u00fcrzburg ein dreiw\u00f6chiges Auslandspraktikum bei der Ume\u00e5 stadsbibliotek [&hellip;]<\/p>\n","protected":false},"author":4,"featured_media":0,"parent":80,"menu_order":0,"comment_status":"closed","ping_status":"closed","template":"","meta":{"_et_pb_use_builder":"on","_et_pb_old_content":"","_et_gb_content_width":"","footnotes":""},"class_list":["post-2965","page","type-page","status-publish","hentry"],"_links":{"self":[{"href":"https:\/\/bsmedien.musin.de\/medienberufe\/wp-json\/wp\/v2\/pages\/2965","targetHints":{"allow":["GET"]}}],"collection":[{"href":"https:\/\/bsmedien.musin.de\/medienberufe\/wp-json\/wp\/v2\/pages"}],"about":[{"href":"https:\/\/bsmedien.musin.de\/medienberufe\/wp-json\/wp\/v2\/types\/page"}],"author":[{"embeddable":true,"href":"https:\/\/bsmedien.musin.de\/medienberufe\/wp-json\/wp\/v2\/users\/4"}],"replies":[{"embeddable":true,"href":"https:\/\/bsmedien.musin.de\/medienberufe\/wp-json\/wp\/v2\/comments?post=2965"}],"version-history":[{"count":2,"href":"https:\/\/bsmedien.musin.de\/medienberufe\/wp-json\/wp\/v2\/pages\/2965\/revisions"}],"predecessor-version":[{"id":2968,"href":"https:\/\/bsmedien.musin.de\/medienberufe\/wp-json\/wp\/v2\/pages\/2965\/revisions\/2968"}],"up":[{"embeddable":true,"href":"https:\/\/bsmedien.musin.de\/medienberufe\/wp-json\/wp\/v2\/pages\/80"}],"wp:attachment":[{"href":"https:\/\/bsmedien.musin.de\/medienberufe\/wp-json\/wp\/v2\/media?parent=2965"}],"curies":[{"name":"wp","href":"https:\/\/api.w.org\/{rel}","templated":true}]}}