{"id":2942,"date":"2023-05-23T13:33:43","date_gmt":"2023-05-23T11:33:43","guid":{"rendered":"https:\/\/bsmedien.musin.de\/medienberufe\/?page_id=2942"},"modified":"2023-05-23T13:35:27","modified_gmt":"2023-05-23T11:35:27","slug":"kaufmann_kauffrau_international","status":"publish","type":"page","link":"https:\/\/bsmedien.musin.de\/medienberufe\/international\/kaufmann_kauffrau_international\/","title":{"rendered":"Kaufmann\/Kauffrau International (AHK)"},"content":{"rendered":"<p>[et_pb_section fb_built=&#8220;1&#8243; _builder_version=&#8220;4.16&#8243; custom_padding=&#8220;35px||||false|false&#8220; global_colors_info=&#8220;{}&#8220;][et_pb_row use_custom_gutter=&#8220;on&#8220; gutter_width=&#8220;4&#8243; _builder_version=&#8220;4.21.0&#8243; custom_margin=&#8220;||||false|false&#8220; custom_padding=&#8220;20px||||false|false&#8220; global_colors_info=&#8220;{}&#8220;][et_pb_column type=&#8220;4_4&#8243; _builder_version=&#8220;4.16&#8243; global_colors_info=&#8220;{}&#8220;][et_pb_text _builder_version=&#8220;4.21.0&#8243; global_colors_info=&#8220;{}&#8220;]<\/p>\n<h2><strong>Zusatzqualifikation \u201eKaufmann\/Kauffrau International (AHK)&#8220;<\/strong><\/h2>\n<p>Englisch oder Spanisch<\/p>\n<p>In Zusammenarbeit mit internationalen Handelskammern k\u00f6nnen Auszubildende, die Zusatzqualifikation Kaufmann\/Kauffrau International erwerben.<\/p>\n<p>Am <a href=\"http:\/\/www.ecbm-london.de\" target=\"_blank\" rel=\"noopener\">European College of Business and Management<\/a> nehmen die Auszubildenden an einem Intensiv-Berufskurs, dem Professional Development Programme (PDP) teil. Dieser dauert drei Wochen, davon findet eine Woche online und zwei Wochen in Dublin statt. Die Kursschwerpunkte liegen auf der Vermittlung von wirtschaftspolitischen Kenntnissen, sowie dem Training von Business und Communication Skills. <br \/>Der Unterricht wird ausschlie\u00dflich auf Englisch abgehalten. Neben dem Unterricht in Modulform finden Exkursionen mit Unterrichtsbezug statt. Der Stundenplan sieht dar\u00fcber hinaus ausreichende Zeit zur Vorbereitung der Pr\u00fcfungen vor. <br \/>Bei erfolgreichem Abschluss des Kurses und der erfolgreich abgelegten IHK-Abschlusspr\u00fcfung im kaufm\u00e4nnischen Ausbildungsberuf wird von der Deutsch-Britischen Industrie- und Handelskammer (AHK London) die Zusatzqualifikation Kaufmann\/Kauffrau International (AHK) verliehen.<\/p>\n<p>Zum Erlangen der Zusatzqualifikation sind folgende Leistungen zu erbringen:<\/p>\n<ul>\n<li>m\u00fcndliche Pr\u00e4sentation (10-15 Minuten)<\/li>\n<li>schriftliche Pr\u00fcfung (180 Minuten)<\/li>\n<li>schriftliche Hausarbeit<\/li>\n<\/ul>\n<p>Spanien bietet einen gleichwertigen Kurs in Madrid an.<br \/>Weitere Informationen: <a href=\"https:\/\/www.kaufmann-international-spanien.com\/\" target=\"_blank\" rel=\"noopener\">https:\/\/www.kaufmann-international-spanien.com\/<\/a><\/p>\n<h3><strong><br \/>\u00dcberblick<\/strong><\/h3>\n<p>&nbsp;<\/p>\n<h2><strong>\u00a0<\/strong><\/h2>\n<p>[\/et_pb_text][\/et_pb_column][\/et_pb_row][et_pb_row column_structure=&#8220;1_2,1_2&#8243; _builder_version=&#8220;4.21.0&#8243; _module_preset=&#8220;default&#8220; hover_enabled=&#8220;0&#8243; global_colors_info=&#8220;{}&#8220; sticky_enabled=&#8220;0&#8243;][et_pb_column type=&#8220;1_2&#8243; _builder_version=&#8220;4.21.0&#8243; _module_preset=&#8220;default&#8220; global_colors_info=&#8220;{}&#8220;][et_pb_text _builder_version=&#8220;4.21.0&#8243; _module_preset=&#8220;default&#8220; global_colors_info=&#8220;{}&#8220;]<\/p>\n<p>Zeitraum:\u00a0\u00a0\u00a0\u00a0\u00a0\u00a0\u00a0\u00a0\u00a0\u00a0\u00a0\u00a0\u00a0\u00a0\u00a0\u00a0\u00a0\u00a0\u00a0\u00a0\u00a0\u00a0\u00a0\u00a0\u00a0\u00a0\u00a0<\/p>\n<p>Teilnahmevoraussetzungen:\u00a0\u00a0\u00a0\u00a0\u00a0\u00a0<\/p>\n<p>&nbsp;<\/p>\n<p>&nbsp;<\/p>\n<p>Teilnehmerzahl:<\/p>\n<p>Leistungen:\u00a0\u00a0\u00a0\u00a0\u00a0\u00a0\u00a0<\/p>\n<p>&nbsp;<\/p>\n<p>\u00a0<br \/>Finanzierung:\u00a0\u00a0\u00a0<\/p>\n<p>&nbsp;<\/p>\n<p>Eigenanteil: 1.000,00 \u20ac\u00a0\u00a0\u00a0\u00a0\u00a0\u00a0\u00a0<\/p>\n<p>[\/et_pb_text][\/et_pb_column][et_pb_column type=&#8220;1_2&#8243; _builder_version=&#8220;4.21.0&#8243; _module_preset=&#8220;default&#8220; global_colors_info=&#8220;{}&#8220;][et_pb_text _builder_version=&#8220;4.21.0&#8243; _module_preset=&#8220;default&#8220; custom_padding=&#8220;|0px||||&#8220; global_colors_info=&#8220;{}&#8220;]<\/p>\n<p>f\u00fcr Dublin die letzten drei Wochen im Juli \/Madrid individuell<\/p>\n<p>Bewerben k\u00f6nnen sich Auszubildende, die zum Zeitpunkt der Abreise<br \/>mindestens 18 Jahre alt und noch im Ausbildungsverh\u00e4ltnis sind, oder<br \/>der Ausbildungszeitraum kein Jahr zur\u00fcckliegt. Gerne unterst\u00fctzen<br \/>wir auch Interessierte mit wenig Auslandserfahrungen oder<br \/>Einschr\u00e4nkungen. Trau dich, wir unterst\u00fctzen dich!<\/p>\n<p>Dublin 20\/ Madrid individuell<\/p>\n<p>PDP-Kurs des ECBM, diverse Exkursionen, Auslandshaftpflicht-, Unfall-<br \/>und Krankenversicherung, interkulturelle Seminare, Vor- und<br \/>Nachbereitungsseminare in Deutschland, pers\u00f6nliche und fachliche<br \/>Betreuung durch das Erasmus+ Team.<\/p>\n<p>Erasmus+ Stipendium der Europ\u00e4ischen Union f\u00fcr Reise und<br \/>Aufenthalt<\/p>\n<p>F\u00fcr Kurs- und Pr\u00fcfungsgeb\u00fchren, Versicherungen (eventuelle<br \/>\u00dcbernahme als Fortbildungskosten durch den Ausbildungsbetrieb)<\/p>\n<p>[\/et_pb_text][et_pb_text _builder_version=&#8220;4.21.0&#8243; _module_preset=&#8220;default&#8220; global_colors_info=&#8220;{}&#8220;][\/et_pb_text][\/et_pb_column][\/et_pb_row][\/et_pb_section]<\/p>\n","protected":false},"excerpt":{"rendered":"<p>Zusatzqualifikation \u201eKaufmann\/Kauffrau International (AHK)&#8220; Englisch oder Spanisch In Zusammenarbeit mit internationalen Handelskammern k\u00f6nnen Auszubildende, die Zusatzqualifikation Kaufmann\/Kauffrau International erwerben. Am European College of Business and Management nehmen die Auszubildenden an einem Intensiv-Berufskurs, dem Professional Development Programme (PDP) teil. Dieser dauert drei Wochen, davon findet eine Woche online und zwei Wochen in Dublin statt. Die Kursschwerpunkte [&hellip;]<\/p>\n","protected":false},"author":4,"featured_media":0,"parent":80,"menu_order":0,"comment_status":"closed","ping_status":"closed","template":"","meta":{"_et_pb_use_builder":"on","_et_pb_old_content":"","_et_gb_content_width":"","footnotes":""},"class_list":["post-2942","page","type-page","status-publish","hentry"],"_links":{"self":[{"href":"https:\/\/bsmedien.musin.de\/medienberufe\/wp-json\/wp\/v2\/pages\/2942","targetHints":{"allow":["GET"]}}],"collection":[{"href":"https:\/\/bsmedien.musin.de\/medienberufe\/wp-json\/wp\/v2\/pages"}],"about":[{"href":"https:\/\/bsmedien.musin.de\/medienberufe\/wp-json\/wp\/v2\/types\/page"}],"author":[{"embeddable":true,"href":"https:\/\/bsmedien.musin.de\/medienberufe\/wp-json\/wp\/v2\/users\/4"}],"replies":[{"embeddable":true,"href":"https:\/\/bsmedien.musin.de\/medienberufe\/wp-json\/wp\/v2\/comments?post=2942"}],"version-history":[{"count":5,"href":"https:\/\/bsmedien.musin.de\/medienberufe\/wp-json\/wp\/v2\/pages\/2942\/revisions"}],"predecessor-version":[{"id":2950,"href":"https:\/\/bsmedien.musin.de\/medienberufe\/wp-json\/wp\/v2\/pages\/2942\/revisions\/2950"}],"up":[{"embeddable":true,"href":"https:\/\/bsmedien.musin.de\/medienberufe\/wp-json\/wp\/v2\/pages\/80"}],"wp:attachment":[{"href":"https:\/\/bsmedien.musin.de\/medienberufe\/wp-json\/wp\/v2\/media?parent=2942"}],"curies":[{"name":"wp","href":"https:\/\/api.w.org\/{rel}","templated":true}]}}