{"id":2926,"date":"2023-05-23T12:57:50","date_gmt":"2023-05-23T10:57:50","guid":{"rendered":"https:\/\/bsmedien.musin.de\/medienberufe\/?page_id=2926"},"modified":"2023-05-23T13:49:06","modified_gmt":"2023-05-23T11:49:06","slug":"auslandspraktikum_usa_canada","status":"publish","type":"page","link":"https:\/\/bsmedien.musin.de\/medienberufe\/international\/auslandspraktikum_usa_canada\/","title":{"rendered":"Auslandspraktikum in den USA und Canada"},"content":{"rendered":"<p>[et_pb_section fb_built=&#8220;1&#8243; _builder_version=&#8220;4.16&#8243; custom_padding=&#8220;35px||||false|false&#8220; global_colors_info=&#8220;{}&#8220;][et_pb_row use_custom_gutter=&#8220;on&#8220; gutter_width=&#8220;4&#8243; _builder_version=&#8220;4.21.0&#8243; custom_margin=&#8220;||||false|false&#8220; custom_padding=&#8220;20px||||false|false&#8220; global_colors_info=&#8220;{}&#8220;][et_pb_column type=&#8220;4_4&#8243; _builder_version=&#8220;4.16&#8243; global_colors_info=&#8220;{}&#8220;][et_pb_text _builder_version=&#8220;4.21.0&#8243; global_colors_info=&#8220;{}&#8220; hover_enabled=&#8220;0&#8243; sticky_enabled=&#8220;0&#8243;]<\/p>\n<h2><strong>Auslandspraktikum w\u00e4hrend und nach der Ausbildung in den USA und Canada<\/strong><\/h2>\n<p><strong><\/strong><\/p>\n<h4><strong>Joachim Herz Stiftung: Azubi-Stipendien f\u00fcr USA und Kanada\u00a0\u00a0\u00a0\u00a0 <img loading=\"lazy\" decoding=\"async\" src=\"https:\/\/bsmedien.musin.de\/medienberufe\/wp-content\/uploads\/2023\/05\/Joachim-Herz-Stiftung-Logo.png\" alt=\"Logo der Joachim Herz Stiftung\" class=\"wp-image-2955 alignnone size-full\" width=\"190\" height=\"186\" title=\"\"><br \/><\/strong><\/h4>\n<p>Praktika und College-Besuche<\/p>\n<p>&nbsp;<\/p>\n<ul>\n<li><strong> <\/strong><strong>Homepage der Joachim Herz Stiftung<br \/><\/strong><a href=\"https:\/\/www.joachim-herz-stiftung.de\/lernen\/azubis-usa-canada\" target=\"_blank\" rel=\"noopener\">https:\/\/www.joachim-herz-stiftung.de\/lernen\/azubis-usa-canada<\/a><\/li>\n<li><strong> <\/strong><strong>Imagefilm<\/strong><br \/><a href=\"https:\/\/youtu.be\/sFGtmKIRrkk\" target=\"_blank\" rel=\"noopener\">https:\/\/youtu.be\/sFGtmKIRrkk<\/a><\/li>\n<\/ul>\n<p>&nbsp;<\/p>\n<p><strong>\u00dcberblick<\/strong><\/p>\n<p>[\/et_pb_text][\/et_pb_column][\/et_pb_row][et_pb_row column_structure=&#8220;2_5,3_5&#8243; _builder_version=&#8220;4.21.0&#8243; _module_preset=&#8220;default&#8220; global_colors_info=&#8220;{}&#8220;][et_pb_column type=&#8220;2_5&#8243; _builder_version=&#8220;4.21.0&#8243; _module_preset=&#8220;default&#8220; global_colors_info=&#8220;{}&#8220;][et_pb_text _builder_version=&#8220;4.21.0&#8243; _module_preset=&#8220;default&#8220; global_colors_info=&#8220;{}&#8220; hover_enabled=&#8220;0&#8243; sticky_enabled=&#8220;0&#8243;]<\/p>\n<p>Bewerbungszeitraum:<\/p>\n<p>&nbsp;<\/p>\n<p>Teilnahmevoraussetzung<\/p>\n<p>&nbsp;<\/p>\n<p>&nbsp;<\/p>\n<p>&nbsp;<\/p>\n<p>&nbsp;<\/p>\n<p>Programmelemente:\u00a0\u00a0\u00a0\u00a0\u00a0<\/p>\n<p>&nbsp;<\/p>\n<p>&nbsp;<\/p>\n<p>&nbsp;<\/p>\n<p>&nbsp;<\/p>\n<p>Leistungen:\u00a0\u00a0\u00a0\u00a0\u00a0\u00a0\u00a0<\/p>\n<p>&nbsp;<\/p>\n<p>Finanzierung:\u00a0\u00a0\u00a0\u00a0\u00a0\u00a0\u00a0\u00a0\u00a0\u00a0\u00a0\u00a0\u00a0\u00a0\u00a0\u00a0\u00a0\u00a0\u00a0<\/p>\n<p>Eigenanteil: \u00a0\u00a0\u00a0\u00a0\u00a0\u00a0<\/p>\n<p>&nbsp;<\/p>\n<p>&nbsp;<\/p>\n<p>&nbsp;<\/p>\n<p>[\/et_pb_text][\/et_pb_column][et_pb_column type=&#8220;3_5&#8243; _builder_version=&#8220;4.21.0&#8243; _module_preset=&#8220;default&#8220; global_colors_info=&#8220;{}&#8220;][et_pb_text _builder_version=&#8220;4.21.0&#8243; _module_preset=&#8220;default&#8220; global_colors_info=&#8220;{}&#8220; hover_enabled=&#8220;0&#8243; sticky_enabled=&#8220;0&#8243; content_last_edited=&#8220;off|phone&#8220;]<\/p>\n<p>Die aktuelle Bewerbungsphase f\u00fcr USA-Aufenthalte im Fr\u00fchling l\u00e4uft<br \/>vom 1. Mai 2023 und endet am Freitag, 30. Juni 2023.<\/p>\n<p>&nbsp;<\/p>\n<p>Bewerben k\u00f6nnen sich Auszubildende, die:<br \/>zum Zeitpunkt der Abreise mindestens 18 Jahre und h\u00f6chstens 27<br \/>Jahre alt und noch im Ausbildungsverh\u00e4ltnis sind,<br \/>\u00fcber ausreichend Englischkenntnisse verf\u00fcgen,<br \/>noch wenig oder keine Auslandserfahrungen gesammelt haben.<\/p>\n<p>&nbsp;<\/p>\n<p>6-w\u00f6chiges <strong>Collegeprogramm<\/strong> (M\u00e4rz bis April) in Georgia, USA<\/p>\n<p>oder<\/p>\n<p>8-w\u00f6chiges <strong>Betriebspraktikum <\/strong>(M\u00e4rz bis Mai) in Georgia, USA<\/p>\n<p>Stipendium f\u00fcr Reise- und Aufenthaltskosten, Kosten der<br \/>Visumsvorbereitung, Vermittlung eines Praktikumsplatzes oder<br \/>Organisation eines Kursbesuchs an einem College, Auslands-<br \/>krankenversicherung, interkulturelle Seminare, Vor- und<br \/>Nachbereitungsseminare in Deutschland, umfassende pers\u00f6nliche<br \/>und fachliche Betreuung vor Ort\u00a0<\/p>\n<p>Stipendium der Joachim Herz Stiftung<\/p>\n<p>Verpflegungskosten in den USA, Kosten f\u00fcr die Neuanschaffung eines<br \/>Reisepasses, Kosten f\u00fcr Visumsfotos, Reisekosten zum<br \/>Auswahlgespr\u00e4ch und Visumsinterview, Visumsgeb\u00fchr<\/p>\n<p>[\/et_pb_text][\/et_pb_column][\/et_pb_row][\/et_pb_section]<\/p>\n","protected":false},"excerpt":{"rendered":"<p>Auslandspraktikum w\u00e4hrend und nach der Ausbildung in den USA und Canada Joachim Herz Stiftung: Azubi-Stipendien f\u00fcr USA und Kanada\u00a0\u00a0\u00a0\u00a0 Praktika und College-Besuche &nbsp; Homepage der Joachim Herz Stiftunghttps:\/\/www.joachim-herz-stiftung.de\/lernen\/azubis-usa-canada Imagefilmhttps:\/\/youtu.be\/sFGtmKIRrkk &nbsp; \u00dcberblickBewerbungszeitraum: &nbsp; Teilnahmevoraussetzung &nbsp; &nbsp; &nbsp; &nbsp; Programmelemente:\u00a0\u00a0\u00a0\u00a0\u00a0 &nbsp; &nbsp; &nbsp; &nbsp; Leistungen:\u00a0\u00a0\u00a0\u00a0\u00a0\u00a0\u00a0 &nbsp; Finanzierung:\u00a0\u00a0\u00a0\u00a0\u00a0\u00a0\u00a0\u00a0\u00a0\u00a0\u00a0\u00a0\u00a0\u00a0\u00a0\u00a0\u00a0\u00a0\u00a0 Eigenanteil: \u00a0\u00a0\u00a0\u00a0\u00a0\u00a0 &nbsp; &nbsp; &nbsp;Die aktuelle Bewerbungsphase f\u00fcr USA-Aufenthalte im [&hellip;]<\/p>\n","protected":false},"author":4,"featured_media":0,"parent":80,"menu_order":0,"comment_status":"closed","ping_status":"closed","template":"","meta":{"_et_pb_use_builder":"on","_et_pb_old_content":"","_et_gb_content_width":"","footnotes":""},"class_list":["post-2926","page","type-page","status-publish","hentry"],"_links":{"self":[{"href":"https:\/\/bsmedien.musin.de\/medienberufe\/wp-json\/wp\/v2\/pages\/2926","targetHints":{"allow":["GET"]}}],"collection":[{"href":"https:\/\/bsmedien.musin.de\/medienberufe\/wp-json\/wp\/v2\/pages"}],"about":[{"href":"https:\/\/bsmedien.musin.de\/medienberufe\/wp-json\/wp\/v2\/types\/page"}],"author":[{"embeddable":true,"href":"https:\/\/bsmedien.musin.de\/medienberufe\/wp-json\/wp\/v2\/users\/4"}],"replies":[{"embeddable":true,"href":"https:\/\/bsmedien.musin.de\/medienberufe\/wp-json\/wp\/v2\/comments?post=2926"}],"version-history":[{"count":10,"href":"https:\/\/bsmedien.musin.de\/medienberufe\/wp-json\/wp\/v2\/pages\/2926\/revisions"}],"predecessor-version":[{"id":2958,"href":"https:\/\/bsmedien.musin.de\/medienberufe\/wp-json\/wp\/v2\/pages\/2926\/revisions\/2958"}],"up":[{"embeddable":true,"href":"https:\/\/bsmedien.musin.de\/medienberufe\/wp-json\/wp\/v2\/pages\/80"}],"wp:attachment":[{"href":"https:\/\/bsmedien.musin.de\/medienberufe\/wp-json\/wp\/v2\/media?parent=2926"}],"curies":[{"name":"wp","href":"https:\/\/api.w.org\/{rel}","templated":true}]}}