{"id":2711,"date":"2022-11-09T10:28:53","date_gmt":"2022-11-09T09:28:53","guid":{"rendered":"https:\/\/bsmedien.musin.de\/medienberufe\/?page_id=2711"},"modified":"2025-09-17T16:59:17","modified_gmt":"2025-09-17T14:59:17","slug":"interkulturelle-kommunikation","status":"publish","type":"page","link":"https:\/\/bsmedien.musin.de\/medienberufe\/kurse\/interkulturelle-kommunikation\/","title":{"rendered":"Interkulturelle Kommunikation"},"content":{"rendered":"<p>[et_pb_section fb_built=&#8220;1&#8243; _builder_version=&#8220;4.16&#8243; custom_padding=&#8220;18px||||false|false&#8220; global_colors_info=&#8220;{}&#8220;][et_pb_row column_structure=&#8220;3_5,2_5&#8243; _builder_version=&#8220;4.16&#8243; custom_padding=&#8220;20px||||false|false&#8220; global_colors_info=&#8220;{}&#8220;][et_pb_column type=&#8220;3_5&#8243; _builder_version=&#8220;4.16&#8243; global_colors_info=&#8220;{}&#8220;][et_pb_text _builder_version=&#8220;4.18.0&#8243; global_colors_info=&#8220;{}&#8220;]<\/p>\n<h1><strong>Interkulturelle Kommunikation<\/strong><\/h1>\n<p><strong>Wir alle sind verschieden und das ist gro\u00dfartig! <\/strong><\/p>\n<p>deutschrelevant<\/p>\n<p>&nbsp;<\/p>\n<p><strong>Voraussetzungen:<\/strong><\/p>\n<p>Interesse an der Auseinandersetzung mit dem Eigenen und Fremden<\/p>\n<p>&nbsp;<\/p>\n<p><strong>Lernzielkontrolle:<\/strong><\/p>\n<p>1 Schulaufgabe<br \/>2 m\u00fcndliche Noten<\/p>\n<p>&nbsp;<\/p>\n<p><strong>Kurzbeschreibung: <\/strong><\/p>\n<p>Wir machen Urlaub in fernen L\u00e4ndern, pflegen internationale Gesch\u00e4ftsbeziehungen, befreunden uns mit Menschen vom anderen Ende der Welt, und immer \u00f6fter arbeiten und leben wir (eine Zeit lang) im Ausland.<\/p>\n<p>Die interkulturelle Kommunikation zwischen einzelnen Menschen und Organisationen f\u00fchrt oft zu Missverst\u00e4ndnissen \u2013 dies kann an unterschiedlichen Gebr\u00e4uchen oder Traditionen der jeweiligen Kulturen liegen. Daher ist es wichtig, sich kulturelle Unterschiede bewusst zu machen und darauf zu reagieren. Wer an einem interkulturellen Training teilgenommen hat, kann mit den Herausforderungen besser umgehen.<\/p>\n<p>Der Kurs gibt allen Interessierten wertvolle Tipps f\u00fcr den Umgang mit anderen Kulturen, und er bereitet die Teilnehmer\/innen auch auf Auslandsaufenthalte \u2013 z.B. im Rahmen von Erasmus+ \u2013 vor.<\/p>\n<p>&nbsp;<\/p>\n<p><strong>Lerninhalte:<\/strong><\/p>\n<p>Kulturgenerelles Training<\/p>\n<ul>\n<li>Begriffsdefinitionen (Kultur, Interkulturelle Kompetenz, Stereotype, etc.)<\/li>\n<li>Kennenlernen nonverbaler, paraverbaler und direkter Kommunikationsfaktoren<\/li>\n<li>Selbstbild der Kultur der Teilnehmer\/innen<\/li>\n<li>Simulationen, \u00dcbungen und Gruppenarbeiten zur kulturellen<br \/>(Selbst-)Reflexion<\/li>\n<li>Erkennen und Reagieren auf Konflikt f\u00f6rdernde Handlungen<\/li>\n<\/ul>\n<p>&nbsp;<\/p>\n<p>Kulturspezifisches Training<\/p>\n<ul>\n<li>Auseinandersetzung mit der Gastkultur eines selbst gew\u00e4hlten Kulturkreises<\/li>\n<li>Pr\u00e4sentationen der Gruppenarbeit zu kulturspezifischen Themen<\/li>\n<\/ul>\n<p>&nbsp;<\/p>\n<p><a href=\"https:\/\/bsmedien.musin.de\/medienberufe\/menschen\/silke-fengler\/\"><\/a><\/p>\n<p>[\/et_pb_text][\/et_pb_column][et_pb_column type=&#8220;2_5&#8243; _builder_version=&#8220;4.16&#8243; global_colors_info=&#8220;{}&#8220;][et_pb_text _builder_version=&#8220;4.18.0&#8243; global_colors_info=&#8220;{}&#8220;]<\/p>\n<p><strong>Kurs\u00fcbersicht<\/strong><a href=\"https:\/\/bsmedien.musin.de\/medienberufe\/kurse\/analyse-von-werbemitteln\/\"><\/a><\/p>\n<p>&nbsp;<\/p>\n<p><a href=\"https:\/\/bsmedien.musin.de\/medienberufe\/kurse\/analyse-von-werbemitteln\/\">Analyse von Werbemitteln *<\/a><br \/><a href=\"https:\/\/bsmedien.musin.de\/medienberufe\/kurse\/brandmanagement\">Brandmanagement *<\/a><br \/><a href=\"https:\/\/bsmedien.musin.de\/medienberufe\/kurse\/content-marketing\/\">Content Marketing *<\/a><br \/><a href=\"https:\/\/bsmedien.musin.de\/medienberufe\/kurse\/desktop-publishing-mit-indesign\/\">Desktop-Publishing mit InDesign<\/a><br \/><a href=\"https:\/\/bsmedien.musin.de\/medienberufe\/kurse\/digitale-bildbearbeitung-fuer-anfaenger\/\">Digitale Bildbearbeitung f\u00fcr Anf\u00e4nger<\/a><br \/><a href=\"https:\/\/bsmedien.musin.de\/medienberufe\/kurse\/digitale-fotografie\/\">Digitale Fotografie<\/a><br \/><a href=\"https:\/\/bsmedien.musin.de\/medienberufe\/kurse\/english-skills-practice\/\">English Skills Practice<\/a><br \/><a href=\"https:\/\/bsmedien.musin.de\/medienberufe\/kurse\/entspannungstechniken\/\">Entspannungstechniken<\/a><br \/><a href=\"https:\/\/bsmedien.musin.de\/medienberufe\/kurse\/existenzgruendung-business-plan\/\">Existenzgr\u00fcndung \/ Businessplan<\/a><br \/><a href=\"https:\/\/bsmedien.musin.de\/medienberufe\/kurse\/eventmanagement\/\">Eventmanagement<\/a><br \/><a href=\"https:\/\/bsmedien.musin.de\/medienberufe\/kurse\/influencermarketing\/\">Influencermarketing<\/a><br \/><a href=\"https:\/\/bsmedien.musin.de\/medienberufe\/?page_id=2711&amp;preview=true\">Interkulturelle Kommunikation*<\/a><br \/><a href=\"https:\/\/bsmedien.musin.de\/medienberufe\/kurse\/internationale-literatur-1\/\">Internationale Literatur 1 *<\/a><br \/><a href=\"https:\/\/bsmedien.musin.de\/medienberufe\/kurse\/internationale-literatur-2\/\">Internationale Literatur 2 *<\/a><br \/><a href=\"https:\/\/bsmedien.musin.de\/medienberufe\/kurse\/klima-management-communication\/\">Klima: Management &amp; Communication*<\/a><br \/><a href=\"https:\/\/bsmedien.musin.de\/medienberufe\/kurse\/kommunikationskompetenz\/\"><\/a><a href=\"https:\/\/bsmedien.musin.de\/medienberufe\/kurse\/kommunikationskompetenz\/\">Kommunikationskompetenz *<\/a><br \/><a href=\"https:\/\/bsmedien.musin.de\/medienberufe\/kurse\/kreativitaetstechniken\/\">Kreativit\u00e4tstechniken *<\/a><br \/><a href=\"https:\/\/bsmedien.musin.de\/medienberufe\/kurse\/literatur-1\/\">Literatur 1 *<\/a><br \/><a href=\"https:\/\/bsmedien.musin.de\/medienberufe\/kurse\/literatur-fuer-bibliothekare-2\/\">Literatur 2 *<\/a><br \/><a href=\"https:\/\/bsmedien.musin.de\/medienberufe\/kurse\/literatur-fuer-bibliothekare-3\/\">Literatur 3 *<\/a><br \/><a href=\"https:\/\/bsmedien.musin.de\/medienberufe\/kurse\/medienethik\/\">Medienethik<\/a><br \/><a href=\"https:\/\/bsmedien.musin.de\/medienberufe\/kurse\/projekt-promis-glauben\/\">Projektmanagement &#8211; Projekt PromisGlauben<\/a><br \/><a href=\"https:\/\/bsmedien.musin.de\/medienberufe\/kurse\/musikgeschichte\/\">Musikgeschichte *<\/a><br \/><a href=\"https:\/\/bsmedien.musin.de\/medienberufe\/kurse\/religion\/\">Religion<\/a><br \/><a href=\"https:\/\/bsmedien.musin.de\/medienberufe\/kurse\/rhetoriktraining\/\">Rhetoriktraining *<\/a><br \/><a href=\"https:\/\/bsmedien.musin.de\/medienberufe\/kurse\/social-media-marketing\/\">Social Media Marketing<\/a><br \/><a href=\"https:\/\/bsmedien.musin.de\/medienberufe\/kurse\/spanisch\/\">Spanisch<\/a><br \/><a href=\"https:\/\/bsmedien.musin.de\/medienberufe\/kurse\/stressmanagement\/\">Stressmanagement *<\/a><br \/><a href=\"https:\/\/bsmedien.musin.de\/medienberufe\/kurse\/art-of-museum\/\">The Art of Museum<\/a><br \/><a href=\"https:\/\/bsmedien.musin.de\/medienberufe\/kurse\/werbepsychologie\/\">Werbepsychologie<\/a><\/p>\n<p><a href=\"https:\/\/bsmedien.musin.de\/medienberufe\/kurse\/werbepsychologie\/\"><\/a><o:p><\/o:p><\/p>\n<p><a href=\"https:\/\/bsmedien.musin.de\/medienberufe\/kurse\/werbepsychologie\/\"><\/a><\/p>\n<p>*deutschrelevant<\/p>\n<p>[\/et_pb_text][\/et_pb_column][\/et_pb_row][\/et_pb_section]<\/p>\n","protected":false},"excerpt":{"rendered":"<p>Interkulturelle Kommunikation Wir alle sind verschieden und das ist gro\u00dfartig! deutschrelevant &nbsp; Voraussetzungen: Interesse an der Auseinandersetzung mit dem Eigenen und Fremden &nbsp; Lernzielkontrolle: 1 Schulaufgabe2 m\u00fcndliche Noten &nbsp; Kurzbeschreibung: Wir machen Urlaub in fernen L\u00e4ndern, pflegen internationale Gesch\u00e4ftsbeziehungen, befreunden uns mit Menschen vom anderen Ende der Welt, und immer \u00f6fter arbeiten und leben wir [&hellip;]<\/p>\n","protected":false},"author":4,"featured_media":0,"parent":131,"menu_order":0,"comment_status":"closed","ping_status":"closed","template":"","meta":{"_et_pb_use_builder":"on","_et_pb_old_content":"","_et_gb_content_width":"","footnotes":""},"class_list":["post-2711","page","type-page","status-publish","hentry"],"_links":{"self":[{"href":"https:\/\/bsmedien.musin.de\/medienberufe\/wp-json\/wp\/v2\/pages\/2711","targetHints":{"allow":["GET"]}}],"collection":[{"href":"https:\/\/bsmedien.musin.de\/medienberufe\/wp-json\/wp\/v2\/pages"}],"about":[{"href":"https:\/\/bsmedien.musin.de\/medienberufe\/wp-json\/wp\/v2\/types\/page"}],"author":[{"embeddable":true,"href":"https:\/\/bsmedien.musin.de\/medienberufe\/wp-json\/wp\/v2\/users\/4"}],"replies":[{"embeddable":true,"href":"https:\/\/bsmedien.musin.de\/medienberufe\/wp-json\/wp\/v2\/comments?post=2711"}],"version-history":[{"count":7,"href":"https:\/\/bsmedien.musin.de\/medienberufe\/wp-json\/wp\/v2\/pages\/2711\/revisions"}],"predecessor-version":[{"id":3337,"href":"https:\/\/bsmedien.musin.de\/medienberufe\/wp-json\/wp\/v2\/pages\/2711\/revisions\/3337"}],"up":[{"embeddable":true,"href":"https:\/\/bsmedien.musin.de\/medienberufe\/wp-json\/wp\/v2\/pages\/131"}],"wp:attachment":[{"href":"https:\/\/bsmedien.musin.de\/medienberufe\/wp-json\/wp\/v2\/media?parent=2711"}],"curies":[{"name":"wp","href":"https:\/\/api.w.org\/{rel}","templated":true}]}}