{"id":231,"date":"2019-10-07T12:42:52","date_gmt":"2019-10-07T10:42:52","guid":{"rendered":"https:\/\/bsmedien.musin.de\/medienberufe\/?page_id=231"},"modified":"2023-07-06T17:22:23","modified_gmt":"2023-07-06T15:22:23","slug":"partner","status":"publish","type":"page","link":"https:\/\/bsmedien.musin.de\/medienberufe\/partner\/","title":{"rendered":"Partner"},"content":{"rendered":"<p>[et_pb_section fb_built=&#8220;1&#8243; _builder_version=&#8220;4.16&#8243; custom_padding=&#8220;35px||||false|false&#8220; global_colors_info=&#8220;{}&#8220;][et_pb_row _builder_version=&#8220;4.16&#8243; global_colors_info=&#8220;{}&#8220;][et_pb_column type=&#8220;4_4&#8243; _builder_version=&#8220;4.16&#8243; global_colors_info=&#8220;{}&#8220;][et_pb_text _builder_version=&#8220;4.16&#8243; global_colors_info=&#8220;{}&#8220;]<\/p>\n<h2>Partner<\/h2>\n<p>&nbsp;<\/p>\n<p><strong>Ausbildung<\/strong><\/p>\n<p><a href=\"https:\/\/www.ihk-muenchen.de\/de\/\" target=\"_blank\" rel=\"noopener\">IHK M\u00fcnchen und Oberbayern<\/a><\/p>\n<p><a href=\"https:\/\/www.bihk.de\/bihk\/bihk\/ueber-den-bihk\/die-bayerischen-ihks\/index.html\" target=\"_blank\" rel=\"noopener\">Bayerische IHKs<\/a><\/p>\n<p><a href=\"https:\/\/www.bsb-muenchen.de\/kompetenzzentren-und-landesweite-dienste\/ausbildung-fortbildung-jobs\/bibliothekarische-ausbildung\/fami-ausbildung\/\" target=\"_blank\" rel=\"noopener\">Bayerische Staatsbibliothek<\/a><a href=\"https:\/\/www.bsb-muenchen.de\/\" target=\"_blank\" rel=\"noopener\"><\/a><\/p>\n<p><a href=\"https:\/\/www.gda.bayern.de\/ausbildung\/ausbildung-fami\/\" target=\"_blank\" rel=\"noopener\">Generaldirektion der Archive<\/a><a href=\"https:\/\/www.gda.bayern.de\/die-staatlichen-archive-bayerns\/\" target=\"_blank\" rel=\"noopener\"><\/a><\/p>\n<p><a href=\"https:\/\/www.bva.bund.de\/SharedDocs\/Aufgaben\/DE\/Z\/zustaendige-stelle.html\" target=\"_blank\" rel=\"noopener\">Bundesverwaltungsamt<\/a><\/p>\n<p><a href=\"https:\/\/www.boersenverein-bayern.de\/bildung-karriere\/\" target=\"_blank\" rel=\"noopener\">B\u00f6rsenverband des deutschen Buchhandels, Landesverband Bayern<\/a><\/p>\n<p>&nbsp;<\/p>\n<p><strong>Schulische Belange<\/strong><\/p>\n<p><a href=\"https:\/\/www.muenchen.de\/rathaus\/Stadtverwaltung\/Referat-fuer-Bildung-und-Sport.html\" target=\"_blank\" rel=\"noopener\">Referat f\u00fcr Bildung und Sport der LH M\u00fcnchen<\/a><\/p>\n<p><a href=\"https:\/\/www.km.bayern.de\/\" target=\"_blank\" rel=\"noopener\">Bayerisches Staatsministerium f\u00fcr Unterricht und Kultus<\/a><\/p>\n<p><a href=\"https:\/\/www.regierung.oberbayern.bayern.de\/aufgaben\/37202\/40451\/index.html\" target=\"_blank\" rel=\"noopener\">Regierung von Oberbayern<\/a><\/p>\n<p>&nbsp;<\/p>\n<p><strong>Internationalisierung<\/strong><\/p>\n<p><a href=\"https:\/\/www.pi-muenchen.de\/profil\/wir-ueber-uns\/fachbereiche\/fachbereich-internationale-bildungskooperationen\/\" target=\"_blank\" rel=\"noopener\">Internationale Bildungskooperation am P\u00e4dagogischen Institut der LH M\u00fcnchen<\/a><\/p>\n<p><a href=\"https:\/\/www.joachim-herz-stiftung.de\/\" target=\"_blank\" rel=\"noopener\">Joachim Herz Stiftung Hamburg<\/a><\/p>\n<p>&nbsp;<\/p>\n<p><strong>Weitere Partner<\/strong><\/p>\n<p><a href=\"http:\/\/www.bsmedien-foerderverein.de\/\" target=\"_blank\" rel=\"noopener\">F\u00f6rderverein \u201cBerufsschule f\u00fcr Medienberufe e.V.\u201d <\/a><\/p>\n<p><a href=\"https:\/\/www.mediencampus.de\/\" target=\"_blank\" rel=\"noopener\">MedienCampus<\/a><\/p>\n<p><a href=\"https:\/\/www.edu.tum.de\/studium\/fuer-studieninteressierte\/studiengaenge\/lehramt\/lehramt-an-beruflichen-schulen\/\" target=\"_blank\" rel=\"noopener\">TUM (Technische Universit\u00e4t M\u00fcnchen)<\/a><\/p>\n<p><a href=\"https:\/\/www.gda.bayern.de\/ausbildung\/ausbildung-fami\/\" target=\"_blank\" rel=\"noopener\"><\/a><br \/><a href=\"https:\/\/www.bibb.de\/de\/berufeinfo.php\/profile\/apprenticeship\/8234103\" target=\"_blank\" rel=\"noopener\"><\/a><\/p>\n<p>[\/et_pb_text][\/et_pb_column][\/et_pb_row][\/et_pb_section]<\/p>\n","protected":false},"excerpt":{"rendered":"<p>Partner &nbsp; Ausbildung IHK M\u00fcnchen und Oberbayern Bayerische IHKs Bayerische Staatsbibliothek Generaldirektion der Archive Bundesverwaltungsamt B\u00f6rsenverband des deutschen Buchhandels, Landesverband Bayern &nbsp; Schulische Belange Referat f\u00fcr Bildung und Sport der LH M\u00fcnchen Bayerisches Staatsministerium f\u00fcr Unterricht und Kultus Regierung von Oberbayern &nbsp; Internationalisierung Internationale Bildungskooperation am P\u00e4dagogischen Institut der LH M\u00fcnchen Joachim Herz Stiftung Hamburg [&hellip;]<\/p>\n","protected":false},"author":1,"featured_media":0,"parent":0,"menu_order":0,"comment_status":"closed","ping_status":"closed","template":"","meta":{"_et_pb_use_builder":"on","_et_pb_old_content":"","_et_gb_content_width":"","footnotes":""},"class_list":["post-231","page","type-page","status-publish","hentry"],"_links":{"self":[{"href":"https:\/\/bsmedien.musin.de\/medienberufe\/wp-json\/wp\/v2\/pages\/231","targetHints":{"allow":["GET"]}}],"collection":[{"href":"https:\/\/bsmedien.musin.de\/medienberufe\/wp-json\/wp\/v2\/pages"}],"about":[{"href":"https:\/\/bsmedien.musin.de\/medienberufe\/wp-json\/wp\/v2\/types\/page"}],"author":[{"embeddable":true,"href":"https:\/\/bsmedien.musin.de\/medienberufe\/wp-json\/wp\/v2\/users\/1"}],"replies":[{"embeddable":true,"href":"https:\/\/bsmedien.musin.de\/medienberufe\/wp-json\/wp\/v2\/comments?post=231"}],"version-history":[{"count":10,"href":"https:\/\/bsmedien.musin.de\/medienberufe\/wp-json\/wp\/v2\/pages\/231\/revisions"}],"predecessor-version":[{"id":3009,"href":"https:\/\/bsmedien.musin.de\/medienberufe\/wp-json\/wp\/v2\/pages\/231\/revisions\/3009"}],"wp:attachment":[{"href":"https:\/\/bsmedien.musin.de\/medienberufe\/wp-json\/wp\/v2\/media?parent=231"}],"curies":[{"name":"wp","href":"https:\/\/api.w.org\/{rel}","templated":true}]}}