{"id":2230,"date":"2021-09-13T09:53:27","date_gmt":"2021-09-13T07:53:27","guid":{"rendered":"https:\/\/bsmedien.musin.de\/medienberufe\/?page_id=2230"},"modified":"2025-09-17T17:02:05","modified_gmt":"2025-09-17T15:02:05","slug":"klima-management-communication","status":"publish","type":"page","link":"https:\/\/bsmedien.musin.de\/medienberufe\/kurse\/klima-management-communication\/","title":{"rendered":"Klima: Management &#038; Communication"},"content":{"rendered":"<p>[et_pb_section fb_built=&#8220;1&#8243; _builder_version=&#8220;4.16&#8243; custom_padding=&#8220;18px||||false|false&#8220; global_colors_info=&#8220;{}&#8220;][et_pb_row column_structure=&#8220;3_5,2_5&#8243; _builder_version=&#8220;4.16&#8243; custom_padding=&#8220;20px||||false|false&#8220; global_colors_info=&#8220;{}&#8220;][et_pb_column type=&#8220;3_5&#8243; _builder_version=&#8220;4.16&#8243; global_colors_info=&#8220;{}&#8220;][et_pb_text _builder_version=&#8220;4.16&#8243; global_colors_info=&#8220;{}&#8220;]<\/p>\n<h3>Klima: Management &amp; Communication<\/h3>\n<p><strong>Eines der wichtigsten Themen der heutigen Zeit!<br \/><\/strong>deutschrelevant<\/p>\n<p><strong>Voraussetzungen:<\/strong><br \/>keine<\/p>\n<p><strong>Lernzielkontrolle:<\/strong><\/p>\n<ul>\n<li>Erarbeiten und Umsetzen einer Kommunikationsstrategie zu einem Umweltthema<\/li>\n<li>Abfassen eines Expos\u00e9s<\/li>\n<li>Mitarbeit &amp; Engagement<\/li>\n<\/ul>\n<p><strong>Kurzbeschreibung:<\/strong><br \/>&gt; Bereits am 05.Mai 2021 hat Deutschland seine Resourcen f\u00fcr das ganze Jahr 2021 verbraucht.<br \/>&gt; Unser weltweites CO2 Budget langt noch 8 Jahre.<\/p>\n<p>Ausgehend von diesen Fakten besch\u00e4ftigen wir uns mit der Frage wie wir in den Bereichen \u201eAusbildungsbetrieb\u201c, \u201eSchule\u201c &amp; \u201eAlltag\u201c einen Beitrag zum Thema Umweltschutz leisten k\u00f6nnen. Dabei ber\u00fccksichtigen wir folgende Aspekte:<\/p>\n<p>Wir k\u00f6nnen wir Andere \u00fcberzeugen?<br \/>Ist Umweltschutz Verzicht oder Zugewinn?<br \/>Lassen sich leicht verst\u00e4ndliche \u201eBenimmregeln\u201c finden?<\/p>\n<p>Der Kurs wird in Kooperation mit dem \u201eoekom-Verlag\u201c, der seid 2008 nachhhaltig (bzw. emissionskompensierend) publiziert, angeboten.<\/p>\n<p><strong>Lerninhalte:<\/strong><\/p>\n<ul>\n<li>Treibhauseffekt verstehen und erkl\u00e4ren k\u00f6nnen<\/li>\n<li>Planung und Umsetzung einer Kommunikationskampagne<\/li>\n<li>Konzeption und Umsetzung eines EPK (Electronic Press Kit)<\/li>\n<\/ul>\n<p><a href=\"https:\/\/bsmedien.musin.de\/medienberufe\/menschen\/hannes-metz\/\"><\/a><\/p>\n<p>&nbsp;<\/p>\n<p>[\/et_pb_text][\/et_pb_column][et_pb_column type=&#8220;2_5&#8243; _builder_version=&#8220;4.16&#8243; global_colors_info=&#8220;{}&#8220;][et_pb_text _builder_version=&#8220;4.18.0&#8243; global_colors_info=&#8220;{}&#8220;]<\/p>\n<p><strong>Kurs\u00fcbersicht<\/strong><a href=\"https:\/\/bsmedien.musin.de\/medienberufe\/kurse\/analyse-von-werbemitteln\/\"><\/a><\/p>\n<p>&nbsp;<\/p>\n<p><a href=\"https:\/\/bsmedien.musin.de\/medienberufe\/kurse\/analyse-von-werbemitteln\/\">Analyse von Werbemitteln *<\/a><br \/><a href=\"https:\/\/bsmedien.musin.de\/medienberufe\/kurse\/brandmanagement\">Brandmanagement *<\/a><br \/><a href=\"https:\/\/bsmedien.musin.de\/medienberufe\/kurse\/content-marketing\/\">Content Marketing *<\/a><br \/><a href=\"https:\/\/bsmedien.musin.de\/medienberufe\/kurse\/desktop-publishing-mit-indesign\/\">Desktop-Publishing mit InDesign<\/a><br \/><a href=\"https:\/\/bsmedien.musin.de\/medienberufe\/kurse\/digitale-bildbearbeitung-fuer-anfaenger\/\">Digitale Bildbearbeitung f\u00fcr Anf\u00e4nger<\/a><br \/><a href=\"https:\/\/bsmedien.musin.de\/medienberufe\/kurse\/digitale-fotografie\/\">Digitale Fotografie<\/a><br \/><a href=\"https:\/\/bsmedien.musin.de\/medienberufe\/kurse\/english-skills-practice\/\">English Skills Practice<\/a><br \/><a href=\"https:\/\/bsmedien.musin.de\/medienberufe\/kurse\/entspannungstechniken\/\">Entspannungstechniken<\/a><br \/><a href=\"https:\/\/bsmedien.musin.de\/medienberufe\/kurse\/existenzgruendung-business-plan\/\">Existenzgr\u00fcndung \/ Businessplan<\/a><br \/><a href=\"https:\/\/bsmedien.musin.de\/medienberufe\/kurse\/eventmanagement\/\">Eventmanagement<\/a><br \/><a href=\"https:\/\/bsmedien.musin.de\/medienberufe\/kurse\/influencermarketing\/\">Influencermarketing<\/a><br \/><a href=\"https:\/\/bsmedien.musin.de\/medienberufe\/?page_id=2711&amp;preview=true\">Interkulturelle Kommunikation*<\/a><br \/><a href=\"https:\/\/bsmedien.musin.de\/medienberufe\/kurse\/internationale-literatur-1\/\">Internationale Literatur 1 *<\/a><br \/><a href=\"https:\/\/bsmedien.musin.de\/medienberufe\/kurse\/internationale-literatur-2\/\">Internationale Literatur 2 *<\/a><br \/><a href=\"https:\/\/bsmedien.musin.de\/medienberufe\/kurse\/klima-management-communication\/\">Klima: Management &amp; Communication*<\/a><br \/><a href=\"https:\/\/bsmedien.musin.de\/medienberufe\/kurse\/kommunikationskompetenz\/\"><\/a><a href=\"https:\/\/bsmedien.musin.de\/medienberufe\/kurse\/kommunikationskompetenz\/\">Kommunikationskompetenz *<\/a><br \/><a href=\"https:\/\/bsmedien.musin.de\/medienberufe\/kurse\/kreativitaetstechniken\/\">Kreativit\u00e4tstechniken *<\/a><br \/><a href=\"https:\/\/bsmedien.musin.de\/medienberufe\/kurse\/literatur-1\/\">Literatur 1 *<\/a><br \/><a href=\"https:\/\/bsmedien.musin.de\/medienberufe\/kurse\/literatur-fuer-bibliothekare-2\/\">Literatur 2 *<\/a><br \/><a href=\"https:\/\/bsmedien.musin.de\/medienberufe\/kurse\/literatur-fuer-bibliothekare-3\/\">Literatur 3 *<\/a><br \/><a href=\"https:\/\/bsmedien.musin.de\/medienberufe\/kurse\/medienethik\/\">Medienethik<\/a><br \/><a href=\"https:\/\/bsmedien.musin.de\/medienberufe\/kurse\/projekt-promis-glauben\/\">Projektmanagement &#8211; Projekt PromisGlauben<\/a><br \/><a href=\"https:\/\/bsmedien.musin.de\/medienberufe\/kurse\/musikgeschichte\/\">Musikgeschichte *<\/a><br \/><a href=\"https:\/\/bsmedien.musin.de\/medienberufe\/kurse\/religion\/\">Religion<\/a><br \/><a href=\"https:\/\/bsmedien.musin.de\/medienberufe\/kurse\/rhetoriktraining\/\">Rhetoriktraining *<\/a><br \/><a href=\"https:\/\/bsmedien.musin.de\/medienberufe\/kurse\/social-media-marketing\/\">Social Media Marketing<\/a><br \/><a href=\"https:\/\/bsmedien.musin.de\/medienberufe\/kurse\/spanisch\/\">Spanisch<\/a><br \/><a href=\"https:\/\/bsmedien.musin.de\/medienberufe\/kurse\/stressmanagement\/\">Stressmanagement *<\/a><br \/><a href=\"https:\/\/bsmedien.musin.de\/medienberufe\/kurse\/art-of-museum\/\">The Art of Museum<\/a><br \/><a href=\"https:\/\/bsmedien.musin.de\/medienberufe\/kurse\/werbepsychologie\/\">Werbepsychologie<\/a><\/p>\n<p><a href=\"https:\/\/bsmedien.musin.de\/medienberufe\/kurse\/werbepsychologie\/\"><\/a><o:p><\/o:p><\/p>\n<p><a href=\"https:\/\/bsmedien.musin.de\/medienberufe\/kurse\/werbepsychologie\/\"><\/a><\/p>\n<p>*deutschrelevant<\/p>\n<p>[\/et_pb_text][\/et_pb_column][\/et_pb_row][\/et_pb_section]<\/p>\n","protected":false},"excerpt":{"rendered":"<p>Klima: Management &amp; Communication Eines der wichtigsten Themen der heutigen Zeit!deutschrelevant Voraussetzungen:keine Lernzielkontrolle: Erarbeiten und Umsetzen einer Kommunikationsstrategie zu einem Umweltthema Abfassen eines Expos\u00e9s Mitarbeit &amp; Engagement Kurzbeschreibung:&gt; Bereits am 05.Mai 2021 hat Deutschland seine Resourcen f\u00fcr das ganze Jahr 2021 verbraucht.&gt; Unser weltweites CO2 Budget langt noch 8 Jahre. Ausgehend von diesen Fakten besch\u00e4ftigen [&hellip;]<\/p>\n","protected":false},"author":4,"featured_media":0,"parent":131,"menu_order":0,"comment_status":"closed","ping_status":"closed","template":"","meta":{"_et_pb_use_builder":"on","_et_pb_old_content":"","_et_gb_content_width":"","footnotes":""},"class_list":["post-2230","page","type-page","status-publish","hentry"],"_links":{"self":[{"href":"https:\/\/bsmedien.musin.de\/medienberufe\/wp-json\/wp\/v2\/pages\/2230","targetHints":{"allow":["GET"]}}],"collection":[{"href":"https:\/\/bsmedien.musin.de\/medienberufe\/wp-json\/wp\/v2\/pages"}],"about":[{"href":"https:\/\/bsmedien.musin.de\/medienberufe\/wp-json\/wp\/v2\/types\/page"}],"author":[{"embeddable":true,"href":"https:\/\/bsmedien.musin.de\/medienberufe\/wp-json\/wp\/v2\/users\/4"}],"replies":[{"embeddable":true,"href":"https:\/\/bsmedien.musin.de\/medienberufe\/wp-json\/wp\/v2\/comments?post=2230"}],"version-history":[{"count":12,"href":"https:\/\/bsmedien.musin.de\/medienberufe\/wp-json\/wp\/v2\/pages\/2230\/revisions"}],"predecessor-version":[{"id":3340,"href":"https:\/\/bsmedien.musin.de\/medienberufe\/wp-json\/wp\/v2\/pages\/2230\/revisions\/3340"}],"up":[{"embeddable":true,"href":"https:\/\/bsmedien.musin.de\/medienberufe\/wp-json\/wp\/v2\/pages\/131"}],"wp:attachment":[{"href":"https:\/\/bsmedien.musin.de\/medienberufe\/wp-json\/wp\/v2\/media?parent=2230"}],"curies":[{"name":"wp","href":"https:\/\/api.w.org\/{rel}","templated":true}]}}