{"id":21,"date":"2019-09-26T17:15:23","date_gmt":"2019-09-26T15:15:23","guid":{"rendered":"https:\/\/bsmedien.musin.de\/medienberufe\/?page_id=21"},"modified":"2025-11-18T09:25:02","modified_gmt":"2025-11-18T08:25:02","slug":"schule","status":"publish","type":"page","link":"https:\/\/bsmedien.musin.de\/medienberufe\/","title":{"rendered":"Schule"},"content":{"rendered":"<p>[et_pb_section fb_built=&#8220;1&#8243; fullwidth=&#8220;on&#8220; _builder_version=&#8220;4.16&#8243; global_colors_info=&#8220;{}&#8220;][et_pb_fullwidth_image src=&#8220;https:\/\/bsmedien.musin.de\/medienberufe\/wp-content\/uploads\/2019\/09\/berufsschule-medienberufe-muenchen-3.jpg&#8220; _builder_version=&#8220;4.16&#8243; global_colors_info=&#8220;{}&#8220;][\/et_pb_fullwidth_image][\/et_pb_section][et_pb_section fb_built=&#8220;1&#8243; _builder_version=&#8220;4.16&#8243; custom_padding=&#8220;10px||10px||false|false&#8220; global_colors_info=&#8220;{}&#8220;][et_pb_row _builder_version=&#8220;4.16&#8243; custom_padding=&#8220;||0px||false|false&#8220; global_colors_info=&#8220;{}&#8220;][et_pb_column type=&#8220;4_4&#8243; _builder_version=&#8220;4.16&#8243; global_colors_info=&#8220;{}&#8220;][et_pb_text _builder_version=&#8220;4.27.0&#8243; custom_margin=&#8220;||||false|false&#8220; custom_padding=&#8220;||||false|false&#8220; global_colors_info=&#8220;{}&#8220;]<\/p>\n<div class=\"et_pb_module et_pb_text et_pb_text_0 et_pb_bg_layout_light et_pb_text_align_left\">\n<div class=\"et_pb_text_inner\">\n<div class=\"entry-content\">\n<h3><strong>Herzlich willkommen!!<\/strong><\/h3>\n<p>Die St\u00e4dtische Berufsschule f\u00fcr Medienberufe ist der duale Partner von knapp 600 Ausbildungsbetrieben in den <a href=\"https:\/\/bsmedien.musin.de\/medienberufe\/berufe\/\">kaufm\u00e4nnischen Medienberufen, sowie der Veranstaltungstechnik<\/a>.<\/p>\n<p>Auf unserer Homepage erhalten Sie alle wichtigen Informationen \u00fcber die Schule, die Berufe, Termine und vieles mehr. Nicht zuletzt pr\u00e4sentieren wir Ihnen unsere <a href=\"https:\/\/bsmedien.musin.de\/medienberufe\/kurse\/\">Kurse<\/a> und weiterreichende <a href=\"https:\/\/bsmedien.musin.de\/medienberufe\/angebote\/\">Angebote<\/a>, die Ihnen zeigen sollen, welches fachliche und kreative Spektrum in unseren Berufen steckt.<\/p>\n<\/div>\n<\/div>\n<\/div>\n<p>[\/et_pb_text][\/et_pb_column][\/et_pb_row][\/et_pb_section][et_pb_section fb_built=&#8220;1&#8243; _builder_version=&#8220;4.16&#8243; custom_padding=&#8220;5px||5px||false|false&#8220; global_colors_info=&#8220;{}&#8220;][et_pb_row _builder_version=&#8220;4.16&#8243; global_colors_info=&#8220;{}&#8220;][et_pb_column type=&#8220;4_4&#8243; _builder_version=&#8220;4.16&#8243; global_colors_info=&#8220;{}&#8220;][et_pb_blog fullwidth=&#8220;off&#8220; posts_number=&#8220;3&#8243; show_more=&#8220;on&#8220; show_author=&#8220;off&#8220; _builder_version=&#8220;4.16&#8243; global_colors_info=&#8220;{}&#8220;][\/et_pb_blog][\/et_pb_column][\/et_pb_row][et_pb_row column_structure=&#8220;1_3,1_3,1_3&#8243; _builder_version=&#8220;4.16&#8243; custom_padding=&#8220;5px||||false|false&#8220; global_colors_info=&#8220;{}&#8220;][et_pb_column type=&#8220;1_3&#8243; _builder_version=&#8220;4.16&#8243; global_colors_info=&#8220;{}&#8220;][et_pb_cta title=&#8220;Termine&#8220; button_url=&#8220;https:\/\/bsmedien.musin.de\/medienberufe\/termine\/&#8220; button_text=&#8220;Infos&#8220; _builder_version=&#8220;4.16&#8243; background_image=&#8220;https:\/\/bsmedien.musin.de\/medienberufe\/wp-content\/uploads\/2019\/09\/berufsschule-medienberufe-muenchen-5.jpg&#8220; custom_button=&#8220;on&#8220; button_text_color=&#8220;#e09900&#8243; global_colors_info=&#8220;{}&#8220;][\/et_pb_cta][\/et_pb_column][et_pb_column type=&#8220;1_3&#8243; _builder_version=&#8220;4.16&#8243; global_colors_info=&#8220;{}&#8220;][et_pb_cta title=&#8220;Unser Kursangebot&#8220; button_url=&#8220;https:\/\/bsmedien.musin.de\/medienberufe\/kurse&#8220; button_text=&#8220;Infos&#8220; _builder_version=&#8220;4.16&#8243; background_image=&#8220;https:\/\/bsmedien.musin.de\/medienberufe\/wp-content\/uploads\/2019\/09\/berufsschule-medienberufe-muenchen-2.jpg&#8220; custom_button=&#8220;on&#8220; button_text_color=&#8220;#e09900&#8243; global_colors_info=&#8220;{}&#8220;][\/et_pb_cta][\/et_pb_column][et_pb_column type=&#8220;1_3&#8243; _builder_version=&#8220;4.16&#8243; global_colors_info=&#8220;{}&#8220;][et_pb_cta title=&#8220;Beratung&#8220; button_url=&#8220;https:\/\/bsmedien.musin.de\/medienberufe\/schulberatung\/&#8220; button_text=&#8220;Infos&#8220; _builder_version=&#8220;4.16&#8243; background_image=&#8220;https:\/\/bsmedien.musin.de\/medienberufe\/wp-content\/uploads\/2019\/09\/berufsschule-medienberufe-muenchen-6.jpg&#8220; custom_button=&#8220;on&#8220; button_text_color=&#8220;#e09900&#8243; global_colors_info=&#8220;{}&#8220;][\/et_pb_cta][\/et_pb_column][\/et_pb_row][\/et_pb_section]<\/p>\n","protected":false},"excerpt":{"rendered":"<p>Herzlich willkommen!! Die St\u00e4dtische Berufsschule f\u00fcr Medienberufe ist der duale Partner von knapp 600 Ausbildungsbetrieben in den kaufm\u00e4nnischen Medienberufen, sowie der Veranstaltungstechnik. Auf unserer Homepage erhalten Sie alle wichtigen Informationen \u00fcber die Schule, die Berufe, Termine und vieles mehr. Nicht zuletzt pr\u00e4sentieren wir Ihnen unsere Kurse und weiterreichende Angebote, die Ihnen zeigen sollen, welches fachliche [&hellip;]<\/p>\n","protected":false},"author":1,"featured_media":24,"parent":0,"menu_order":0,"comment_status":"closed","ping_status":"closed","template":"","meta":{"_et_pb_use_builder":"on","_et_pb_old_content":"","_et_gb_content_width":"","footnotes":""},"class_list":["post-21","page","type-page","status-publish","has-post-thumbnail","hentry"],"_links":{"self":[{"href":"https:\/\/bsmedien.musin.de\/medienberufe\/wp-json\/wp\/v2\/pages\/21","targetHints":{"allow":["GET"]}}],"collection":[{"href":"https:\/\/bsmedien.musin.de\/medienberufe\/wp-json\/wp\/v2\/pages"}],"about":[{"href":"https:\/\/bsmedien.musin.de\/medienberufe\/wp-json\/wp\/v2\/types\/page"}],"author":[{"embeddable":true,"href":"https:\/\/bsmedien.musin.de\/medienberufe\/wp-json\/wp\/v2\/users\/1"}],"replies":[{"embeddable":true,"href":"https:\/\/bsmedien.musin.de\/medienberufe\/wp-json\/wp\/v2\/comments?post=21"}],"version-history":[{"count":34,"href":"https:\/\/bsmedien.musin.de\/medienberufe\/wp-json\/wp\/v2\/pages\/21\/revisions"}],"predecessor-version":[{"id":3364,"href":"https:\/\/bsmedien.musin.de\/medienberufe\/wp-json\/wp\/v2\/pages\/21\/revisions\/3364"}],"wp:featuredmedia":[{"embeddable":true,"href":"https:\/\/bsmedien.musin.de\/medienberufe\/wp-json\/wp\/v2\/media\/24"}],"wp:attachment":[{"href":"https:\/\/bsmedien.musin.de\/medienberufe\/wp-json\/wp\/v2\/media?parent=21"}],"curies":[{"name":"wp","href":"https:\/\/api.w.org\/{rel}","templated":true}]}}