{"id":2076,"date":"2021-07-30T15:30:25","date_gmt":"2021-07-30T13:30:25","guid":{"rendered":"https:\/\/bsmedien.musin.de\/medienberufe\/?page_id=2076"},"modified":"2025-09-17T16:54:54","modified_gmt":"2025-09-17T14:54:54","slug":"english-skills-practice","status":"publish","type":"page","link":"https:\/\/bsmedien.musin.de\/medienberufe\/kurse\/english-skills-practice\/","title":{"rendered":"English Skills Practice"},"content":{"rendered":"<p>[et_pb_section fb_built=&#8220;1&#8243; _builder_version=&#8220;4.16&#8243; custom_padding=&#8220;35px||||false|false&#8220; global_colors_info=&#8220;{}&#8220;][et_pb_row column_structure=&#8220;1_2,1_2&#8243; use_custom_gutter=&#8220;on&#8220; gutter_width=&#8220;4&#8243; _builder_version=&#8220;4.16&#8243; custom_margin=&#8220;||||false|false&#8220; custom_padding=&#8220;20px||||false|false&#8220; global_colors_info=&#8220;{}&#8220;][et_pb_column type=&#8220;1_2&#8243; _builder_version=&#8220;4.16&#8243; global_colors_info=&#8220;{}&#8220;][et_pb_text _builder_version=&#8220;4.16&#8243; global_colors_info=&#8220;{}&#8220;]<\/p>\n<h1>English Skills Practice<\/h1>\n<p><strong>Vorbereitung Zertifikatspr\u00fcfung Englisch<\/strong><strong><br \/><\/strong><\/p>\n<p><strong><\/strong><\/p>\n<p><strong>Voraussetzungen:<\/strong><\/p>\n<p>Freude an der englischen Sprache.<\/p>\n<p>Interesse daran, die Zertifikatspr\u00fcfung Englisch abzulegen.<\/p>\n<p><strong>Lernzielkontrolle:<\/strong><br \/>1 Schulaufgabe<br \/>2 m\u00fcndliche Noten<\/p>\n<p><strong>Kurzbeschreibung:<br \/><\/strong><br \/>M\u00f6chten Sie ein Zertifikat erwerben, mit dem Sie nachweisen k\u00f6nnen, dass Sie Englisch im Bereich Medien anwenden k\u00f6nnen?<\/p>\n<p>Das KMK-Fremdsprachenzertifikat pr\u00fcft und bescheinigt berufsbezogene Fremdsprachenkenntnisse f\u00fcr verschiedene Berufsbereiche mittels einer zentral ge\u00adstellten und damit jeweils einheitlichen Pr\u00fcfung.<\/p>\n<p>Die Pr\u00fcfungen finden einmal im Jahr im Fr\u00fchjahr statt. Die Teilnahme daran ist freiwillig und nicht verpflichtend f\u00fcr die Kursteilnehmer.<\/p>\n<p>In diesem Kurs werden Sie sowohl auf die schriftliche, als auch auf die m\u00fcndliche Pr\u00fcfung vorbereitet. Zudem vertiefen Sie Ihre kommunikative Kompetenz.<\/p>\n<p><strong>Lerninhalte:<\/strong><\/p>\n<p>Die behandelten Themen basieren zum einen auf Beispielen aus Zertifikatspr\u00fcfungen, zum anderen werden wir verschiedene kommunikative \u00dcbungen zur St\u00e4rkung Ihrer kommunikativen Kompetenz durchf\u00fchren. Ein weiterer Fokus liegt auf dem Thema \u201eIntercultural Competence\u201c.<\/p>\n<p>Die folgenden vier Kompetenzbereiche sind Grundlage der Zertifikatspr\u00fcfung und werden damit vertieft behandelt:<\/p>\n<ul>\n<li>Reception: M\u00fcndliche und schriftliche Informationen m\u00fcssen erfasst und verarbeitet werden.<\/li>\n<li>Production: Eine Situation erfordert die Erstellung eines geschriebenen Textes.<br \/>Inhalt und Form m\u00fcssen dem Niveau angemessen sein.<\/li>\n<\/ul>\n<ul>\n<li>Mediation: Eine Situation erfordert die Vermittlung zwischen Englisch und Deutsch.<br \/>Inhalte m\u00fcssen sinngem\u00e4\u00df in die jeweils andere Sprache \u00fcbertragen werden.<\/li>\n<\/ul>\n<ul>\n<li>Interaction: Eine berufliche Gespr\u00e4chssituation muss auf Englisch gemeistert werden.<\/li>\n<\/ul>\n<p><a href=\"https:\/\/bsmedien.musin.de\/medienberufe\/menschen\/petra-schlaeger\/\"><\/a><br \/><a href=\"https:\/\/bsmedien.musin.de\/medienberufe\/menschen\/roger-geretshuber\/\"><\/a><\/p>\n<p>[\/et_pb_text][\/et_pb_column][et_pb_column type=&#8220;1_2&#8243; _builder_version=&#8220;4.16&#8243; global_colors_info=&#8220;{}&#8220;][et_pb_text _builder_version=&#8220;4.18.0&#8243; width=&#8220;85.3%&#8220; global_colors_info=&#8220;{}&#8220;]<\/p>\n<p><strong>Kurs\u00fcbersicht<\/strong><a href=\"https:\/\/bsmedien.musin.de\/medienberufe\/kurse\/analyse-von-werbemitteln\/\"><\/a><\/p>\n<p>&nbsp;<\/p>\n<p><a href=\"https:\/\/bsmedien.musin.de\/medienberufe\/kurse\/analyse-von-werbemitteln\/\">Analyse von Werbemitteln *<\/a><br \/><a href=\"https:\/\/bsmedien.musin.de\/medienberufe\/kurse\/brandmanagement\">Brandmanagement *<\/a><br \/><a href=\"https:\/\/bsmedien.musin.de\/medienberufe\/kurse\/content-marketing\/\">Content Marketing *<\/a><br \/><a href=\"https:\/\/bsmedien.musin.de\/medienberufe\/kurse\/desktop-publishing-mit-indesign\/\">Desktop-Publishing mit InDesign<\/a><br \/><a href=\"https:\/\/bsmedien.musin.de\/medienberufe\/kurse\/digitale-bildbearbeitung-fuer-anfaenger\/\">Digitale Bildbearbeitung f\u00fcr Anf\u00e4nger<\/a><br \/><a href=\"https:\/\/bsmedien.musin.de\/medienberufe\/kurse\/digitale-fotografie\/\">Digitale Fotografie<\/a><br \/><a href=\"https:\/\/bsmedien.musin.de\/medienberufe\/kurse\/english-skills-practice\/\">English Skills Practice<\/a><br \/><a href=\"https:\/\/bsmedien.musin.de\/medienberufe\/kurse\/entspannungstechniken\/\">Entspannungstechniken<\/a><br \/><a href=\"https:\/\/bsmedien.musin.de\/medienberufe\/kurse\/existenzgruendung-business-plan\/\">Existenzgr\u00fcndung \/ Businessplan<\/a><br \/><a href=\"https:\/\/bsmedien.musin.de\/medienberufe\/kurse\/eventmanagement\/\">Eventmanagement<\/a><br \/><a href=\"https:\/\/bsmedien.musin.de\/medienberufe\/kurse\/influencermarketing\/\">Influencermarketing<\/a><br \/><a href=\"https:\/\/bsmedien.musin.de\/medienberufe\/?page_id=2711&amp;preview=true\">Interkulturelle Kommunikation*<\/a><br \/><a href=\"https:\/\/bsmedien.musin.de\/medienberufe\/kurse\/internationale-literatur-1\/\">Internationale Literatur 1 *<\/a><br \/><a href=\"https:\/\/bsmedien.musin.de\/medienberufe\/kurse\/internationale-literatur-2\/\">Internationale Literatur 2 *<\/a><br \/><a href=\"https:\/\/bsmedien.musin.de\/medienberufe\/kurse\/klima-management-communication\/\">Klima: Management &amp; Communication*<\/a><br \/><a href=\"https:\/\/bsmedien.musin.de\/medienberufe\/kurse\/kommunikationskompetenz\/\"><\/a><a href=\"https:\/\/bsmedien.musin.de\/medienberufe\/kurse\/kommunikationskompetenz\/\">Kommunikationskompetenz *<\/a><br \/><a href=\"https:\/\/bsmedien.musin.de\/medienberufe\/kurse\/kreativitaetstechniken\/\">Kreativit\u00e4tstechniken *<\/a><br \/><a href=\"https:\/\/bsmedien.musin.de\/medienberufe\/kurse\/literatur-1\/\">Literatur 1 *<\/a><br \/><a href=\"https:\/\/bsmedien.musin.de\/medienberufe\/kurse\/literatur-fuer-bibliothekare-2\/\">Literatur 2 *<\/a><br \/><a href=\"https:\/\/bsmedien.musin.de\/medienberufe\/kurse\/literatur-fuer-bibliothekare-3\/\">Literatur 3 *<\/a><br \/><a href=\"https:\/\/bsmedien.musin.de\/medienberufe\/kurse\/medienethik\/\">Medienethik<\/a><br \/><a href=\"https:\/\/bsmedien.musin.de\/medienberufe\/kurse\/projekt-promis-glauben\/\">Projektmanagement &#8211; Projekt PromisGlauben<\/a><br \/><a href=\"https:\/\/bsmedien.musin.de\/medienberufe\/kurse\/musikgeschichte\/\">Musikgeschichte *<\/a><br \/><a href=\"https:\/\/bsmedien.musin.de\/medienberufe\/kurse\/religion\/\">Religion<\/a><br \/><a href=\"https:\/\/bsmedien.musin.de\/medienberufe\/kurse\/rhetoriktraining\/\">Rhetoriktraining *<\/a><br \/><a href=\"https:\/\/bsmedien.musin.de\/medienberufe\/kurse\/social-media-marketing\/\">Social Media Marketing<\/a><br \/><a href=\"https:\/\/bsmedien.musin.de\/medienberufe\/kurse\/spanisch\/\">Spanisch<\/a><br \/><a href=\"https:\/\/bsmedien.musin.de\/medienberufe\/kurse\/stressmanagement\/\">Stressmanagement *<\/a><br \/><a href=\"https:\/\/bsmedien.musin.de\/medienberufe\/kurse\/art-of-museum\/\">The Art of Museum<\/a><br \/><a href=\"https:\/\/bsmedien.musin.de\/medienberufe\/kurse\/werbepsychologie\/\">Werbepsychologie<\/a><\/p>\n<p><a href=\"https:\/\/bsmedien.musin.de\/medienberufe\/kurse\/werbepsychologie\/\"><\/a><o:p><\/o:p><\/p>\n<p><a href=\"https:\/\/bsmedien.musin.de\/medienberufe\/kurse\/werbepsychologie\/\"><\/a><\/p>\n<p>*deutschrelevant<\/p>\n<p>[\/et_pb_text][\/et_pb_column][\/et_pb_row][\/et_pb_section]<\/p>\n","protected":false},"excerpt":{"rendered":"<p>English Skills Practice Vorbereitung Zertifikatspr\u00fcfung Englisch Voraussetzungen: Freude an der englischen Sprache. Interesse daran, die Zertifikatspr\u00fcfung Englisch abzulegen. Lernzielkontrolle:1 Schulaufgabe2 m\u00fcndliche Noten Kurzbeschreibung:M\u00f6chten Sie ein Zertifikat erwerben, mit dem Sie nachweisen k\u00f6nnen, dass Sie Englisch im Bereich Medien anwenden k\u00f6nnen? Das KMK-Fremdsprachenzertifikat pr\u00fcft und bescheinigt berufsbezogene Fremdsprachenkenntnisse f\u00fcr verschiedene Berufsbereiche mittels einer zentral ge\u00adstellten und [&hellip;]<\/p>\n","protected":false},"author":4,"featured_media":0,"parent":131,"menu_order":0,"comment_status":"closed","ping_status":"closed","template":"","meta":{"_et_pb_use_builder":"on","_et_pb_old_content":"","_et_gb_content_width":"","footnotes":""},"class_list":["post-2076","page","type-page","status-publish","hentry"],"_links":{"self":[{"href":"https:\/\/bsmedien.musin.de\/medienberufe\/wp-json\/wp\/v2\/pages\/2076","targetHints":{"allow":["GET"]}}],"collection":[{"href":"https:\/\/bsmedien.musin.de\/medienberufe\/wp-json\/wp\/v2\/pages"}],"about":[{"href":"https:\/\/bsmedien.musin.de\/medienberufe\/wp-json\/wp\/v2\/types\/page"}],"author":[{"embeddable":true,"href":"https:\/\/bsmedien.musin.de\/medienberufe\/wp-json\/wp\/v2\/users\/4"}],"replies":[{"embeddable":true,"href":"https:\/\/bsmedien.musin.de\/medienberufe\/wp-json\/wp\/v2\/comments?post=2076"}],"version-history":[{"count":14,"href":"https:\/\/bsmedien.musin.de\/medienberufe\/wp-json\/wp\/v2\/pages\/2076\/revisions"}],"predecessor-version":[{"id":3331,"href":"https:\/\/bsmedien.musin.de\/medienberufe\/wp-json\/wp\/v2\/pages\/2076\/revisions\/3331"}],"up":[{"embeddable":true,"href":"https:\/\/bsmedien.musin.de\/medienberufe\/wp-json\/wp\/v2\/pages\/131"}],"wp:attachment":[{"href":"https:\/\/bsmedien.musin.de\/medienberufe\/wp-json\/wp\/v2\/media?parent=2076"}],"curies":[{"name":"wp","href":"https:\/\/api.w.org\/{rel}","templated":true}]}}