{"id":198,"date":"2019-10-07T12:12:34","date_gmt":"2019-10-07T10:12:34","guid":{"rendered":"https:\/\/bsmedien.musin.de\/medienberufe\/?page_id=198"},"modified":"2025-12-17T12:04:53","modified_gmt":"2025-12-17T11:04:53","slug":"menschen","status":"publish","type":"page","link":"https:\/\/bsmedien.musin.de\/medienberufe\/menschen\/","title":{"rendered":"Menschen"},"content":{"rendered":"<p>[et_pb_section fb_built=&#8220;1&#8243; _builder_version=&#8220;4.16&#8243; global_colors_info=&#8220;{}&#8220;][et_pb_row column_structure=&#8220;1_2,1_2&#8243; _builder_version=&#8220;4.16&#8243; global_colors_info=&#8220;{}&#8220;][et_pb_column type=&#8220;1_2&#8243; _builder_version=&#8220;4.16&#8243; global_colors_info=&#8220;{}&#8220;][\/et_pb_column][et_pb_column type=&#8220;1_2&#8243; _builder_version=&#8220;4.16&#8243; global_colors_info=&#8220;{}&#8220;][\/et_pb_column][\/et_pb_row][et_pb_row column_structure=&#8220;1_2,1_2&#8243; _builder_version=&#8220;4.16&#8243; global_colors_info=&#8220;{}&#8220;][et_pb_column type=&#8220;1_2&#8243; _builder_version=&#8220;4.16&#8243; global_colors_info=&#8220;{}&#8220;][et_pb_text _builder_version=&#8220;4.27.4&#8243; custom_margin=&#8220;|-696px||||&#8220; global_colors_info=&#8220;{}&#8220;]<\/p>\n<h2>Schulleitung<\/h2>\n<p>&nbsp;<\/p>\n<p>OStDin Dr. Sabine Gillitzer<\/p>\n<p><strong>Schulleiterin<\/strong><\/p>\n<p>Zimmer-Nr.: 4.1.04 in der Riesstra\u00dfe 25<br \/>Telefon: 089 233 85610<\/p>\n<p><a href=\"mailto:sabine.gillitzer@bsmedien.muenchen.musin.de\">sabine.gillitzer@muenchen.de<\/a><\/p>\n<p>[\/et_pb_text][\/et_pb_column][et_pb_column type=&#8220;1_2&#8243; _builder_version=&#8220;4.27.4&#8243; _module_preset=&#8220;default&#8220; global_colors_info=&#8220;{}&#8220;][et_pb_text _builder_version=&#8220;4.27.4&#8243; global_colors_info=&#8220;{}&#8220;]<\/p>\n<h2><\/h2>\n<p>&nbsp;<\/p>\n<p>StDin Christina Riesner<\/p>\n<p><strong>Stellvertretende Schulleiterin<\/strong><\/p>\n<p>Zimmer-Nr.: 4.1.05 in der Riesstra\u00dfe 25<br \/>Telefon: 089 233 85611<\/p>\n<p><a href=\"mailto:ch.riesner@muenchen.de\">ch.riesner@muenchen.de<\/a><\/p>\n<p>[\/et_pb_text][et_pb_blurb title=&#8220;  &#8220; _builder_version=&#8220;4.27.4&#8243; _module_preset=&#8220;default&#8220; global_colors_info=&#8220;{}&#8220;]<\/p>\n<p>&nbsp;<\/p>\n<p>&nbsp;<\/p>\n<p>[\/et_pb_blurb][\/et_pb_column][\/et_pb_row][et_pb_row _builder_version=&#8220;4.16&#8243; min_height=&#8220;65.6px&#8220; custom_margin=&#8220;|auto|-52px|auto||&#8220; global_colors_info=&#8220;{}&#8220;][et_pb_column type=&#8220;4_4&#8243; _builder_version=&#8220;4.16&#8243; global_colors_info=&#8220;{}&#8220;][et_pb_text _builder_version=&#8220;4.27.4&#8243; _module_preset=&#8220;default&#8220; hover_enabled=&#8220;0&#8243; global_colors_info=&#8220;{}&#8220; sticky_enabled=&#8220;0&#8243;]<\/p>\n<h2>Sekretariat<\/h2>\n<p>&nbsp;<\/p>\n<p>Die Kontaktinformationen zu unserem Sekretariat finden Sie <a href=\"https:\/\/bsmedien.musin.de\/medienberufe\/kontakt\/\" target=\"_blank\" rel=\"noopener\" title=\"Kontaktdaten Sekretariat\">hier<\/a>.<\/p>\n<p>&nbsp;<\/p>\n<h2>Kollegium<\/h2>\n<p>&nbsp;<\/p>\n<p>Bedauerlicherweise k\u00f6nnen wir Ihnen\u00a0aus Datenschutzgr\u00fcnden nicht mehr die gewohnten Informationen zu den Kollegiumsmitgliedern zur Verf\u00fcgung stellen. Wir bitten um Ihr Verst\u00e4ndnis.<\/p>\n<p>[\/et_pb_text][\/et_pb_column][\/et_pb_row][\/et_pb_section]<\/p>\n","protected":false},"excerpt":{"rendered":"<p>Schulleitung &nbsp; OStDin Dr. Sabine Gillitzer Schulleiterin Zimmer-Nr.: 4.1.04 in der Riesstra\u00dfe 25Telefon: 089 233 85610 sabine.gillitzer@muenchen.de &nbsp; StDin Christina Riesner Stellvertretende Schulleiterin Zimmer-Nr.: 4.1.05 in der Riesstra\u00dfe 25Telefon: 089 233 85611 ch.riesner@muenchen.de&nbsp; &nbsp;Sekretariat &nbsp; Die Kontaktinformationen zu unserem Sekretariat finden Sie hier. &nbsp; Kollegium &nbsp; Bedauerlicherweise k\u00f6nnen wir Ihnen\u00a0aus Datenschutzgr\u00fcnden nicht mehr die gewohnten [&hellip;]<\/p>\n","protected":false},"author":1,"featured_media":0,"parent":0,"menu_order":0,"comment_status":"closed","ping_status":"closed","template":"","meta":{"_et_pb_use_builder":"on","_et_pb_old_content":"","_et_gb_content_width":"","footnotes":""},"class_list":["post-198","page","type-page","status-publish","hentry"],"_links":{"self":[{"href":"https:\/\/bsmedien.musin.de\/medienberufe\/wp-json\/wp\/v2\/pages\/198","targetHints":{"allow":["GET"]}}],"collection":[{"href":"https:\/\/bsmedien.musin.de\/medienberufe\/wp-json\/wp\/v2\/pages"}],"about":[{"href":"https:\/\/bsmedien.musin.de\/medienberufe\/wp-json\/wp\/v2\/types\/page"}],"author":[{"embeddable":true,"href":"https:\/\/bsmedien.musin.de\/medienberufe\/wp-json\/wp\/v2\/users\/1"}],"replies":[{"embeddable":true,"href":"https:\/\/bsmedien.musin.de\/medienberufe\/wp-json\/wp\/v2\/comments?post=198"}],"version-history":[{"count":85,"href":"https:\/\/bsmedien.musin.de\/medienberufe\/wp-json\/wp\/v2\/pages\/198\/revisions"}],"predecessor-version":[{"id":3402,"href":"https:\/\/bsmedien.musin.de\/medienberufe\/wp-json\/wp\/v2\/pages\/198\/revisions\/3402"}],"wp:attachment":[{"href":"https:\/\/bsmedien.musin.de\/medienberufe\/wp-json\/wp\/v2\/media?parent=198"}],"curies":[{"name":"wp","href":"https:\/\/api.w.org\/{rel}","templated":true}]}}