{"id":195,"date":"2019-10-07T12:06:09","date_gmt":"2019-10-07T10:06:09","guid":{"rendered":"https:\/\/bsmedien.musin.de\/medienberufe\/?page_id=195"},"modified":"2020-09-10T16:11:59","modified_gmt":"2020-09-10T14:11:59","slug":"campus","status":"publish","type":"page","link":"https:\/\/bsmedien.musin.de\/medienberufe\/campus\/","title":{"rendered":"Campus"},"content":{"rendered":"<p>[et_pb_section fb_built=&#8220;1&#8243; fullwidth=&#8220;on&#8220; _builder_version=&#8220;3.29.3&#8243;][et_pb_fullwidth_image src=&#8220;https:\/\/bsmedien.musin.de\/medienberufe\/wp-content\/uploads\/2019\/10\/berufsschule-medienberufe-muenchen-10.jpg&#8220; _builder_version=&#8220;4.6.1&#8243; hover_enabled=&#8220;0&#8243; src_last_edited=&#8220;on|phone&#8220; sticky_enabled=&#8220;0&#8243;][\/et_pb_fullwidth_image][\/et_pb_section][et_pb_section fb_built=&#8220;1&#8243; _builder_version=&#8220;3.29.3&#8243; custom_padding=&#8220;10px||35px||false|false&#8220;][et_pb_row _builder_version=&#8220;3.29.3&#8243;][et_pb_column type=&#8220;4_4&#8243; _builder_version=&#8220;3.29.3&#8243;][et_pb_text _builder_version=&#8220;4.6.1&#8243; hover_enabled=&#8220;0&#8243; sticky_enabled=&#8220;0&#8243;]<\/p>\n<h2>Campus<\/h2>\n<p><strong>\u00a0\u201eDie Riesstra\u00dfe\u201c &#8211; Ein einzigartiger Lernort<\/strong><\/p>\n<p>\u201eDie Riesstra\u00dfe\u201c &#8211; Damit ist in der Landeshauptstadt M\u00fcnchen das Berufliche Schulzentrum an der Riesstra\u00dfe 32-40 gemeint. Die St\u00e4dt. Berufsschule f\u00fcr Medienberufe ist eine von f\u00fcnf Berufsschulen an diesem Schulzentrum. Das gesamte Geb\u00e4ude wurde 2008 fertiggestellt und z\u00e4hlt zu den sch\u00f6nsten Schulstandorten in M\u00fcnchen. Die offene Architektur mit viel Glas und die technische Ausstattung bieten einzigartige Lernm\u00f6glichkeiten.<\/p>\n<p>Von insgesamt ca. 6.600 eingeschriebenen Sch\u00fclerinnen und Sch\u00fclern in allen f\u00fcnf Schulen werden t\u00e4glich ca. 2.200 an diesem Standort unterrichtet. Davon sind in jeder Blockphase in unserer Schule ca. 450 Sch\u00fclerinnen und Sch\u00fcler anwesend.<\/p>\n<p>Die Unterrichtsr\u00e4ume befinden sich im Geb\u00e4udeteil 5. Die Abteilung Veranstaltungstechnik beherbergt zus\u00e4tzliche Fachr\u00e4ume (Studios und B\u00fchne) im Haus 1 und Haus 6 (Gro\u00dfe Aula \/ <a href=\"https:\/\/bsmedien.musin.de\/medienberufe\/mensa\/\">Kantine<\/a>).<\/p>\n<p>Das Berufsschulzentrum verf\u00fcgt \u00fcber eine ausgezeichnete Sportanlage (Dreifach- und Einfachsporthalle) mit gut ausgestatteten Kraftr\u00e4umen, die das Sportangebot (Pflichtfach Sport) f\u00fcr alle Sch\u00fclerinnen und Sch\u00fcler attraktiv machen.<\/p>\n<p>Selbstverst\u00e4ndlich ist der Campus barrierefrei (Aufzug, WC f\u00fcr Menschen mit Behinderung).<\/p>\n<p>[\/et_pb_text][\/et_pb_column][\/et_pb_row][\/et_pb_section]<\/p>\n","protected":false},"excerpt":{"rendered":"<p>Campus \u00a0\u201eDie Riesstra\u00dfe\u201c &#8211; Ein einzigartiger Lernort \u201eDie Riesstra\u00dfe\u201c &#8211; Damit ist in der Landeshauptstadt M\u00fcnchen das Berufliche Schulzentrum an der Riesstra\u00dfe 32-40 gemeint. Die St\u00e4dt. Berufsschule f\u00fcr Medienberufe ist eine von f\u00fcnf Berufsschulen an diesem Schulzentrum. Das gesamte Geb\u00e4ude wurde 2008 fertiggestellt und z\u00e4hlt zu den sch\u00f6nsten Schulstandorten in M\u00fcnchen. Die offene Architektur mit [&hellip;]<\/p>\n","protected":false},"author":1,"featured_media":0,"parent":0,"menu_order":0,"comment_status":"closed","ping_status":"closed","template":"","meta":{"_et_pb_use_builder":"on","_et_pb_old_content":"","_et_gb_content_width":"","footnotes":""},"class_list":["post-195","page","type-page","status-publish","hentry"],"_links":{"self":[{"href":"https:\/\/bsmedien.musin.de\/medienberufe\/wp-json\/wp\/v2\/pages\/195","targetHints":{"allow":["GET"]}}],"collection":[{"href":"https:\/\/bsmedien.musin.de\/medienberufe\/wp-json\/wp\/v2\/pages"}],"about":[{"href":"https:\/\/bsmedien.musin.de\/medienberufe\/wp-json\/wp\/v2\/types\/page"}],"author":[{"embeddable":true,"href":"https:\/\/bsmedien.musin.de\/medienberufe\/wp-json\/wp\/v2\/users\/1"}],"replies":[{"embeddable":true,"href":"https:\/\/bsmedien.musin.de\/medienberufe\/wp-json\/wp\/v2\/comments?post=195"}],"version-history":[{"count":10,"href":"https:\/\/bsmedien.musin.de\/medienberufe\/wp-json\/wp\/v2\/pages\/195\/revisions"}],"predecessor-version":[{"id":1734,"href":"https:\/\/bsmedien.musin.de\/medienberufe\/wp-json\/wp\/v2\/pages\/195\/revisions\/1734"}],"wp:attachment":[{"href":"https:\/\/bsmedien.musin.de\/medienberufe\/wp-json\/wp\/v2\/media?parent=195"}],"curies":[{"name":"wp","href":"https:\/\/api.w.org\/{rel}","templated":true}]}}