{"id":169,"date":"2019-10-07T11:27:14","date_gmt":"2019-10-07T09:27:14","guid":{"rendered":"https:\/\/bsmedien.musin.de\/medienberufe\/?page_id=169"},"modified":"2022-09-07T09:50:29","modified_gmt":"2022-09-07T07:50:29","slug":"mensa","status":"publish","type":"page","link":"https:\/\/bsmedien.musin.de\/medienberufe\/mensa\/","title":{"rendered":"Mensa"},"content":{"rendered":"<p>[et_pb_section fb_built=&#8220;1&#8243; _builder_version=&#8220;4.16&#8243; global_colors_info=&#8220;{}&#8220;][et_pb_row _builder_version=&#8220;4.16&#8243; global_colors_info=&#8220;{}&#8220;][et_pb_column type=&#8220;4_4&#8243; _builder_version=&#8220;4.16&#8243; global_colors_info=&#8220;{}&#8220;][et_pb_text _builder_version=&#8220;4.16&#8243; global_colors_info=&#8220;{}&#8220;]<\/p>\n<h2><\/h2>\n<h2>Schulmensa<\/h2>\n<p>Auf unserem Campus gibt es nat\u00fcrlich auch ein gro\u00dfes Angebot an frischem und gesundem Essen. Eine umfangreiche Auswahl an Speisen und warmen Mahlzeiten bietet unsere Schulmensa mit gro\u00dfem Sitzbereich drinnen und bei sch\u00f6nem Wetter auch drau\u00dfen. F\u00fcr den schnellen Hunger finden Sie in unserem Nachbargeb\u00e4ude, Haus 4, einen kleinen Kiosk mit belegten Br\u00f6tchen, Snacks und Getr\u00e4nken.<\/p>\n<p><strong>\u00d6ffnungszeiten der Schulmensa:<\/strong><\/p>\n<p>Montag &#8211; Donnerstag: 07:00 Uhr &#8211; 14:00 Uhr<\/p>\n<p>Freitag: 07:00 Uhr &#8211; 11:00 Uhr<\/p>\n<p>&nbsp;<\/p>\n<p><strong>\u00d6ffnungszeiten des Kiosks:<\/strong><\/p>\n<p>\u00a0Der Kiosk bleibt bis auf Weiteres geschlossen.<\/p>\n<p><a href=\"https:\/\/gross-kantine.de\/\" target=\"_blank\" rel=\"noopener\">Hier finden Sie weitere Informationen und die aktuelle Speisekarte &gt;&gt;<\/a><\/p>\n<p>[\/et_pb_text][\/et_pb_column][\/et_pb_row][\/et_pb_section]<\/p>\n","protected":false},"excerpt":{"rendered":"<p>Schulmensa Auf unserem Campus gibt es nat\u00fcrlich auch ein gro\u00dfes Angebot an frischem und gesundem Essen. Eine umfangreiche Auswahl an Speisen und warmen Mahlzeiten bietet unsere Schulmensa mit gro\u00dfem Sitzbereich drinnen und bei sch\u00f6nem Wetter auch drau\u00dfen. F\u00fcr den schnellen Hunger finden Sie in unserem Nachbargeb\u00e4ude, Haus 4, einen kleinen Kiosk mit belegten Br\u00f6tchen, Snacks [&hellip;]<\/p>\n","protected":false},"author":1,"featured_media":0,"parent":0,"menu_order":0,"comment_status":"closed","ping_status":"closed","template":"","meta":{"_et_pb_use_builder":"on","_et_pb_old_content":"","_et_gb_content_width":"","footnotes":""},"class_list":["post-169","page","type-page","status-publish","hentry"],"_links":{"self":[{"href":"https:\/\/bsmedien.musin.de\/medienberufe\/wp-json\/wp\/v2\/pages\/169","targetHints":{"allow":["GET"]}}],"collection":[{"href":"https:\/\/bsmedien.musin.de\/medienberufe\/wp-json\/wp\/v2\/pages"}],"about":[{"href":"https:\/\/bsmedien.musin.de\/medienberufe\/wp-json\/wp\/v2\/types\/page"}],"author":[{"embeddable":true,"href":"https:\/\/bsmedien.musin.de\/medienberufe\/wp-json\/wp\/v2\/users\/1"}],"replies":[{"embeddable":true,"href":"https:\/\/bsmedien.musin.de\/medienberufe\/wp-json\/wp\/v2\/comments?post=169"}],"version-history":[{"count":4,"href":"https:\/\/bsmedien.musin.de\/medienberufe\/wp-json\/wp\/v2\/pages\/169\/revisions"}],"predecessor-version":[{"id":2685,"href":"https:\/\/bsmedien.musin.de\/medienberufe\/wp-json\/wp\/v2\/pages\/169\/revisions\/2685"}],"wp:attachment":[{"href":"https:\/\/bsmedien.musin.de\/medienberufe\/wp-json\/wp\/v2\/media?parent=169"}],"curies":[{"name":"wp","href":"https:\/\/api.w.org\/{rel}","templated":true}]}}