{"id":115,"date":"2019-10-04T15:33:16","date_gmt":"2019-10-04T13:33:16","guid":{"rendered":"https:\/\/bsmedien.musin.de\/medienberufe\/?page_id=115"},"modified":"2026-04-02T11:47:25","modified_gmt":"2026-04-02T09:47:25","slug":"blockplaene","status":"publish","type":"page","link":"https:\/\/bsmedien.musin.de\/medienberufe\/blockplaene\/","title":{"rendered":"Blockpl\u00e4ne"},"content":{"rendered":"<p>[et_pb_section fb_built=&#8220;1&#8243; _builder_version=&#8220;4.19.5&#8243; global_colors_info=&#8220;{}&#8220;][et_pb_row _builder_version=&#8220;4.16&#8243; custom_padding=&#8220;0px|||||&#8220; global_colors_info=&#8220;{}&#8220;][et_pb_column type=&#8220;4_4&#8243; _builder_version=&#8220;4.16&#8243; global_colors_info=&#8220;{}&#8220;][et_pb_text _builder_version=&#8220;4.27.5&#8243; hover_enabled=&#8220;0&#8243; global_colors_info=&#8220;{}&#8220; sticky_enabled=&#8220;0&#8243;]<\/p>\n<h1>Blockpl\u00e4ne Schuljahr 2026\/27<\/h1>\n<p>&nbsp;<\/p>\n<p><strong>Blockplan f\u00fcr die Veranstaltungstechnik<br \/><\/strong><a href=\"https:\/\/bsmedien.musin.de\/medienberufe\/wp-content\/uploads\/2026\/04\/Blockplan_VT_2026-27-1.pdf\" rel=\"attachment wp-att-1497\">Fachkr\u00e4fte f\u00fcr Veranstaltungstechnik<\/a><\/p>\n<p><strong>Blockpl\u00e4ne f\u00fcr die kaufm\u00e4nnischen Berufe<br \/><\/strong><a href=\"https:\/\/bsmedien.musin.de\/medienberufe\/wp-content\/uploads\/2026\/04\/Blockplan-BH-26_27.pdf\" rel=\"attachment wp-att-1494\">Buchh\u00e4ndler\/in<\/a><br \/><a href=\"https:\/\/bsmedien.musin.de\/medienberufe\/wp-content\/uploads\/2026\/04\/Blockplan-MI-26_27.pdf\" rel=\"attachment wp-att-1494\">Fachangestellte\/r f\u00fcr Medien- und Informationsdienste<\/a><br \/><a href=\"https:\/\/bsmedien.musin.de\/medienberufe\/wp-content\/uploads\/2019\/10\/Blockplan_19-20_AV_ME.pdf\"><\/a><a href=\"https:\/\/bsmedien.musin.de\/medienberufe\/https:\/\/bsmedien.musin.de\/medienberufe\/wp-content\/uploads\/2026\/04\/Blockplan-AV-26_27.pdf\" rel=\"attachment wp-att-1495\">Kauffrau\/mann f\u00fcr audiovisuelle Medien<\/a><br \/><a href=\"https:\/\/bsmedien.musin.de\/medienberufe\/wp-content\/uploads\/2019\/10\/Blockplan_19-20_MK.pdf\"><\/a><a href=\"https:\/\/bsmedien.musin.de\/medienberufe\/wp-content\/uploads\/2026\/04\/Blockplan-MK-26_27.pdf\" rel=\"attachment wp-att-1496\">Kaufmann\/frau f\u00fcr Marketingkommunikation<\/a><a href=\"https:\/\/bsmedien.musin.de\/medienberufe\/wp-content\/uploads\/2019\/10\/Blockplan_19-20_MK.pdf\"><\/a><br \/><a href=\"https:\/\/bsmedien.musin.de\/medienberufe\/wp-content\/uploads\/2026\/04\/Blockplan-ME-26_27.pdf\" rel=\"attachment wp-att-1495\">Medienkauffrau\/mann Digital und Print<\/a><a href=\"https:\/\/bsmedien.musin.de\/medienberufe\/wp-content\/uploads\/2019\/10\/Blockplan_19-20_AV_ME.pdf\"><\/a><\/p>\n<p>[\/et_pb_text][et_pb_text _builder_version=&#8220;4.27.4&#8243; global_colors_info=&#8220;{}&#8220;]<\/p>\n<h1>Blockpl\u00e4ne Schuljahr 2025\/26<\/h1>\n<p>&nbsp;<\/p>\n<p><strong>Blockplan f\u00fcr die Veranstaltungstechnik<br \/><\/strong><a href=\"https:\/\/bsmedien.musin.de\/medienberufe\/wp-content\/uploads\/2025\/09\/Blockplan_VT_2025-26-1.pdf\" rel=\"attachment wp-att-1497\">Fachkr\u00e4fte f\u00fcr Veranstaltungstechnik<\/a><\/p>\n<p><strong>Blockpl\u00e4ne f\u00fcr die kaufm\u00e4nnischen Berufe<br \/><\/strong><a href=\"https:\/\/bsmedien.musin.de\/medienberufe\/wp-content\/uploads\/2025\/03\/Blockplan-BH-2025_26.pdf\">Buchh\u00e4ndler\/in<\/a><br \/><a href=\"https:\/\/bsmedien.musin.de\/medienberufe\/wp-content\/uploads\/2025\/05\/Blockplan-MI-2025_26.pdf\" rel=\"attachment wp-att-1494\">Fachangestellte\/r f\u00fcr Medien- und Informationsdienste<\/a><br \/><a href=\"https:\/\/bsmedien.musin.de\/medienberufe\/wp-content\/uploads\/2019\/10\/Blockplan_19-20_AV_ME.pdf\"><\/a><a href=\"https:\/\/bsmedien.musin.de\/medienberufe\/wp-content\/uploads\/2025\/03\/Blockplan-2025_26-AV.pdf\" rel=\"attachment wp-att-1495\">Kauffrau\/mann f\u00fcr audiovisuelle Medien<\/a><br \/><a href=\"https:\/\/bsmedien.musin.de\/medienberufe\/wp-content\/uploads\/2019\/10\/Blockplan_19-20_MK.pdf\"><\/a><a href=\"https:\/\/bsmedien.musin.de\/medienberufe\/wp-content\/uploads\/2025\/05\/Blockplan-25-26-MKneu.pdf\">Kaufmann\/frau f\u00fcr Marketingkommunikation<\/a><br \/><a href=\"https:\/\/bsmedien.musin.de\/medienberufe\/wp-content\/uploads\/2025\/03\/Blockplan-2025_26-ME.pdf\">Medienkauffrau\/mann Digital und Print<\/a><\/p>\n<p>&nbsp;<\/p>\n<p>[\/et_pb_text][\/et_pb_column][\/et_pb_row][et_pb_row _builder_version=&#8220;4.16&#8243; custom_padding=&#8220;0px|||||&#8220; global_colors_info=&#8220;{}&#8220;][et_pb_column type=&#8220;4_4&#8243; _builder_version=&#8220;4.16&#8243; global_colors_info=&#8220;{}&#8220;][\/et_pb_column][\/et_pb_row][\/et_pb_section]<\/p>\n","protected":false},"excerpt":{"rendered":"<p>Blockpl\u00e4ne Schuljahr 2026\/27 &nbsp; Blockplan f\u00fcr die VeranstaltungstechnikFachkr\u00e4fte f\u00fcr Veranstaltungstechnik Blockpl\u00e4ne f\u00fcr die kaufm\u00e4nnischen BerufeBuchh\u00e4ndler\/inFachangestellte\/r f\u00fcr Medien- und InformationsdiensteKauffrau\/mann f\u00fcr audiovisuelle MedienKaufmann\/frau f\u00fcr MarketingkommunikationMedienkauffrau\/mann Digital und PrintBlockpl\u00e4ne Schuljahr 2025\/26 &nbsp; Blockplan f\u00fcr die VeranstaltungstechnikFachkr\u00e4fte f\u00fcr Veranstaltungstechnik Blockpl\u00e4ne f\u00fcr die kaufm\u00e4nnischen BerufeBuchh\u00e4ndler\/inFachangestellte\/r f\u00fcr Medien- und InformationsdiensteKauffrau\/mann f\u00fcr audiovisuelle MedienKaufmann\/frau f\u00fcr MarketingkommunikationMedienkauffrau\/mann Digital und Print &nbsp;<\/p>\n","protected":false},"author":1,"featured_media":0,"parent":0,"menu_order":0,"comment_status":"closed","ping_status":"closed","template":"","meta":{"_et_pb_use_builder":"on","_et_pb_old_content":"","_et_gb_content_width":"","footnotes":""},"class_list":["post-115","page","type-page","status-publish","hentry"],"_links":{"self":[{"href":"https:\/\/bsmedien.musin.de\/medienberufe\/wp-json\/wp\/v2\/pages\/115","targetHints":{"allow":["GET"]}}],"collection":[{"href":"https:\/\/bsmedien.musin.de\/medienberufe\/wp-json\/wp\/v2\/pages"}],"about":[{"href":"https:\/\/bsmedien.musin.de\/medienberufe\/wp-json\/wp\/v2\/types\/page"}],"author":[{"embeddable":true,"href":"https:\/\/bsmedien.musin.de\/medienberufe\/wp-json\/wp\/v2\/users\/1"}],"replies":[{"embeddable":true,"href":"https:\/\/bsmedien.musin.de\/medienberufe\/wp-json\/wp\/v2\/comments?post=115"}],"version-history":[{"count":56,"href":"https:\/\/bsmedien.musin.de\/medienberufe\/wp-json\/wp\/v2\/pages\/115\/revisions"}],"predecessor-version":[{"id":3443,"href":"https:\/\/bsmedien.musin.de\/medienberufe\/wp-json\/wp\/v2\/pages\/115\/revisions\/3443"}],"wp:attachment":[{"href":"https:\/\/bsmedien.musin.de\/medienberufe\/wp-json\/wp\/v2\/media?parent=115"}],"curies":[{"name":"wp","href":"https:\/\/api.w.org\/{rel}","templated":true}]}}